{"id":20683,"date":"2024-11-06T16:52:39","date_gmt":"2024-11-06T15:52:39","guid":{"rendered":"https:\/\/riding.zandona.net\/shop\/non class\u00e9\/carbon-air-workout-rear\/"},"modified":"2024-11-07T12:05:59","modified_gmt":"2024-11-07T11:05:59","slug":"carbon-air-workout-rear","status":"publish","type":"product","link":"https:\/\/riding.zandona.net\/fr\/shop\/cheval\/protections-pour-les-chevaux\/travail-a-plat-paddock\/carbon-air-workout-rear\/","title":{"rendered":"CARBON AIR WORKOUT Rear"},"content":{"rendered":"<p>Les gu\u00eatres \u00ab CARBON AIR WORKOUT Rear \u00bb sont des gu\u00eatres confortables et l\u00e9g\u00e8res pour le travail \u00e0 plat, d\u00e9velopp\u00e9es pour mieux prot\u00e9ger le boulet des chocs et d\u00e9fendre une partie du tibia des pattes avant en apportant un soutien aux fetlock. <\/p>\n<p>CARACT\u00c9RISTIQUES PRINCIPALES :<\/p>\n<p>&#8211; Coque anatomique et ergonomique ;<br \/>\n&#8211; Doublure en n\u00e9opr\u00e8ne ;<br \/>\n&#8211; Enti\u00e8rement respirantes ;<br \/>\n&#8211; Inserts en fibre de carbone pour une protection suppl\u00e9mentaire;<br \/>\n&#8211; Rembourrage en Gel-Tech;<br \/>\n&#8211; Fermeture assur\u00e9e par un double strap ;<br \/>\n&#8211; Produit 100% italien.<\/p>\n","protected":false},"excerpt":{"rendered":"<p>Prot\u00e8ge-boulets<\/p>\n","protected":false},"featured_media":10473,"comment_status":"open","ping_status":"open","template":"","meta":[],"product_brand":[],"product_cat":[3642,3646,3738],"product_tag":[],"class_list":{"0":"post-20683","1":"product","2":"type-product","3":"status-publish","4":"has-post-thumbnail","6":"product_cat-cheval","7":"product_cat-protections-pour-les-chevaux","8":"product_cat-travail-a-plat-paddock","9":"pa_codice-intrastat-42010000-fr","10":"pa_disciplina-utilizzo-courses","11":"pa_disciplina-utilizzo-dressage-fr","12":"pa_disciplina-utilizzo-paddock-fr","13":"pa_disciplina-utilizzo-travail-a-plat","14":"pa_disciplina-utilizzo-trekking-fr","15":"pa_giro-nodello-da-31-a-32-cm-fr","16":"pa_giro-nodello-da-33-a-34-cm-fr","17":"pa_giro-nodello-da-35-a-37-cm-fr","19":"first","20":"instock","21":"taxable","22":"shipping-taxable","23":"purchasable","24":"product-type-variable"},"_links":{"self":[{"href":"https:\/\/riding.zandona.net\/fr\/wp-json\/wp\/v2\/product\/20683","targetHints":{"allow":["GET"]}}],"collection":[{"href":"https:\/\/riding.zandona.net\/fr\/wp-json\/wp\/v2\/product"}],"about":[{"href":"https:\/\/riding.zandona.net\/fr\/wp-json\/wp\/v2\/types\/product"}],"replies":[{"embeddable":true,"href":"https:\/\/riding.zandona.net\/fr\/wp-json\/wp\/v2\/comments?post=20683"}],"wp:featuredmedia":[{"embeddable":true,"href":"https:\/\/riding.zandona.net\/fr\/wp-json\/wp\/v2\/media\/10473"}],"wp:attachment":[{"href":"https:\/\/riding.zandona.net\/fr\/wp-json\/wp\/v2\/media?parent=20683"}],"wp:term":[{"taxonomy":"product_brand","embeddable":true,"href":"https:\/\/riding.zandona.net\/fr\/wp-json\/wp\/v2\/product_brand?post=20683"},{"taxonomy":"product_cat","embeddable":true,"href":"https:\/\/riding.zandona.net\/fr\/wp-json\/wp\/v2\/product_cat?post=20683"},{"taxonomy":"product_tag","embeddable":true,"href":"https:\/\/riding.zandona.net\/fr\/wp-json\/wp\/v2\/product_tag?post=20683"}],"curies":[{"name":"wp","href":"https:\/\/api.w.org\/{rel}","templated":true}]}}