{"id":20693,"date":"2024-11-06T16:52:51","date_gmt":"2024-11-06T15:52:51","guid":{"rendered":"https:\/\/riding.zandona.net\/shop\/non class\u00e9\/carbon-air-heel\/"},"modified":"2024-11-07T12:06:17","modified_gmt":"2024-11-07T11:06:17","slug":"carbon-air-heel","status":"publish","type":"product","link":"https:\/\/riding.zandona.net\/fr\/shop\/cheval\/protections-pour-les-chevaux\/cloches-fr\/saut-dobstacles\/carbon-air-heel\/","title":{"rendered":"CARBON AIR Heel"},"content":{"rendered":"<p>Les cloches \u00ab CARBON AIR HEEL \u00bb, d\u00e9velopp\u00e9es pour prot\u00e9ger le cheval de sport dans tout type de discipline, et con\u00e7ues pour d\u00e9fendre le glome du cheval contre d&#8217;\u00e9ventuels chocs et\/ou frottements.<\/p>\n<p>Un collier en fausse fourrure douce a \u00e9t\u00e9 ajout\u00e9 au bord sup\u00e9rieur pour optimiser le confort.<\/p>\n<p>Poids moyen de chaque cloche : 225g<\/p>\n<p>CARACT\u00c9RISTIQUES PRINCIPALES :<\/p>\n<p>&#8211; Inserts en fibre de carbone pour une protection suppl\u00e9mentaire;<br \/>\n&#8211; Coque anatomique en TPU avec \u00e9paisseur diff\u00e9renci\u00e9e ;<br \/>\n&#8211; Rembourrage en Gel-Tech pour l&#8217;absorption des chocs ;<br \/>\n&#8211; Prises d&#8217;air pour une ventilation suppl\u00e9mentaire;<br \/>\n&#8211; N\u00e9opr\u00e8ne perfor\u00e9 pour la respirabilit\u00e9;<br \/>\n&#8211; Flex-Zone pour une libert\u00e9 de mouvement totale ;<br \/>\n&#8211; Fermeture garantie par des sangles \u00e9lastiques avec embout \u00e0 d\u00e9crochage rapide ;<br \/>\n&#8211; Produit 100% italien.<\/p>\n","protected":false},"excerpt":{"rendered":"<p>Cloches<\/p>\n","protected":false},"featured_media":10491,"comment_status":"open","ping_status":"closed","template":"","meta":[],"product_brand":[],"product_cat":[3642,3708,3546,3646,3550,3679],"product_tag":[],"class_list":{"0":"post-20693","1":"product","2":"type-product","3":"status-publish","4":"has-post-thumbnail","6":"product_cat-cheval","7":"product_cat-cloches-fr","8":"product_cat-meilleures-ventes","9":"product_cat-protections-pour-les-chevaux","10":"product_cat-recommande","11":"product_cat-saut-dobstacles","12":"pa_circonferenza-pastorale-da-35-a-35-cm-fr","13":"pa_circonferenza-pastorale-da-41-a-41-cm-fr","14":"pa_codice-intrastat-42010000-fr","15":"pa_disciplina-utilizzo-courses","16":"pa_disciplina-utilizzo-saut-dobstacles","17":"pa_disciplina-utilizzo-trekking-fr","18":"pa_giro-corona-da-35-a-40-cm-fr","19":"pa_giro-corona-da-41-a-46-cm-fr","21":"first","22":"instock","23":"taxable","24":"shipping-taxable","25":"purchasable","26":"product-type-variable"},"_links":{"self":[{"href":"https:\/\/riding.zandona.net\/fr\/wp-json\/wp\/v2\/product\/20693","targetHints":{"allow":["GET"]}}],"collection":[{"href":"https:\/\/riding.zandona.net\/fr\/wp-json\/wp\/v2\/product"}],"about":[{"href":"https:\/\/riding.zandona.net\/fr\/wp-json\/wp\/v2\/types\/product"}],"replies":[{"embeddable":true,"href":"https:\/\/riding.zandona.net\/fr\/wp-json\/wp\/v2\/comments?post=20693"}],"wp:featuredmedia":[{"embeddable":true,"href":"https:\/\/riding.zandona.net\/fr\/wp-json\/wp\/v2\/media\/10491"}],"wp:attachment":[{"href":"https:\/\/riding.zandona.net\/fr\/wp-json\/wp\/v2\/media?parent=20693"}],"wp:term":[{"taxonomy":"product_brand","embeddable":true,"href":"https:\/\/riding.zandona.net\/fr\/wp-json\/wp\/v2\/product_brand?post=20693"},{"taxonomy":"product_cat","embeddable":true,"href":"https:\/\/riding.zandona.net\/fr\/wp-json\/wp\/v2\/product_cat?post=20693"},{"taxonomy":"product_tag","embeddable":true,"href":"https:\/\/riding.zandona.net\/fr\/wp-json\/wp\/v2\/product_tag?post=20693"}],"curies":[{"name":"wp","href":"https:\/\/api.w.org\/{rel}","templated":true}]}}