{"id":20732,"date":"2024-11-06T16:53:40","date_gmt":"2024-11-06T15:53:40","guid":{"rendered":"https:\/\/riding.zandona.net\/shop\/non class\u00e9\/carbon-air-young-competition-ep-fetlock\/"},"modified":"2024-11-07T12:07:32","modified_gmt":"2024-11-07T11:07:32","slug":"carbon-air-young-competition-ep-fetlock","status":"publish","type":"product","link":"https:\/\/riding.zandona.net\/fr\/shop\/sortie\/protections-pour-les-chevaux-fr\/carbon-air-extra-protection-fr\/carbon-air-young-competition-ep-fetlock\/","title":{"rendered":"CARBON AIR YOUNG COMPETITION EP Fetlock"},"content":{"rendered":"<p>Les prot\u00e8ges boulets \u201cCARBON AIR YOUNG COMPETITION EP Fetlock\u201d ont \u00e9t\u00e9 sp\u00e9cialement d\u00e9velopp\u00e9s pour am\u00e9liorer les performances et la protection aux jeunes chevaux de sport.<br \/>\nIls sont \u00e9galement conformes aux r\u00e8gles internationales pour les cat\u00e9gories de saut d&#8217;obstacles \u00ab jeunes chevaux \u00bb.<\/p>\n<p>Ils sont n\u00e9cessaire pour les chevaux qui ont tendance \u00e0 frapper la zone de leur membre oppos\u00e9 en dessous du genou (Tendon) ou pastorale avec leur fer. Cette Protection Suppl\u00e9mentaire est cr\u00e9\u00e9e gr\u00e2ce \u00e0 une extension ergonomique du rembourrage en n\u00e9opr\u00e8ne et est recouverte d&#8217;un fi lm anti-usure au look carbone.<\/p>\n<p>Les \u00e9l\u00e9ments en fibre de carbone sous la coque isolent thermiquement les articulations de la chaleur g\u00e9n\u00e9r\u00e9e par les frottements et augmentent la r\u00e9sistance aux chocs.<br \/>\n CARACT\u00c9RISTIQUES PRINCIPALES:<br \/>\n&#8211; Am\u00e9lioration des performances ;<br \/>\n&#8211; Inserts avant et arri\u00e8re en fibre de carbone pour une protection suppl\u00e9mentaire ;<br \/>\n&#8211; Structure TPU Anatomique avec une \u00e9paisseur diff\u00e9renci\u00e9e ;<br \/>\n&#8211; Rembourrage en Gel-Tech pour une meilleure absorption des chocs ;<br \/>\n&#8211; Prises d&#8217;air pour une Meilleure Ventilation ;<br \/>\n&#8211; N\u00e9opr\u00e8ne perfor\u00e9 afi n d\u2019Am\u00e9liorer la Transpiration ;<br \/>\n&#8211; Flex-Zone pour une totale libert\u00e9 de mouvement ;<br \/>\n&#8211; 100% Made in Italy.<\/p>\n","protected":false},"excerpt":{"rendered":"<p>Prot\u00e8ge-boulets (Performance Boots)<\/p>\n","protected":false},"featured_media":30621,"comment_status":"open","ping_status":"closed","template":"","meta":[],"product_brand":[],"product_cat":[3622,3694,3554],"product_tag":[],"class_list":{"0":"post-20732","1":"product","2":"type-product","3":"status-publish","4":"has-post-thumbnail","6":"product_cat-carbon-air-extra-protection-fr","7":"product_cat-protections-pour-les-chevaux-fr","8":"product_cat-sortie","9":"pa_codice-intrastat-42010000-fr","10":"pa_disciplina-utilizzo-courses","11":"pa_disciplina-utilizzo-saut-dobstacles","12":"pa_disciplina-utilizzo-trekking-fr","13":"pa_giro-nodello-da-28-a-30-cm-fr","14":"pa_giro-nodello-da-31-a-32-cm-fr","15":"pa_giro-nodello-da-33-a-34-cm-fr","16":"pa_giro-nodello-da-35-a-37-cm-fr","18":"first","19":"instock","20":"taxable","21":"shipping-taxable","22":"purchasable","23":"product-type-variable"},"_links":{"self":[{"href":"https:\/\/riding.zandona.net\/fr\/wp-json\/wp\/v2\/product\/20732","targetHints":{"allow":["GET"]}}],"collection":[{"href":"https:\/\/riding.zandona.net\/fr\/wp-json\/wp\/v2\/product"}],"about":[{"href":"https:\/\/riding.zandona.net\/fr\/wp-json\/wp\/v2\/types\/product"}],"replies":[{"embeddable":true,"href":"https:\/\/riding.zandona.net\/fr\/wp-json\/wp\/v2\/comments?post=20732"}],"wp:featuredmedia":[{"embeddable":true,"href":"https:\/\/riding.zandona.net\/fr\/wp-json\/wp\/v2\/media\/30621"}],"wp:attachment":[{"href":"https:\/\/riding.zandona.net\/fr\/wp-json\/wp\/v2\/media?parent=20732"}],"wp:term":[{"taxonomy":"product_brand","embeddable":true,"href":"https:\/\/riding.zandona.net\/fr\/wp-json\/wp\/v2\/product_brand?post=20732"},{"taxonomy":"product_cat","embeddable":true,"href":"https:\/\/riding.zandona.net\/fr\/wp-json\/wp\/v2\/product_cat?post=20732"},{"taxonomy":"product_tag","embeddable":true,"href":"https:\/\/riding.zandona.net\/fr\/wp-json\/wp\/v2\/product_tag?post=20732"}],"curies":[{"name":"wp","href":"https:\/\/api.w.org\/{rel}","templated":true}]}}