{"id":20788,"date":"2024-11-06T16:54:39","date_gmt":"2024-11-06T15:54:39","guid":{"rendered":"https:\/\/riding.zandona.net\/shop\/non class\u00e9\/carbon-air-strap-fetlock\/"},"modified":"2024-11-07T12:08:51","modified_gmt":"2024-11-07T11:08:51","slug":"carbon-air-strap-fetlock","status":"publish","type":"product","link":"https:\/\/riding.zandona.net\/fr\/shop\/sortie\/protections-pour-les-chevaux-fr\/carbon-air-fr\/carbon-air-strap-fetlock\/","title":{"rendered":"CARBON AIR STRAP Fetlock"},"content":{"rendered":"<p>Les prot\u00e8ge-boulets \u00ab CARBON AIR STRAP Fetlock \u00bb ont \u00e9t\u00e9 d\u00e9velopp\u00e9s pour offrir au cheval une protection maximale dans la discipline du saut d&#8217;obstacles. Les \u00e9l\u00e9ments en Fibre de Carbone sous la coque isolent thermiquement les articulations de la chaleur g\u00e9n\u00e9r\u00e9e par les frottements et augmentent la r\u00e9sistance aux chocs. <\/p>\n<p>CARACT\u00c9RISTIQUES PRINCIPALES :<\/p>\n<p>&#8211; Inserts en fibre de carbone pour une protection suppl\u00e9mentaire;<br \/>\n&#8211; Coque anatomique en TPU avec \u00e9paisseur diff\u00e9renci\u00e9e ;<br \/>\n&#8211; Rembourrage en Gel-Tech pour l&#8217;absorption des chocs ;<br \/>\n&#8211; Prises d&#8217;air pour une ventilation suppl\u00e9mentaire;<br \/>\n&#8211; N\u00e9opr\u00e8ne perfor\u00e9 pour la respirabilit\u00e9;<br \/>\n&#8211; Flex-Zone pour une libert\u00e9 de mouvement totale ;<br \/>\n&#8211; Fermeture par des sangles en strap, amovibles avec un syst\u00e8me \u00e0 d\u00e9crochage rapide ;<br \/>\n&#8211; Produit 100% italien.<\/p>\n<p>ATTENTION : CARBON AIR STRAP Fetlock n&#8217;est pas conforme \u00e0 la r\u00e9glementation FEI en mati\u00e8re de saut d&#8217;obstacles. Voir le guide fourni https:\/\/riding.zandona.net\/pub\/media\/pdf\/ZANDONA-HIND-BOOTS_EN.pdf<\/p>\n","protected":false},"excerpt":{"rendered":"<p>Prot\u00e8ge-boulets<\/p>\n","protected":false},"featured_media":33471,"comment_status":"open","ping_status":"closed","template":"","meta":[],"product_brand":[],"product_cat":[3611,3694,3554],"product_tag":[],"class_list":{"0":"post-20788","1":"product","2":"type-product","3":"status-publish","4":"has-post-thumbnail","6":"product_cat-carbon-air-fr","7":"product_cat-protections-pour-les-chevaux-fr","8":"product_cat-sortie","9":"pa_codice-intrastat-42010000-fr","10":"pa_disciplina-utilizzo-courses","11":"pa_disciplina-utilizzo-saut-dobstacles","12":"pa_disciplina-utilizzo-trekking-fr","13":"pa_giro-nodello-da-28-a-30-cm-fr","14":"pa_giro-nodello-da-31-a-32-cm-fr","15":"pa_giro-nodello-da-33-a-34-cm-fr","16":"pa_giro-nodello-da-35-a-37-cm-fr","18":"first","19":"instock","20":"taxable","21":"shipping-taxable","22":"purchasable","23":"product-type-variable"},"_links":{"self":[{"href":"https:\/\/riding.zandona.net\/fr\/wp-json\/wp\/v2\/product\/20788","targetHints":{"allow":["GET"]}}],"collection":[{"href":"https:\/\/riding.zandona.net\/fr\/wp-json\/wp\/v2\/product"}],"about":[{"href":"https:\/\/riding.zandona.net\/fr\/wp-json\/wp\/v2\/types\/product"}],"replies":[{"embeddable":true,"href":"https:\/\/riding.zandona.net\/fr\/wp-json\/wp\/v2\/comments?post=20788"}],"wp:featuredmedia":[{"embeddable":true,"href":"https:\/\/riding.zandona.net\/fr\/wp-json\/wp\/v2\/media\/33471"}],"wp:attachment":[{"href":"https:\/\/riding.zandona.net\/fr\/wp-json\/wp\/v2\/media?parent=20788"}],"wp:term":[{"taxonomy":"product_brand","embeddable":true,"href":"https:\/\/riding.zandona.net\/fr\/wp-json\/wp\/v2\/product_brand?post=20788"},{"taxonomy":"product_cat","embeddable":true,"href":"https:\/\/riding.zandona.net\/fr\/wp-json\/wp\/v2\/product_cat?post=20788"},{"taxonomy":"product_tag","embeddable":true,"href":"https:\/\/riding.zandona.net\/fr\/wp-json\/wp\/v2\/product_tag?post=20788"}],"curies":[{"name":"wp","href":"https:\/\/api.w.org\/{rel}","templated":true}]}}