{"id":20813,"date":"2024-11-06T16:55:06","date_gmt":"2024-11-06T15:55:06","guid":{"rendered":"https:\/\/riding.zandona.net\/shop\/non class\u00e9\/carbon-air-feel-ep-fetlock\/"},"modified":"2024-11-07T12:09:40","modified_gmt":"2024-11-07T11:09:40","slug":"carbon-air-feel-ep-fetlock","status":"publish","type":"product","link":"https:\/\/riding.zandona.net\/fr\/shop\/sortie\/protections-pour-les-chevaux-fr\/carbon-air-extra-protection-fr\/carbon-air-feel-ep-fetlock\/","title":{"rendered":"CARBON AIR FEEL+ EP Fetlock"},"content":{"rendered":"<p>Les prot\u00e8ge-boulets \u201cCARBON AIR FEEL+ EP Fetlock\u201d sont con\u00e7us pour \u00eatre utilis\u00e9s exclusivement en comp\u00e9tition. Offrent une protection suppl\u00e9mentaire n\u00e9cessaire aux chevaux qui ont tendance \u00e0 frapper le paturon du membre oppos\u00e9 avec le fer.Ils sont \u00e9quip\u00e9s d&#8217;une protection suppl\u00e9mentaire, une extension ergonomique du rembourrage en n\u00e9opr\u00e8ne avec une doublure r\u00e9sistante \u00e0 l&#8217;usure d&#8217;aspect carbone. <\/p>\n<p> CARACT\u00c9RISTIQUES PRINCIPALES :<\/p>\n<p>&#8211; Feel+ Competition System pour am\u00e9liorer la r\u00e9ponse aux sauts (Niveau 3\/3) ;<br \/>\n&#8211; R\u00e9glable pour calibrer la r\u00e9ponse en fonction des besoins du cheval ;<br \/>\n&#8211; Conformes aux r\u00e8glements FEI ;<br \/>\n&#8211; Rembourrage en Gel-Tech pour l&#8217;absorption des chocs ;<br \/>\n&#8211; N\u00e9opr\u00e8ne perfor\u00e9 pour une meilleure respirabilit\u00e9 ;<br \/>\n-Fibre de carbone pour une protection suppl\u00e9mentaire;<br \/>\n&#8211; Flex-Zone pour une libert\u00e9 de mouvement totale ;<br \/>\n&#8211; Produit 100% italien.<\/p>\n","protected":false},"excerpt":{"rendered":"<p>Prot\u00e8ge-boulets (Performance Boots)<\/p>\n","protected":false},"featured_media":30506,"comment_status":"open","ping_status":"closed","template":"","meta":[],"product_brand":[],"product_cat":[3622,3694,3554],"product_tag":[],"class_list":{"0":"post-20813","1":"product","2":"type-product","3":"status-publish","4":"has-post-thumbnail","6":"product_cat-carbon-air-extra-protection-fr","7":"product_cat-protections-pour-les-chevaux-fr","8":"product_cat-sortie","9":"pa_codice-intrastat-42010000-fr","10":"pa_disciplina-utilizzo-courses","11":"pa_disciplina-utilizzo-saut-dobstacles","12":"pa_disciplina-utilizzo-trekking-fr","13":"pa_giro-nodello-da-31-a-32-cm-fr","14":"pa_giro-nodello-da-33-a-34-cm-fr","15":"pa_giro-nodello-da-35-a-37-cm-fr","17":"first","18":"instock","19":"taxable","20":"shipping-taxable","21":"purchasable","22":"product-type-variable"},"_links":{"self":[{"href":"https:\/\/riding.zandona.net\/fr\/wp-json\/wp\/v2\/product\/20813","targetHints":{"allow":["GET"]}}],"collection":[{"href":"https:\/\/riding.zandona.net\/fr\/wp-json\/wp\/v2\/product"}],"about":[{"href":"https:\/\/riding.zandona.net\/fr\/wp-json\/wp\/v2\/types\/product"}],"replies":[{"embeddable":true,"href":"https:\/\/riding.zandona.net\/fr\/wp-json\/wp\/v2\/comments?post=20813"}],"wp:featuredmedia":[{"embeddable":true,"href":"https:\/\/riding.zandona.net\/fr\/wp-json\/wp\/v2\/media\/30506"}],"wp:attachment":[{"href":"https:\/\/riding.zandona.net\/fr\/wp-json\/wp\/v2\/media?parent=20813"}],"wp:term":[{"taxonomy":"product_brand","embeddable":true,"href":"https:\/\/riding.zandona.net\/fr\/wp-json\/wp\/v2\/product_brand?post=20813"},{"taxonomy":"product_cat","embeddable":true,"href":"https:\/\/riding.zandona.net\/fr\/wp-json\/wp\/v2\/product_cat?post=20813"},{"taxonomy":"product_tag","embeddable":true,"href":"https:\/\/riding.zandona.net\/fr\/wp-json\/wp\/v2\/product_tag?post=20813"}],"curies":[{"name":"wp","href":"https:\/\/api.w.org\/{rel}","templated":true}]}}