{"id":20841,"date":"2024-11-06T16:55:46","date_gmt":"2024-11-06T15:55:46","guid":{"rendered":"https:\/\/riding.zandona.net\/shop\/non class\u00e9\/carbon-air-balance-junior-fetlock\/"},"modified":"2024-11-07T12:10:44","modified_gmt":"2024-11-07T11:10:44","slug":"carbon-air-balance-junior-fetlock","status":"publish","type":"product","link":"https:\/\/riding.zandona.net\/fr\/shop\/sortie\/protections-pour-les-chevaux-fr\/carbon-air-balance-fr\/carbon-air-balance-junior-fetlock\/","title":{"rendered":"CARBON AIR BALANCE JUNIOR Fetlock"},"content":{"rendered":"<p>Les prot\u00e8ge-boulets \u00ab CARBON AIR BALANCE JUNIOR Fetlock \u00bb ont \u00e9t\u00e9 con\u00e7us pour prot\u00e9ger le jeune cheval dans la discipline du saut d&#8217;obstacles (conforme aux r\u00e8gles internationales pour les cat\u00e9gories \u00ab jeunes chevaux \u00bb). Ils sont \u00e9quip\u00e9s d&#8217;un dispositif magn\u00e9tique qui am\u00e9liore les fonctions cellulaires, augmentant ainsi les performances et l&#8217;\u00e9quilibre dynamique du cheval. L&#8217;aimant permanent utilis\u00e9 est compos\u00e9 d&#8217;un alliage fortement magn\u00e9tique de N\u00e9odyme, de Fer et de Bore avec un rev\u00eatement de Nickel, en mesure d&#8217;exercer une induction magn\u00e9tique de 2600 Gauss chacun. Il a \u00e9t\u00e9 constat\u00e9, lors de diff\u00e9rents tests r\u00e9alis\u00e9s avec la collaboration de v\u00e9t\u00e9rinaires et de cavaliers professionnels, que l&#8217;utilisation de ce dispositif plac\u00e9 \u00e0 proximit\u00e9 de l&#8217;appareil muscle-tendon diminue significativement la fatigue des membres car il induit une augmentation du flux sanguin vasculaire et de la circulation lymphatique, avec de multiples effets b\u00e9n\u00e9fiques. Les r\u00e9sultats induits par l&#8217;augmentation du flux sanguin vasculaire et la polarisation magn\u00e9tique, qui peuvent \u00eatre observ\u00e9s sur les chevaux comme sur les humains, sont des effets analg\u00e9siques et anti-inflammatoires, le renforcement des os et des articulations, ainsi que l&#8217;acc\u00e9l\u00e9ration du processus d&#8217;expulsion des toxines et de r\u00e9absorption de l&#8217;acide lactique musculaire. Ils permettent d&#8217;am\u00e9liorer les mouvements et les performances de saut du cheval.<\/p>\n<p>  CARACT\u00c9RISTIQUES PRINCIPALES :<br \/>\n&#8211; Inserts en fibre de carbone pour une protection suppl\u00e9mentaire;<br \/>\n&#8211; \u00c9quip\u00e9 d&#8217;aimants permanents en alliage sp\u00e9cial ;<br \/>\n&#8211; Coque anatomique en TPU avec \u00e9paisseur diff\u00e9renci\u00e9e ;<br \/>\n&#8211; Rembourrage en Gel-Tech pour l&#8217;absorption des chocs ;<br \/>\n&#8211; Prises d&#8217;air pour une ventilation suppl\u00e9mentaire;<br \/>\n&#8211; N\u00e9opr\u00e8ne perfor\u00e9 pour la respirabilit\u00e9;<br \/>\n&#8211; Flex-Zone pour une libert\u00e9 de mouvement totale ;<br \/>\n&#8211; Produit 100% italien.<\/p>\n","protected":false},"excerpt":{"rendered":"<p>Prot\u00e8ge-boulets<\/p>\n","protected":false},"featured_media":30442,"comment_status":"open","ping_status":"closed","template":"","meta":[],"product_brand":[],"product_cat":[3614,3694,3554],"product_tag":[],"class_list":{"0":"post-20841","1":"product","2":"type-product","3":"status-publish","4":"has-post-thumbnail","6":"product_cat-carbon-air-balance-fr","7":"product_cat-protections-pour-les-chevaux-fr","8":"product_cat-sortie","9":"pa_codice-intrastat-42010000-fr","10":"pa_disciplina-utilizzo-courses","11":"pa_disciplina-utilizzo-saut-dobstacles","12":"pa_disciplina-utilizzo-trekking-fr","13":"pa_giro-nodello-da-28-a-30-cm-fr","14":"pa_giro-nodello-da-31-a-32-cm-fr","15":"pa_giro-nodello-da-33-a-34-cm-fr","16":"pa_giro-nodello-da-35-a-37-cm-fr","18":"first","19":"instock","20":"taxable","21":"shipping-taxable","22":"purchasable","23":"product-type-variable"},"_links":{"self":[{"href":"https:\/\/riding.zandona.net\/fr\/wp-json\/wp\/v2\/product\/20841","targetHints":{"allow":["GET"]}}],"collection":[{"href":"https:\/\/riding.zandona.net\/fr\/wp-json\/wp\/v2\/product"}],"about":[{"href":"https:\/\/riding.zandona.net\/fr\/wp-json\/wp\/v2\/types\/product"}],"replies":[{"embeddable":true,"href":"https:\/\/riding.zandona.net\/fr\/wp-json\/wp\/v2\/comments?post=20841"}],"wp:featuredmedia":[{"embeddable":true,"href":"https:\/\/riding.zandona.net\/fr\/wp-json\/wp\/v2\/media\/30442"}],"wp:attachment":[{"href":"https:\/\/riding.zandona.net\/fr\/wp-json\/wp\/v2\/media?parent=20841"}],"wp:term":[{"taxonomy":"product_brand","embeddable":true,"href":"https:\/\/riding.zandona.net\/fr\/wp-json\/wp\/v2\/product_brand?post=20841"},{"taxonomy":"product_cat","embeddable":true,"href":"https:\/\/riding.zandona.net\/fr\/wp-json\/wp\/v2\/product_cat?post=20841"},{"taxonomy":"product_tag","embeddable":true,"href":"https:\/\/riding.zandona.net\/fr\/wp-json\/wp\/v2\/product_tag?post=20841"}],"curies":[{"name":"wp","href":"https:\/\/api.w.org\/{rel}","templated":true}]}}