{"id":20900,"date":"2024-11-06T16:56:48","date_gmt":"2024-11-06T15:56:48","guid":{"rendered":"https:\/\/riding.zandona.net\/shop\/non class\u00e9\/carbon-air-equi-lifter-fetlock\/"},"modified":"2024-11-07T12:12:30","modified_gmt":"2024-11-07T11:12:30","slug":"carbon-air-equi-lifter-fetlock","status":"publish","type":"product","link":"https:\/\/riding.zandona.net\/fr\/shop\/sortie\/protections-pour-les-chevaux-fr\/carbon-air-fr\/carbon-air-equi-lifter-fetlock\/","title":{"rendered":"CARBON AIR EQUI-LIFTER Fetlock"},"content":{"rendered":"<p>Les prot\u00e8ge-boulets \u00ab CARBON AIR EQUI-LIFTER Fetlock \u00bb ont \u00e9t\u00e9 con\u00e7us pour offrir au cheval une protection maximale lors du saut d&#8217;obstacles. Ils sont con\u00e7us pour aider les chevaux lors des sauts. <\/p>\n<p>  CARACT\u00c9RISTIQUES PRINCIPALES :<\/p>\n<p>&#8211; Inserts en fibre de carbone pour une protection suppl\u00e9mentaire;<br \/>\n&#8211; Coque anatomique en TPU avec \u00e9paisseur diff\u00e9renci\u00e9e ;<br \/>\n&#8211; Rembourrage en Gel-Tech pour l&#8217;absorption des chocs ;<br \/>\n&#8211; Prises d&#8217;air pour une ventilation suppl\u00e9mentaire;<br \/>\n&#8211; N\u00e9opr\u00e8ne perfor\u00e9 pour la respirabilit\u00e9;<br \/>\n&#8211; Flex-Zone pour une libert\u00e9 de mouvement totale ;<br \/>\n&#8211; Fermeture garantie par des sangles \u00e9lastiques avec embout \u00e0 d\u00e9crochage rapide ;<br \/>\n&#8211; Produit 100% italien.<\/p>\n","protected":false},"excerpt":{"rendered":"<p>Prot\u00e8ge-boulets (Performance Boots)<\/p>\n","protected":false},"featured_media":30478,"comment_status":"open","ping_status":"closed","template":"","meta":[],"product_brand":[],"product_cat":[3611,3694,3554],"product_tag":[],"class_list":{"0":"post-20900","1":"product","2":"type-product","3":"status-publish","4":"has-post-thumbnail","6":"product_cat-carbon-air-fr","7":"product_cat-protections-pour-les-chevaux-fr","8":"product_cat-sortie","9":"pa_codice-intrastat-42010000-fr","10":"pa_disciplina-utilizzo-courses","11":"pa_disciplina-utilizzo-saut-dobstacles","12":"pa_disciplina-utilizzo-trekking-fr","13":"pa_giro-nodello-da-31-a-32-cm-fr","14":"pa_giro-nodello-da-33-a-34-cm-fr","15":"pa_giro-nodello-da-35-a-37-cm-fr","17":"first","18":"instock","19":"featured","20":"taxable","21":"shipping-taxable","22":"purchasable","23":"product-type-variable"},"_links":{"self":[{"href":"https:\/\/riding.zandona.net\/fr\/wp-json\/wp\/v2\/product\/20900","targetHints":{"allow":["GET"]}}],"collection":[{"href":"https:\/\/riding.zandona.net\/fr\/wp-json\/wp\/v2\/product"}],"about":[{"href":"https:\/\/riding.zandona.net\/fr\/wp-json\/wp\/v2\/types\/product"}],"replies":[{"embeddable":true,"href":"https:\/\/riding.zandona.net\/fr\/wp-json\/wp\/v2\/comments?post=20900"}],"wp:featuredmedia":[{"embeddable":true,"href":"https:\/\/riding.zandona.net\/fr\/wp-json\/wp\/v2\/media\/30478"}],"wp:attachment":[{"href":"https:\/\/riding.zandona.net\/fr\/wp-json\/wp\/v2\/media?parent=20900"}],"wp:term":[{"taxonomy":"product_brand","embeddable":true,"href":"https:\/\/riding.zandona.net\/fr\/wp-json\/wp\/v2\/product_brand?post=20900"},{"taxonomy":"product_cat","embeddable":true,"href":"https:\/\/riding.zandona.net\/fr\/wp-json\/wp\/v2\/product_cat?post=20900"},{"taxonomy":"product_tag","embeddable":true,"href":"https:\/\/riding.zandona.net\/fr\/wp-json\/wp\/v2\/product_tag?post=20900"}],"curies":[{"name":"wp","href":"https:\/\/api.w.org\/{rel}","templated":true}]}}