{"id":20916,"date":"2024-11-06T16:57:01","date_gmt":"2024-11-06T15:57:01","guid":{"rendered":"https:\/\/riding.zandona.net\/shop\/non class\u00e9\/superior-air-tendon\/"},"modified":"2024-11-07T15:33:10","modified_gmt":"2024-11-07T14:33:10","slug":"superior-air-tendon","status":"publish","type":"product","link":"https:\/\/riding.zandona.net\/fr\/shop\/cheval\/protections-pour-les-chevaux\/guetres-pour-le-saut-dobstacles\/superior-air-fr\/superior-air-tendon\/","title":{"rendered":"SUPERIOR AIR Tendon"},"content":{"rendered":"<p>Les prot\u00e8ge-boulets \u00ab SUPERIOR AIR TENDON \u00bb d\u00e9velopp\u00e9es pour prot\u00e9ger le cheval de sport dans la discipline du saut d&#8217;obstacles.<\/p>\n<p> CARACT\u00c9RISTIQUES PRINCIPALES :<\/p>\n<p>&#8211; Coque anatomique en TPU avec \u00e9paisseur diff\u00e9renci\u00e9e ;<br \/>\n&#8211; Rembourrage en Gel-Tech pour l&#8217;absorption des chocs ;<br \/>\n&#8211; Prises d&#8217;air pour une ventilation suppl\u00e9mentaire;<br \/>\n&#8211; N\u00e9opr\u00e8ne perfor\u00e9 pour la respirabilit\u00e9;<br \/>\n&#8211; Flex-Zone pour une libert\u00e9 de mouvement totale ;<br \/>\n&#8211; Fermeture garantie par des sangles \u00e9lastiques avec embout \u00e0 d\u00e9crochage rapide ;<br \/>\n&#8211; Produit 100% italien.<\/p>\n","protected":false},"excerpt":{"rendered":"<p>Protection des tendons<\/p>\n","protected":false},"featured_media":28172,"comment_status":"open","ping_status":"closed","template":"","meta":[],"product_brand":[],"product_cat":[3642,3650,3546,3646,3550,3574],"product_tag":[],"class_list":{"0":"post-20916","1":"product","2":"type-product","3":"status-publish","4":"has-post-thumbnail","6":"product_cat-cheval","7":"product_cat-guetres-pour-le-saut-dobstacles","8":"product_cat-meilleures-ventes","9":"product_cat-protections-pour-les-chevaux","10":"product_cat-recommande","11":"product_cat-superior-air-fr","12":"pa_codice-intrastat-42010000-fr","13":"pa_disciplina-utilizzo-courses","14":"pa_disciplina-utilizzo-saut-dobstacles","15":"pa_disciplina-utilizzo-trekking-fr","16":"pa_giro-nodello-da-26-a-28-cm-fr","17":"pa_giro-nodello-da-29-a-30-cm-fr","18":"pa_giro-nodello-da-31-a-32-cm-fr","19":"pa_giro-nodello-da-33-a-35-cm-fr","21":"first","22":"instock","23":"taxable","24":"shipping-taxable","25":"purchasable","26":"product-type-variable"},"_links":{"self":[{"href":"https:\/\/riding.zandona.net\/fr\/wp-json\/wp\/v2\/product\/20916","targetHints":{"allow":["GET"]}}],"collection":[{"href":"https:\/\/riding.zandona.net\/fr\/wp-json\/wp\/v2\/product"}],"about":[{"href":"https:\/\/riding.zandona.net\/fr\/wp-json\/wp\/v2\/types\/product"}],"replies":[{"embeddable":true,"href":"https:\/\/riding.zandona.net\/fr\/wp-json\/wp\/v2\/comments?post=20916"}],"wp:featuredmedia":[{"embeddable":true,"href":"https:\/\/riding.zandona.net\/fr\/wp-json\/wp\/v2\/media\/28172"}],"wp:attachment":[{"href":"https:\/\/riding.zandona.net\/fr\/wp-json\/wp\/v2\/media?parent=20916"}],"wp:term":[{"taxonomy":"product_brand","embeddable":true,"href":"https:\/\/riding.zandona.net\/fr\/wp-json\/wp\/v2\/product_brand?post=20916"},{"taxonomy":"product_cat","embeddable":true,"href":"https:\/\/riding.zandona.net\/fr\/wp-json\/wp\/v2\/product_cat?post=20916"},{"taxonomy":"product_tag","embeddable":true,"href":"https:\/\/riding.zandona.net\/fr\/wp-json\/wp\/v2\/product_tag?post=20916"}],"curies":[{"name":"wp","href":"https:\/\/api.w.org\/{rel}","templated":true}]}}