{"id":20953,"date":"2024-11-06T16:57:49","date_gmt":"2024-11-06T15:57:49","guid":{"rendered":"https:\/\/riding.zandona.net\/shop\/non class\u00e9\/superior-air-pony-strap-tendon\/"},"modified":"2026-01-03T22:09:18","modified_gmt":"2026-01-03T21:09:18","slug":"superior-air-pony-strap-tendon","status":"publish","type":"product","link":"https:\/\/riding.zandona.net\/fr\/shop\/sortie\/protections-pour-les-chevaux-fr\/superior-air-protezioni-cavallo-in-promozione-fr\/superior-air-pony-strap-tendon\/","title":{"rendered":"SUPERIOR AIR PONY STRAP Tendon"},"content":{"rendered":"<p>Les prot\u00e8ge-boulets \u00ab SUPERIOR AIR PONY STRAP TENDON \u00bb d\u00e9velopp\u00e9es pour prot\u00e9ger au poney de sport dans la discipline du saut d&#8217;obstacles.<\/p>\n<p>  CARACT\u00c9RISTIQUES PRINCIPALES :<\/p>\n<p>&#8211; Coque anatomique en TPU avec \u00e9paisseur diff\u00e9renci\u00e9e ;<br \/>\n&#8211; Rembourrage en Gel-Tech pour l&#8217;absorption des chocs ;<br \/>\n&#8211; Prises d&#8217;air pour une ventilation suppl\u00e9mentaire;<br \/>\n&#8211; N\u00e9opr\u00e8ne perfor\u00e9 pour la respirabilit\u00e9;<br \/>\n&#8211; Flex-Zone pour une libert\u00e9 de mouvement totale ;<br \/>\n&#8211; Fermeture par des sangles en strap, amovibles avec un syst\u00e8me \u00e0 d\u00e9crochage rapide ;<br \/>\n&#8211; Produit 100% italien.<\/p>\n","protected":false},"excerpt":{"rendered":"<p>Protection des tendons<\/p>\n","protected":false},"featured_media":28247,"comment_status":"open","ping_status":"closed","template":"","meta":[],"product_brand":[],"product_cat":[3694,3554,3636],"product_tag":[],"class_list":{"0":"post-20953","1":"product","2":"type-product","3":"status-publish","4":"has-post-thumbnail","6":"product_cat-protections-pour-les-chevaux-fr","7":"product_cat-sortie","8":"product_cat-superior-air-protezioni-cavallo-in-promozione-fr","9":"pa_codice-intrastat-42010000-fr","10":"pa_disciplina-utilizzo-courses","11":"pa_disciplina-utilizzo-saut-dobstacles","12":"pa_disciplina-utilizzo-trekking-fr","13":"pa_giro-nodello-da-26-a-28-cm-fr","15":"first","16":"instock","17":"taxable","18":"shipping-taxable","19":"purchasable","20":"product-type-variable"},"_links":{"self":[{"href":"https:\/\/riding.zandona.net\/fr\/wp-json\/wp\/v2\/product\/20953","targetHints":{"allow":["GET"]}}],"collection":[{"href":"https:\/\/riding.zandona.net\/fr\/wp-json\/wp\/v2\/product"}],"about":[{"href":"https:\/\/riding.zandona.net\/fr\/wp-json\/wp\/v2\/types\/product"}],"replies":[{"embeddable":true,"href":"https:\/\/riding.zandona.net\/fr\/wp-json\/wp\/v2\/comments?post=20953"}],"wp:featuredmedia":[{"embeddable":true,"href":"https:\/\/riding.zandona.net\/fr\/wp-json\/wp\/v2\/media\/28247"}],"wp:attachment":[{"href":"https:\/\/riding.zandona.net\/fr\/wp-json\/wp\/v2\/media?parent=20953"}],"wp:term":[{"taxonomy":"product_brand","embeddable":true,"href":"https:\/\/riding.zandona.net\/fr\/wp-json\/wp\/v2\/product_brand?post=20953"},{"taxonomy":"product_cat","embeddable":true,"href":"https:\/\/riding.zandona.net\/fr\/wp-json\/wp\/v2\/product_cat?post=20953"},{"taxonomy":"product_tag","embeddable":true,"href":"https:\/\/riding.zandona.net\/fr\/wp-json\/wp\/v2\/product_tag?post=20953"}],"curies":[{"name":"wp","href":"https:\/\/api.w.org\/{rel}","templated":true}]}}