{"id":21017,"date":"2024-11-06T16:59:06","date_gmt":"2024-11-06T15:59:06","guid":{"rendered":"https:\/\/riding.zandona.net\/shop\/non class\u00e9\/action-techno-fur-fetlock\/"},"modified":"2024-11-07T12:15:52","modified_gmt":"2024-11-07T11:15:52","slug":"action-techno-fur-fetlock","status":"publish","type":"product","link":"https:\/\/riding.zandona.net\/fr\/shop\/cheval\/protections-pour-les-chevaux\/guetres-pour-le-saut-dobstacles\/action-techno-fur-fr\/action-techno-fur-fetlock\/","title":{"rendered":"ACTION TECHNO-FUR Fetlock"},"content":{"rendered":"<p>\u00ab ACTION TECHNO-FUR \u00bb est la ligne de produits Entry-Level d\u00e9velopp\u00e9s pour offrir une bonne protection au cheval de sport dans la discipline du saut d&#8217;obstacles et sont fabriqu\u00e9s avec une doublure en fourrure synth\u00e9tique (Techno-Fur).<br \/>\nLa fourrure synth\u00e9tique n&#8217;est pas un thermor\u00e9gulateur naturel et n&#8217;a pas les m\u00eames propri\u00e9t\u00e9s que la vraie laine, mais c&#8217;est le choix id\u00e9al pour tous ceux qui recherchent un produit ayant un aspect similaire \u00e0 la version Sensitive+ mais moins cher et plus facile \u00e0 nettoyer.<\/p>\n<p>\u00ab Action Techno-Fur fetlock \u00bb sont parfaits pour l&#8217;entra\u00eenement et prot\u00e8gent les membres de votre cheval contre les impacts en offrant un bon soutien du membre sans sacrifier le confort, la performance et le style.<\/p>\n<p>  CARACT\u00c9RISTIQUES PRINCIPALES :<\/p>\n<p>&#8211; Coque anatomique et ergonomique ;<br \/>\n&#8211; Doublure interne en Fourrure Synth\u00e9tique ;<br \/>\n&#8211; L\u00e9gers et de faible poids ;<br \/>\n&#8211; Produits de base de haute qualit\u00e9 ;<br \/>\n&#8211; Produit 100% italien.<\/p>\n","protected":false},"excerpt":{"rendered":"<p>Prot\u00e8ge-boulets<\/p>\n","protected":false},"featured_media":10918,"comment_status":"open","ping_status":"open","template":"","meta":[],"product_brand":[],"product_cat":[3585,3642,3650,3646],"product_tag":[],"class_list":{"0":"post-21017","1":"product","2":"type-product","3":"status-publish","4":"has-post-thumbnail","6":"product_cat-action-techno-fur-fr","7":"product_cat-cheval","8":"product_cat-guetres-pour-le-saut-dobstacles","9":"product_cat-protections-pour-les-chevaux","10":"pa_codice-intrastat-42010000-fr","11":"pa_disciplina-utilizzo-courses","12":"pa_disciplina-utilizzo-saut-dobstacles","13":"pa_disciplina-utilizzo-trekking-fr","14":"pa_giro-nodello-da-31-a-32-cm-fr","15":"pa_giro-nodello-da-33-a-34-cm-fr","17":"first","18":"instock","19":"taxable","20":"shipping-taxable","21":"purchasable","22":"product-type-variable"},"_links":{"self":[{"href":"https:\/\/riding.zandona.net\/fr\/wp-json\/wp\/v2\/product\/21017","targetHints":{"allow":["GET"]}}],"collection":[{"href":"https:\/\/riding.zandona.net\/fr\/wp-json\/wp\/v2\/product"}],"about":[{"href":"https:\/\/riding.zandona.net\/fr\/wp-json\/wp\/v2\/types\/product"}],"replies":[{"embeddable":true,"href":"https:\/\/riding.zandona.net\/fr\/wp-json\/wp\/v2\/comments?post=21017"}],"wp:featuredmedia":[{"embeddable":true,"href":"https:\/\/riding.zandona.net\/fr\/wp-json\/wp\/v2\/media\/10918"}],"wp:attachment":[{"href":"https:\/\/riding.zandona.net\/fr\/wp-json\/wp\/v2\/media?parent=21017"}],"wp:term":[{"taxonomy":"product_brand","embeddable":true,"href":"https:\/\/riding.zandona.net\/fr\/wp-json\/wp\/v2\/product_brand?post=21017"},{"taxonomy":"product_cat","embeddable":true,"href":"https:\/\/riding.zandona.net\/fr\/wp-json\/wp\/v2\/product_cat?post=21017"},{"taxonomy":"product_tag","embeddable":true,"href":"https:\/\/riding.zandona.net\/fr\/wp-json\/wp\/v2\/product_tag?post=21017"}],"curies":[{"name":"wp","href":"https:\/\/api.w.org\/{rel}","templated":true}]}}