{"id":21089,"date":"2024-11-06T17:00:23","date_gmt":"2024-11-06T16:00:23","guid":{"rendered":"https:\/\/riding.zandona.net\/shop\/non class\u00e9\/carbon-air-sensitive-young-competition-fetlock\/"},"modified":"2024-11-07T12:18:26","modified_gmt":"2024-11-07T11:18:26","slug":"carbon-air-sensitive-young-competition-fetlock","status":"publish","type":"product","link":"https:\/\/riding.zandona.net\/fr\/shop\/sortie\/protections-pour-les-chevaux-fr\/carbon-air-sensitive-fr\/carbon-air-sensitive-young-competition-fetlock\/","title":{"rendered":"CARBON AIR SENSITIVE+ YOUNG COMPETITION Fetlock"},"content":{"rendered":"<p>Les prot\u00e8ges boulets \u201cCARBON AIR SENSITIVE+ YOUNG COMPETITION Fetlock\u201d ont \u00e9t\u00e9 sp\u00e9cialement d\u00e9velopp\u00e9s pour am\u00e9liorer les performances et la protection aux jeunes chevaux de sport. Ils sont \u00e9galement conformes aux r\u00e8gles internationales pour les cat\u00e9gories de saut d&#8217;obstacles \u00ab jeunes chevaux \u00bb.<\/p>\n<p>Les produits de la ligne SENSITIVE+ sont fabriqu\u00e9s avec un rev\u00eatement interne Sensitive+ \u00ab No Skin, No Problem \u00bb en LAINE M\u00c9RINOS V\u00c9RITABLE de haute qualit\u00e9 obtenue par tonte.<br \/>\nLa laine, thermor\u00e9gulateur naturel, est id\u00e9ale pour une utilisation aux 4 saisons et, gr\u00e2ce \u00e0 ses propri\u00e9t\u00e9s antiallergiques, elle est optimale pour les chevaux \u00e0 la peau sensible.<br \/>\nEn \u00e9vitant l&#8217;utilisation du CUIR, on \u00e9vite \u00e9galement les probl\u00e8mes typiques de son entretien et de son soin, sans pour autant sacrifier un confort maximal et des propri\u00e9t\u00e9s antiallergiques sp\u00e9cifiques.<br \/>\nCARACT\u00c9RISTIQUES PRINCIPALES  :<br \/>\n&#8211; Am\u00e9lioration des performances ;<br \/>\n&#8211; Thermor\u00e9gulateur naturel et propri\u00e9t\u00e9s antiallergiques ;<br \/>\n&#8211; \u00ab No Skin, No Problem \u00bb en LAINE M\u00c9RINOS V\u00c9RITABLE ;<br \/>\n&#8211; Inserts avant et arri\u00e8re en fibre de carbone pour une protection suppl\u00e9mentaire ;<br \/>\n&#8211; Structure TPU Anatomique avec une \u00e9paisseur diff\u00e9renci\u00e9e ;<br \/>\n&#8211; Rembourrage en Gel-Tech pour une meilleure absorption des chocs ;<br \/>\n&#8211; Prises d&#8217;air pour une Meilleure Ventilation ;<br \/>\n&#8211; Flex-Zone pour une totale libert\u00e9 de mouvement ;<br \/>\n&#8211; 100% Made in Italy.<\/p>\n<p>INSTRUCTIONS DE LAVAGE POUR LA LAINE D&#8217;AGNEAU<\/p>\n<p>Les produits de la ligne SENSITIVE+ sont fabriqu\u00e9s avec un rev\u00eatement en V\u00c9RITABLE AGNEAU mais SANS CUIR.<br \/>\nCela permet d&#8217;\u00e9viter les probl\u00e8mes typiques de l&#8217;entretien et du soin du cuir. Cependant, un soin r\u00e9gulier du produit est recommand\u00e9 pour maintenir ses qualit\u00e9s, son apparence et ses performances inchang\u00e9es, afin de prot\u00e9ger au mieux votre cheval \u00e0 tout moment.<br \/>\nVous trouverez ci-dessous des conseils de soin et d\u2019entretien pour la ligne Sensitive+ :<br \/>\n&#8211; Nettoyer le produit d\u00e9licatement \u00e0 l&#8217;aide d&#8217;une brosse non agressive, d&#8217;un chiffon doux, ou en l&#8217;essuyant \u00e0 la main avec une \u00e9ponge douce ;<br \/>\n&#8211; Laver le produit \u00e0 la main \u00e0 l&#8217;eau froide ou \u00e0 30 \u00b0C maximum ;<br \/>\n&#8211; Utiliser des d\u00e9tergents sp\u00e9cialement con\u00e7us pour la laine ;<br \/>\n&#8211; Laisser s\u00e9cher le produit dans un endroit sec et bien ventil\u00e9, de pr\u00e9f\u00e9rence \u00e0 l&#8217;abri des rayons directs du soleil et loin des sources de chaleur artificielle.<\/p>\n<p>ATTENTION :<br \/>\n&#8211; Ne pas laver le produit avec un d\u00e9tergent classique ;<br \/>\n&#8211; Ne pas laver le produit en machine ;<br \/>\n&#8211; Ne pas mettre le produit dans le s\u00e8che-linge.<\/p>\n<p>Zandon\u00e0 se r\u00e9serve le droit de ne pas \u00eatre tenu responsable de tout dommage aux produits r\u00e9sultant du non-respect des instructions ci-dessus.<br \/>\nPour toute aide suppl\u00e9mentaire, veuillez contacter le service client\u00e8le(customercare@zandona.net) ou appeler le +39 0423 569135.<\/p>\n","protected":false},"excerpt":{"rendered":"<p>Prot\u00e8ge-boulets (Performance Boots)<\/p>\n","protected":false},"featured_media":30571,"comment_status":"open","ping_status":"closed","template":"","meta":[],"product_brand":[],"product_cat":[3625,3694],"product_tag":[],"class_list":{"0":"post-21089","1":"product","2":"type-product","3":"status-publish","4":"has-post-thumbnail","6":"product_cat-carbon-air-sensitive-fr","7":"product_cat-protections-pour-les-chevaux-fr","8":"pa_codice-intrastat-42010000-fr","9":"pa_disciplina-utilizzo-courses","10":"pa_disciplina-utilizzo-saut-dobstacles","11":"pa_disciplina-utilizzo-trekking-fr","12":"pa_giro-nodello-da-28-a-30-cm-fr","13":"pa_giro-nodello-da-31-a-32-cm-fr","14":"pa_giro-nodello-da-33-a-34-cm-fr","15":"pa_giro-nodello-da-35-a-37-cm-fr","17":"first","18":"instock","19":"taxable","20":"shipping-taxable","21":"purchasable","22":"product-type-variable"},"_links":{"self":[{"href":"https:\/\/riding.zandona.net\/fr\/wp-json\/wp\/v2\/product\/21089","targetHints":{"allow":["GET"]}}],"collection":[{"href":"https:\/\/riding.zandona.net\/fr\/wp-json\/wp\/v2\/product"}],"about":[{"href":"https:\/\/riding.zandona.net\/fr\/wp-json\/wp\/v2\/types\/product"}],"replies":[{"embeddable":true,"href":"https:\/\/riding.zandona.net\/fr\/wp-json\/wp\/v2\/comments?post=21089"}],"wp:featuredmedia":[{"embeddable":true,"href":"https:\/\/riding.zandona.net\/fr\/wp-json\/wp\/v2\/media\/30571"}],"wp:attachment":[{"href":"https:\/\/riding.zandona.net\/fr\/wp-json\/wp\/v2\/media?parent=21089"}],"wp:term":[{"taxonomy":"product_brand","embeddable":true,"href":"https:\/\/riding.zandona.net\/fr\/wp-json\/wp\/v2\/product_brand?post=21089"},{"taxonomy":"product_cat","embeddable":true,"href":"https:\/\/riding.zandona.net\/fr\/wp-json\/wp\/v2\/product_cat?post=21089"},{"taxonomy":"product_tag","embeddable":true,"href":"https:\/\/riding.zandona.net\/fr\/wp-json\/wp\/v2\/product_tag?post=21089"}],"curies":[{"name":"wp","href":"https:\/\/api.w.org\/{rel}","templated":true}]}}