{"id":21155,"date":"2024-11-06T17:01:36","date_gmt":"2024-11-06T16:01:36","guid":{"rendered":"https:\/\/riding.zandona.net\/shop\/non class\u00e9\/carbon-air-techno-fur-tendon\/"},"modified":"2024-11-07T15:35:13","modified_gmt":"2024-11-07T14:35:13","slug":"carbon-air-techno-fur-tendon","status":"publish","type":"product","link":"https:\/\/riding.zandona.net\/fr\/shop\/sortie\/protections-pour-les-chevaux-fr\/carbon-air-techno-fur-fr\/carbon-air-techno-fur-tendon\/","title":{"rendered":"CARBON AIR TECHNO-FUR Tendon"},"content":{"rendered":"<p>Les gu\u00eatres \u201cCARBON PRO TECHNO-FUR tendon&#8221; sont caract\u00e9ris\u00e9 par leur rev\u00eatement fait en fourrure synth\u00e9tique (Techno-Fur).<\/p>\n<p>La fourrure synth\u00e9tique n\u2019est pas un thermor\u00e9gulateur naturel et n\u2019a pas les m\u00eames propri\u00e9t\u00e9s que la vraie laine, mais c&#8217;est le choix id\u00e9al pour ceux qui recherchent une botte de cheval moelleuse moins ch\u00e8re et facile \u00e0 nettoyer.<\/p>\n<p>Un design compl\u00e8tement repens\u00e9 pour offrir au cheval des gu\u00eatres encore plus l\u00e9g\u00e8res, plus respirantes et une protection plus compl\u00e8te. <\/p>\n<p>Les \u00e9l\u00e9ments en fibre de carbone, encore plus r\u00e9sistants et \u00e9tendus, cr\u00e9ent une barri\u00e8re thermique pour prot\u00e9ger les articulations du cheval de la chaleur g\u00e9n\u00e9r\u00e9e par le frottement et augmenter la r\u00e9sistance aux chocs.<\/p>\n<p>Le rembourrage se compose d\u2019une couche ext\u00e9rieure en 3D Air-Mesh, d\u2019une couche int\u00e9rieure en n\u00e9opr\u00e8ne perfor\u00e9 et de Gel-Tech dans les zones les plus expos\u00e9es aux impacts.<\/p>\n<p>Les nouvelles fermetures \u00e0 bouton ont \u00e9t\u00e9 redessin\u00e9es dans un style plus moderne et rendues plus confortables et fonctionnelles, pour une fixation rapide et une durabilit\u00e9 accrue.<\/p>\n<p>Enfin, la Flex-Zone continue d\u2019assurer une libert\u00e9 de mouvements maximale pour le membre.<\/p>\n<p>Fabrication 100% Italienne et durable car ces gu\u00eatres sont fabriqu\u00e9es avec 95% de TPU recycl\u00e9 (certifi\u00e9 PSV).<\/p>\n<p>CARACT\u00c9RISTIQUES PRINCIPALES:<br \/>\n&#8211; Insert en fibre de carbone pour une meilleure protection;<br \/>\n&#8211; \u201cTechno-Fur\u201d synth\u00e9tique Wool rev\u00eatement;<br \/>\n&#8211; Structure anatomique en TPU recycl\u00e9;<br \/>\n&#8211; Air-Mesh 3D + N\u00e9opr\u00e8ne perfor\u00e9 ;<br \/>\n&#8211; Rembourrage en Gel-Tech pour une meilleure absorption des chocs;<br \/>\n&#8211; Prises d\u2019air augment\u00e9 pour une ventilation sup\u00e9rieure;<br \/>\n&#8211; Flex-Zone pour une libert\u00e9 de mouvement totale;<br \/>\n&#8211; Fixation garantie par des nouvelles fermetures \u00e0 bouton;<br \/>\n&#8211; 100% Made in Italy.<\/p>\n","protected":false},"excerpt":{"rendered":"<p>Protection des tendons<\/p>\n","protected":false},"featured_media":30833,"comment_status":"open","ping_status":"closed","template":"","meta":[],"product_brand":[],"product_cat":[3629,3694,3554],"product_tag":[],"class_list":{"0":"post-21155","1":"product","2":"type-product","3":"status-publish","4":"has-post-thumbnail","6":"product_cat-carbon-air-techno-fur-fr","7":"product_cat-protections-pour-les-chevaux-fr","8":"product_cat-sortie","9":"pa_codice-intrastat-42010000-fr","10":"pa_disciplina-utilizzo-courses","11":"pa_disciplina-utilizzo-saut-dobstacles","12":"pa_disciplina-utilizzo-trekking-fr","13":"pa_giro-nodello-da-26-a-28-cm-fr","14":"pa_giro-nodello-da-29-a-30-cm-fr","15":"pa_giro-nodello-da-31-a-32-cm-fr","16":"pa_giro-nodello-da-33-a-35-cm-fr","18":"first","19":"instock","20":"taxable","21":"shipping-taxable","22":"purchasable","23":"product-type-variable"},"_links":{"self":[{"href":"https:\/\/riding.zandona.net\/fr\/wp-json\/wp\/v2\/product\/21155","targetHints":{"allow":["GET"]}}],"collection":[{"href":"https:\/\/riding.zandona.net\/fr\/wp-json\/wp\/v2\/product"}],"about":[{"href":"https:\/\/riding.zandona.net\/fr\/wp-json\/wp\/v2\/types\/product"}],"replies":[{"embeddable":true,"href":"https:\/\/riding.zandona.net\/fr\/wp-json\/wp\/v2\/comments?post=21155"}],"wp:featuredmedia":[{"embeddable":true,"href":"https:\/\/riding.zandona.net\/fr\/wp-json\/wp\/v2\/media\/30833"}],"wp:attachment":[{"href":"https:\/\/riding.zandona.net\/fr\/wp-json\/wp\/v2\/media?parent=21155"}],"wp:term":[{"taxonomy":"product_brand","embeddable":true,"href":"https:\/\/riding.zandona.net\/fr\/wp-json\/wp\/v2\/product_brand?post=21155"},{"taxonomy":"product_cat","embeddable":true,"href":"https:\/\/riding.zandona.net\/fr\/wp-json\/wp\/v2\/product_cat?post=21155"},{"taxonomy":"product_tag","embeddable":true,"href":"https:\/\/riding.zandona.net\/fr\/wp-json\/wp\/v2\/product_tag?post=21155"}],"curies":[{"name":"wp","href":"https:\/\/api.w.org\/{rel}","templated":true}]}}