{"id":21182,"date":"2024-11-06T17:02:16","date_gmt":"2024-11-06T16:02:16","guid":{"rendered":"https:\/\/riding.zandona.net\/shop\/non class\u00e9\/sensitive-air-pastern\/"},"modified":"2024-11-07T12:20:52","modified_gmt":"2024-11-07T11:20:52","slug":"sensitive-air-pastern","status":"publish","type":"product","link":"https:\/\/riding.zandona.net\/fr\/shop\/cheval\/protections-pour-les-chevaux\/protege-paturons\/sensitive-air-pastern\/","title":{"rendered":"SENSITIVE+ AIR Pastern"},"content":{"rendered":"<p>Les bandages \u00ab SENSITIVE+ AIR Pastern \u00bb sont con\u00e7us pour d\u00e9fendre le paturon contre les chocs et les frottements, une zone que la plupart des bandages et des prot\u00e8ge-boulets ne prot\u00e8gent pas. Elles sont fabriqu\u00e9es en LAINE M\u00c9RINOS V\u00c9RITABLE de haute qualit\u00e9, obtenue par tonte. Ils sont utilis\u00e9s pour absorber les impacts avec les poteaux\/renforts, pour prot\u00e9ger contre les probl\u00e8mes de frottement et pour acc\u00e9l\u00e9rer le processus de gu\u00e9rison au repos (en gardant la zone propre et prot\u00e9g\u00e9e) en cas de blessures au paturon. <\/p>\n<p> CARACT\u00c9RISTIQUES PRINCIPALES  :<\/p>\n<p>&#8211; Coque anatomique en TPU avec \u00e9paisseur diff\u00e9renci\u00e9e ;<br \/>\n&#8211; PAS de cuir, PAS de fausse fourrure &#8211; uniquement de la laine m\u00e9rinos v\u00e9ritable ;<br \/>\n&#8211; Rembourrage en Gel-Tech pour l&#8217;absorption des chocs ;<br \/>\n&#8211; Prises d&#8217;air pour une ventilation suppl\u00e9mentaire;<br \/>\n&#8211; N\u00e9opr\u00e8ne perfor\u00e9 pour la respirabilit\u00e9;<br \/>\n&#8211; Flex-Zone pour une libert\u00e9 de mouvement totale ;<br \/>\n&#8211; Vendu par paire.<br \/>\n&#8211; Produit 100% italien.<\/p>\n","protected":false},"excerpt":{"rendered":"<p>Protection du paturon<\/p>\n","protected":false},"featured_media":28472,"comment_status":"open","ping_status":"open","template":"","meta":[],"product_brand":[],"product_cat":[3642,3646,3734],"product_tag":[],"class_list":{"0":"post-21182","1":"product","2":"type-product","3":"status-publish","4":"has-post-thumbnail","6":"product_cat-cheval","7":"product_cat-protections-pour-les-chevaux","8":"product_cat-protege-paturons","9":"pa_circonferenza-pastorale-da-18-a-20-cm-fr","10":"pa_circonferenza-pastorale-da-21-a-22-cm-fr","11":"pa_circonferenza-pastorale-da-23-a-24-cm-fr","12":"pa_circonferenza-pastorale-da-25-a-28-cm-fr","13":"pa_codice-intrastat-42010000-fr","14":"pa_disciplina-utilizzo-courses","15":"pa_disciplina-utilizzo-saut-dobstacles","16":"pa_disciplina-utilizzo-trekking-fr","18":"first","19":"instock","20":"taxable","21":"shipping-taxable","22":"purchasable","23":"product-type-variable"},"_links":{"self":[{"href":"https:\/\/riding.zandona.net\/fr\/wp-json\/wp\/v2\/product\/21182","targetHints":{"allow":["GET"]}}],"collection":[{"href":"https:\/\/riding.zandona.net\/fr\/wp-json\/wp\/v2\/product"}],"about":[{"href":"https:\/\/riding.zandona.net\/fr\/wp-json\/wp\/v2\/types\/product"}],"replies":[{"embeddable":true,"href":"https:\/\/riding.zandona.net\/fr\/wp-json\/wp\/v2\/comments?post=21182"}],"wp:featuredmedia":[{"embeddable":true,"href":"https:\/\/riding.zandona.net\/fr\/wp-json\/wp\/v2\/media\/28472"}],"wp:attachment":[{"href":"https:\/\/riding.zandona.net\/fr\/wp-json\/wp\/v2\/media?parent=21182"}],"wp:term":[{"taxonomy":"product_brand","embeddable":true,"href":"https:\/\/riding.zandona.net\/fr\/wp-json\/wp\/v2\/product_brand?post=21182"},{"taxonomy":"product_cat","embeddable":true,"href":"https:\/\/riding.zandona.net\/fr\/wp-json\/wp\/v2\/product_cat?post=21182"},{"taxonomy":"product_tag","embeddable":true,"href":"https:\/\/riding.zandona.net\/fr\/wp-json\/wp\/v2\/product_tag?post=21182"}],"curies":[{"name":"wp","href":"https:\/\/api.w.org\/{rel}","templated":true}]}}