{"id":21295,"date":"2024-11-06T17:04:15","date_gmt":"2024-11-06T16:04:15","guid":{"rendered":"https:\/\/riding.zandona.net\/shop\/non%20class\u00e9\/techno-fur-candy-girth\/"},"modified":"2025-05-27T08:33:02","modified_gmt":"2025-05-27T06:33:02","slug":"techno-fur-candy-girth","status":"publish","type":"product","link":"https:\/\/riding.zandona.net\/fr\/shop\/cheval\/sangle-bavette\/saut-dobstacles-fr\/techno-fur-candy-girth\/","title":{"rendered":"TECHNO-FUR CANDY Girth"},"content":{"rendered":"<p>La sangle anatomique TECHNO-FUR CANDY allie la performance et le bien-\u00eatre animal.<br \/>\nFabriqu\u00e9e \u00e0 partir de cuir vegan avec un rev\u00eatement en fourrure synth\u00e9tique (Techno-Fur), exempt de toute cruaut\u00e9 envers les animaux, la sangle anatomique TECHNO-FUR CANDY assure un confort absolu \u00e0 votre cheval gr\u00e2ce \u00e0 sa forme ergonomique et \u00e0 l\u2019utilisation de mat\u00e9riaux innovants, r\u00e9sistants et faciles \u00e0 nettoyer.<br \/>\nGr\u00e2ce \u00e0 son design \u00e9l\u00e9gant et \u00e0 sa robustesse, elle s\u2019utilise aussi bien lors des entra\u00eenements quotidiens qu\u2019en comp\u00e9tition.<br \/>\nLes boucles en acier inoxydable, avec fermeture automatique du c\u00f4t\u00e9 gauche, permettent un r\u00e9glage rapide et pratique en utilisant une seule main.<br \/>\nLe mousqueton en aluminium est recouvert d\u2019une coque de protection offrant ainsi un niveau de s\u00e9curit\u00e9 suppl\u00e9mentaire.<br \/>\nFabrication 100% Italienne <\/p>\n<p>CARACT\u00c9RISTIQUES PRINCIPALES:<br \/>\n\u2022 Cuir vegan et exempt de toute cruaut\u00e9 envers les animaux;<br \/>\n\u2022 Rev\u00eatement en fourrure synth\u00e9tique (Techno-Fur).<br \/>\n\u2022 R\u00e9sistante et facile \u00e0 nettoyer;<br \/>\n\u2022 Boucles automatiques du c\u00f4t\u00e9 gauche;<br \/>\n\u2022 Mousqueton en aluminium avec coque de protection;<br \/>\n\u2022 Fabrication 100% Italienne ;<br \/>\n\u2022 Tailles de 110 cm \u00e0 150 cm.<\/p>\n","protected":false},"excerpt":{"rendered":"<p>Sangle Bavette Saut d&#8217;Obstacles<\/p>\n","protected":false},"featured_media":11255,"comment_status":"open","ping_status":"closed","template":"","meta":[],"product_brand":[],"product_cat":[3642,3654,3680],"product_tag":[],"class_list":{"0":"post-21295","1":"product","2":"type-product","3":"status-publish","4":"has-post-thumbnail","6":"product_cat-cheval","7":"product_cat-sangle-bavette","8":"product_cat-saut-dobstacles-fr","9":"pa_codice-intrastat-42010000-fr","10":"pa_disciplina-utilizzo-saut-dobstacles","12":"first","13":"instock","14":"taxable","15":"shipping-taxable","16":"purchasable","17":"product-type-variable"},"_links":{"self":[{"href":"https:\/\/riding.zandona.net\/fr\/wp-json\/wp\/v2\/product\/21295","targetHints":{"allow":["GET"]}}],"collection":[{"href":"https:\/\/riding.zandona.net\/fr\/wp-json\/wp\/v2\/product"}],"about":[{"href":"https:\/\/riding.zandona.net\/fr\/wp-json\/wp\/v2\/types\/product"}],"replies":[{"embeddable":true,"href":"https:\/\/riding.zandona.net\/fr\/wp-json\/wp\/v2\/comments?post=21295"}],"wp:featuredmedia":[{"embeddable":true,"href":"https:\/\/riding.zandona.net\/fr\/wp-json\/wp\/v2\/media\/11255"}],"wp:attachment":[{"href":"https:\/\/riding.zandona.net\/fr\/wp-json\/wp\/v2\/media?parent=21295"}],"wp:term":[{"taxonomy":"product_brand","embeddable":true,"href":"https:\/\/riding.zandona.net\/fr\/wp-json\/wp\/v2\/product_brand?post=21295"},{"taxonomy":"product_cat","embeddable":true,"href":"https:\/\/riding.zandona.net\/fr\/wp-json\/wp\/v2\/product_cat?post=21295"},{"taxonomy":"product_tag","embeddable":true,"href":"https:\/\/riding.zandona.net\/fr\/wp-json\/wp\/v2\/product_tag?post=21295"}],"curies":[{"name":"wp","href":"https:\/\/api.w.org\/{rel}","templated":true}]}}