{"id":21314,"date":"2024-11-06T17:04:39","date_gmt":"2024-11-06T16:04:39","guid":{"rendered":"https:\/\/riding.zandona.net\/shop\/non%20class\u00e9\/royal-girth\/"},"modified":"2026-04-10T16:35:23","modified_gmt":"2026-04-10T14:35:23","slug":"royal-girth","status":"publish","type":"product","link":"https:\/\/riding.zandona.net\/fr\/shop\/cheval\/sangle-bavette\/dressage-fr\/royal-girth\/","title":{"rendered":"ROYAL Girth"},"content":{"rendered":"<p>ROYAL Girth est la sangle \u00e9l\u00e9gante pour Dressage alliant des performances sup\u00e9rieures et une attention particuli\u00e8re au bien-\u00eatre animal.<br \/>\nFabriqu\u00e9e \u00e0 partir de cuir vegan, exempt de toute cruaut\u00e9 envers les animaux, la sangle ROYAL GIRTH assure un confort absolu \u00e0 votre cheval gr\u00e2ce \u00e0 sa forme ergonomique et \u00e0 l\u2019utilisation de mat\u00e9riaux innovants, r\u00e9sistants et faciles \u00e0 nettoyer.<br \/>\nLes boucles en acier inoxydable, avec fermeture automatique du c\u00f4t\u00e9 gauche, permettent un r\u00e9glage rapide et pratique en utilisant une seule main.<br \/>\nLa forme de la sangle ROYAL GIRTH assure une r\u00e9partition optimale de la pression au niveau du sternum et sa robustesse le rend adapt\u00e9e tant \u00e0 l\u2019entra\u00eenement quotidien qu\u2019\u00e0 la comp\u00e9tition.<br \/>\nLe cheval peut ainsi se d\u00e9placer plus librement et sans aucun inconfort. Les mouvements, m\u00eame les plus complexes, s\u2019effectuent ainsi avec plus de souplesse.<br \/>\nFabrication 100% Italienne.<\/p>\n<p>CARACT\u00c9RISTIQUES PRINCIPALES:<br \/>\n\u2022 Cuir vegan et exempt de toute cruaut\u00e9 envers les animaux;<br \/>\n\u2022 R\u00e9sistante et facile \u00e0 nettoyer;<br \/>\n\u2022 Boucles automatiques du c\u00f4t\u00e9 gauche;<br \/>\n\u2022 Mousqueton en aluminium avec coque de protection;<br \/>\n\u2022 Fabrication 100% Italienne ;<br \/>\n\u2022 Tailles de 50 cm \u00e0 85 cm.<\/p>\n","protected":false},"excerpt":{"rendered":"<p>Sangle Bavette Dressage<\/p>\n","protected":false},"featured_media":11276,"comment_status":"open","ping_status":"closed","template":"","meta":[],"product_brand":[],"product_cat":[3642,3662,3654],"product_tag":[],"class_list":{"0":"post-21314","1":"product","2":"type-product","3":"status-publish","4":"has-post-thumbnail","6":"product_cat-cheval","7":"product_cat-dressage-fr","8":"product_cat-sangle-bavette","9":"pa_codice-intrastat-42010000-fr","10":"pa_disciplina-utilizzo-dressage-fr","12":"first","13":"instock","14":"taxable","15":"shipping-taxable","16":"purchasable","17":"product-type-variable"},"_links":{"self":[{"href":"https:\/\/riding.zandona.net\/fr\/wp-json\/wp\/v2\/product\/21314","targetHints":{"allow":["GET"]}}],"collection":[{"href":"https:\/\/riding.zandona.net\/fr\/wp-json\/wp\/v2\/product"}],"about":[{"href":"https:\/\/riding.zandona.net\/fr\/wp-json\/wp\/v2\/types\/product"}],"replies":[{"embeddable":true,"href":"https:\/\/riding.zandona.net\/fr\/wp-json\/wp\/v2\/comments?post=21314"}],"wp:featuredmedia":[{"embeddable":true,"href":"https:\/\/riding.zandona.net\/fr\/wp-json\/wp\/v2\/media\/11276"}],"wp:attachment":[{"href":"https:\/\/riding.zandona.net\/fr\/wp-json\/wp\/v2\/media?parent=21314"}],"wp:term":[{"taxonomy":"product_brand","embeddable":true,"href":"https:\/\/riding.zandona.net\/fr\/wp-json\/wp\/v2\/product_brand?post=21314"},{"taxonomy":"product_cat","embeddable":true,"href":"https:\/\/riding.zandona.net\/fr\/wp-json\/wp\/v2\/product_cat?post=21314"},{"taxonomy":"product_tag","embeddable":true,"href":"https:\/\/riding.zandona.net\/fr\/wp-json\/wp\/v2\/product_tag?post=21314"}],"curies":[{"name":"wp","href":"https:\/\/api.w.org\/{rel}","templated":true}]}}