{"id":21385,"date":"2024-11-06T17:06:09","date_gmt":"2024-11-06T16:06:09","guid":{"rendered":"https:\/\/riding.zandona.net\/shop\/non class\u00e9\/carbon-air-sensitive-candy-girth\/"},"modified":"2024-11-07T12:27:18","modified_gmt":"2024-11-07T11:27:18","slug":"carbon-air-sensitive-candy-girth","status":"publish","type":"product","link":"https:\/\/riding.zandona.net\/fr\/shop\/sortie\/sangle-bavette-protezioni-cavallo-in-promozione\/carbon-air-sensitive-candy-girth\/","title":{"rendered":"CARBON AIR SENSITIVE+ Candy Girth"},"content":{"rendered":"<p>\u00ab CARBON AIR SENSITIVE+ CANDY GIRTH \u00bb est une sangle innovante con\u00e7ue pour d\u00e9fendre la zone ventrale du cheval dans la discipline du saut d&#8217;obstacles.<\/p>\n<p>Sa doublure int\u00e9rieure en laine d&#8217;agneau m\u00e9rinos v\u00e9ritable offre un confort maximal. Gr\u00e2ce \u00e0 ses propri\u00e9t\u00e9s anti-allergiques et thermor\u00e9gulatrices, il est \u00e9galement id\u00e9al pour les cuirs chevelus sensibles.<br \/>\nCARACT\u00c9RISTIQUES PRINCIPALES  :<br \/>\n&#8211; Boucles \u00e0 fermeture automatique pour un r\u00e9glage rapide ;<br \/>\n&#8211; Prises d&#8217;air pour une ventilation suppl\u00e9mentaire;<br \/>\n&#8211; Inserts en fibre de carbone pour une protection suppl\u00e9mentaire;<br \/>\n&#8211; Coque anatomique en TPU pour un confort maximal ;<br \/>\n&#8211; Mousqueton a\u00e9ronautique en aluminium avec coque de protection ;<br \/>\n&#8211; Produit 100% italien.<\/p>\n<p>Disponible en 3 variantes de couleur et en 9 tailles diff\u00e9rentes (110-115-120-125-130-135-140-145-150 cm), il assure un positionnement parfait, \u00e9vitant tout type de stress.<\/p>\n<p>INSTRUCTIONS DE LAVAGE POUR LA LAINE D&#8217;AGNEAU<br \/>\nLes produits de la ligne SENSITIVE+ sont fabriqu\u00e9s avec un rev\u00eatement en V\u00c9RITABLE AGNEAU mais SANS CUIR.<br \/>\nCela permet donc d&#8217;\u00e9viter les probl\u00e8mes typiques de l&#8217;entretien et du soin du cuir. Cependant, un soin r\u00e9gulier du produit est recommand\u00e9 pour maintenir ses qualit\u00e9s, son apparence et ses performances inchang\u00e9es, afin de prot\u00e9ger au mieux votre cheval \u00e0 tout moment.<br \/>\nVous trouverez ci-dessous des conseils de soin et d\u2019entretien pour la ligne Carbon Air Sensitive+ :<br \/>\n&#8211; Nettoyer le produit d\u00e9licatement \u00e0 l&#8217;aide d&#8217;une brosse non agressive, d&#8217;un chiffon doux, ou en l&#8217;essuyant \u00e0 la main avec une \u00e9ponge douce ;<br \/>\n&#8211; Laver le produit \u00e0 la main \u00e0 l&#8217;eau froide ou \u00e0 30 \u00b0C maximum ;<br \/>\n&#8211; Utiliser des d\u00e9tergents sp\u00e9cialement con\u00e7us pour la laine ;<br \/>\n&#8211; Laisser s\u00e9cher le produit dans un endroit sec et bien ventil\u00e9, de pr\u00e9f\u00e9rence \u00e0 l&#8217;abri des rayons directs du soleil et loin des sources de chaleur artificielle.<\/p>\n<p>ATTENTION :<br \/>\n&#8211; Ne pas laver le produit avec un d\u00e9tergent classique ;<br \/>\n&#8211; Ne pas laver le produit en machine ;<br \/>\n&#8211; Ne pas mettre le produit dans le s\u00e8che-linge.<\/p>\n<p>Zandon\u00e0 se r\u00e9serve le droit de ne pas \u00eatre tenu responsable de tout dommage aux produits r\u00e9sultant du non-respect des instructions ci-dessus.<br \/>\nPour toute aide suppl\u00e9mentaire, veuillez contacter le service client\u00e8le(customercare@zandona.net) ou appeler le +39 0423 569135.<\/p>\n","protected":false},"excerpt":{"rendered":"<p>Sangle Bavette Saut d&#8217;Obstacles<\/p>\n","protected":false},"featured_media":28542,"comment_status":"open","ping_status":"closed","template":"","meta":[],"product_brand":[],"product_cat":[3983,3554],"product_tag":[],"class_list":{"0":"post-21385","1":"product","2":"type-product","3":"status-publish","4":"has-post-thumbnail","6":"product_cat-sangle-bavette-protezioni-cavallo-in-promozione","7":"product_cat-sortie","8":"pa_codice-intrastat-42010000-fr","9":"pa_disciplina-utilizzo-saut-dobstacles","11":"first","12":"instock","13":"taxable","14":"shipping-taxable","15":"purchasable","16":"product-type-variable"},"_links":{"self":[{"href":"https:\/\/riding.zandona.net\/fr\/wp-json\/wp\/v2\/product\/21385","targetHints":{"allow":["GET"]}}],"collection":[{"href":"https:\/\/riding.zandona.net\/fr\/wp-json\/wp\/v2\/product"}],"about":[{"href":"https:\/\/riding.zandona.net\/fr\/wp-json\/wp\/v2\/types\/product"}],"replies":[{"embeddable":true,"href":"https:\/\/riding.zandona.net\/fr\/wp-json\/wp\/v2\/comments?post=21385"}],"wp:featuredmedia":[{"embeddable":true,"href":"https:\/\/riding.zandona.net\/fr\/wp-json\/wp\/v2\/media\/28542"}],"wp:attachment":[{"href":"https:\/\/riding.zandona.net\/fr\/wp-json\/wp\/v2\/media?parent=21385"}],"wp:term":[{"taxonomy":"product_brand","embeddable":true,"href":"https:\/\/riding.zandona.net\/fr\/wp-json\/wp\/v2\/product_brand?post=21385"},{"taxonomy":"product_cat","embeddable":true,"href":"https:\/\/riding.zandona.net\/fr\/wp-json\/wp\/v2\/product_cat?post=21385"},{"taxonomy":"product_tag","embeddable":true,"href":"https:\/\/riding.zandona.net\/fr\/wp-json\/wp\/v2\/product_tag?post=21385"}],"curies":[{"name":"wp","href":"https:\/\/api.w.org\/{rel}","templated":true}]}}