{"id":21404,"date":"2024-11-06T17:06:21","date_gmt":"2024-11-06T16:06:21","guid":{"rendered":"https:\/\/riding.zandona.net\/shop\/non class\u00e9\/king-carbon-air-front\/"},"modified":"2024-11-07T15:33:24","modified_gmt":"2024-11-07T14:33:24","slug":"king-carbon-air-front","status":"publish","type":"product","link":"https:\/\/riding.zandona.net\/fr\/shop\/cheval\/protections-pour-les-chevaux\/dressage-fr-3\/king-carbon-air-front\/","title":{"rendered":"KING CARBON AIR Front"},"content":{"rendered":"<p>\u00ab KING CARBON AIR FRONT \u00bb sont des gu\u00eatres d\u00e9di\u00e9es au Dressage. Elles sont con\u00e7ues pour contenir et soutenir l&#8217;appareil tendineux ainsi que pour prot\u00e9ger le boulet et une partie du tibia du cheval contre les chocs. Elles sont \u00e9galement \u00e9quip\u00e9es d&#8217;un syst\u00e8me de fermeture r\u00e9volutionnaire (brevet\u00e9) qui facilite le positionnement sur le membre, offre un meilleur soutien des tendons que les gu\u00eatres classiques du march\u00e9 et garantit un ajustement et une stabilit\u00e9 parfaits.<\/p>\n<p>CARACT\u00c9RISTIQUES PRINCIPALES  :<\/p>\n<p>&#8211; Coque anatomique en TPU avec \u00e9paisseur diff\u00e9renci\u00e9e ;<br \/>\n&#8211; Inserts en fibre de carbone pour une protection suppl\u00e9mentaire;<br \/>\n&#8211; Rembourrage en Gel-Tech pour l&#8217;absorption des chocs ;<br \/>\n&#8211; Prises d&#8217;air pour une ventilation suppl\u00e9mentaire;<br \/>\n&#8211; N\u00e9opr\u00e8ne perfor\u00e9 pour la respirabilit\u00e9;<br \/>\n&#8211; Flex-Zone pour une libert\u00e9 de mouvement totale ;<br \/>\n&#8211; Produit 100% italien.<\/p>\n","protected":false},"excerpt":{"rendered":"<p>Protection de la patte avant<\/p>\n","protected":false},"featured_media":28552,"comment_status":"open","ping_status":"open","template":"","meta":[],"product_brand":[],"product_cat":[3642,3742,3546,3646],"product_tag":[],"class_list":{"0":"post-21404","1":"product","2":"type-product","3":"status-publish","4":"has-post-thumbnail","6":"product_cat-cheval","7":"product_cat-dressage-fr-3","8":"product_cat-meilleures-ventes","9":"product_cat-protections-pour-les-chevaux","10":"pa_codice-intrastat-42010000-fr","11":"pa_disciplina-utilizzo-dressage-fr","12":"pa_giro-nodello-da-26-a-28-cm-fr","13":"pa_giro-nodello-da-29-a-30-cm-fr","14":"pa_giro-nodello-da-31-a-32-cm-fr","15":"pa_giro-nodello-da-33-a-35-cm-fr","17":"first","18":"instock","19":"taxable","20":"shipping-taxable","21":"purchasable","22":"product-type-variable"},"_links":{"self":[{"href":"https:\/\/riding.zandona.net\/fr\/wp-json\/wp\/v2\/product\/21404","targetHints":{"allow":["GET"]}}],"collection":[{"href":"https:\/\/riding.zandona.net\/fr\/wp-json\/wp\/v2\/product"}],"about":[{"href":"https:\/\/riding.zandona.net\/fr\/wp-json\/wp\/v2\/types\/product"}],"replies":[{"embeddable":true,"href":"https:\/\/riding.zandona.net\/fr\/wp-json\/wp\/v2\/comments?post=21404"}],"wp:featuredmedia":[{"embeddable":true,"href":"https:\/\/riding.zandona.net\/fr\/wp-json\/wp\/v2\/media\/28552"}],"wp:attachment":[{"href":"https:\/\/riding.zandona.net\/fr\/wp-json\/wp\/v2\/media?parent=21404"}],"wp:term":[{"taxonomy":"product_brand","embeddable":true,"href":"https:\/\/riding.zandona.net\/fr\/wp-json\/wp\/v2\/product_brand?post=21404"},{"taxonomy":"product_cat","embeddable":true,"href":"https:\/\/riding.zandona.net\/fr\/wp-json\/wp\/v2\/product_cat?post=21404"},{"taxonomy":"product_tag","embeddable":true,"href":"https:\/\/riding.zandona.net\/fr\/wp-json\/wp\/v2\/product_tag?post=21404"}],"curies":[{"name":"wp","href":"https:\/\/api.w.org\/{rel}","templated":true}]}}