{"id":21430,"date":"2024-11-06T17:06:57","date_gmt":"2024-11-06T16:06:57","guid":{"rendered":"https:\/\/riding.zandona.net\/shop\/non class\u00e9\/prince-sensitive-front\/"},"modified":"2024-11-07T12:28:26","modified_gmt":"2024-11-07T11:28:26","slug":"prince-sensitive-front","status":"publish","type":"product","link":"https:\/\/riding.zandona.net\/fr\/shop\/cheval\/protections-pour-les-chevaux\/dressage-fr-3\/prince-sensitive-front\/","title":{"rendered":"PRINCE SENSITIVE+ Front"},"content":{"rendered":"<p>Les PRINCE SENSITIVE+ sont des prot\u00e8ge-tibias avant l\u00e9gers et 100 % Made in Italy pour le dressage et le travail sur le plat d\u00e9velopp\u00e9s pour prot\u00e9ger les membres du cheval en soutenant les tendons.<br \/>\nDot\u00e9s de notre rev\u00eatement interne \u00ab No Skin, No Problem \u00bb en laine M\u00e9rinos v\u00e9ritable, ils sont super et respirants gr\u00e2ce \u00e0 leurs propri\u00e9t\u00e9s hypoallerg\u00e9niques et naturellement thermor\u00e9gulatrices.<br \/>\nL&#8217;int\u00e9rieur en Gel-Tech permet l&#8217;absorption des chocs et un rembourrage confortable, tandis que la fibre de carbone offre un niveau de protection \u00e9lev\u00e9.<br \/>\nLeur forme ergonomique et leur fermeture \u00e0 double sangle assurent un positionnement parfait, une stabilit\u00e9 maximale et une grande libert\u00e9 de mouvement.<br \/>\nCARACT\u00c9RISTIQUES PRINCIPALES:<br \/>\n&#8211; Anatomique et ergonomique Structure ;<br \/>\n&#8211; Rev\u00eatement interne \u00ab No Skin, No Problem \u00bb ;<br \/>\n&#8211; Compl\u00e8tement respirant;<br \/>\n&#8211; Inserts en fibre de carbone pour une Protection Suppl\u00e9mentaire ;<br \/>\n&#8211; Gel-Tech Technologie;<br \/>\n&#8211; Produit 100% italien.<\/p>\n<p>INSTRUCTIONS DE LAVAGE POUR LA LAINE D&#8217;AGNEAU<br \/>\nLes produits de la ligne SENSITIVE+ sont fabriqu\u00e9s avec un rev\u00eatement en V\u00c9RITABLE AGNEAU mais SANS CUIR.<br \/>\nCela permet d&#8217;\u00e9viter les probl\u00e8mes typiques de l&#8217;entretien et du soin du cuir. Cependant, un soin r\u00e9gulier du produit est recommand\u00e9 pour maintenir ses qualit\u00e9s, son apparence et ses performances inchang\u00e9es, afin de prot\u00e9ger au mieux votre cheval \u00e0 tout moment.<br \/>\nVous trouverez ci-dessous des conseils de soin et d\u2019entretien pour la ligne Sensitive+ :<br \/>\n&#8211; Nettoyer le produit d\u00e9licatement \u00e0 l&#8217;aide d&#8217;une brosse non agressive, d&#8217;un chiffon doux, ou en l&#8217;essuyant \u00e0 la main avec une \u00e9ponge douce ;<br \/>\n&#8211; Laver le produit \u00e0 la main \u00e0 l&#8217;eau froide ou \u00e0 30 \u00b0C maximum ;<br \/>\n&#8211; Utiliser des d\u00e9tergents sp\u00e9cialement con\u00e7us pour la laine ;<br \/>\n&#8211; Laisser s\u00e9cher le produit dans un endroit sec et bien ventil\u00e9, de pr\u00e9f\u00e9rence \u00e0 l&#8217;abri des rayons directs du soleil et loin des sources de chaleur artificielle.<\/p>\n<p>ATTENTION :<br \/>\n&#8211; Ne pas laver le produit avec un d\u00e9tergent classique ;<br \/>\n&#8211; Ne pas laver le produit en machine ;<br \/>\n&#8211; Ne pas mettre le produit dans le s\u00e8che-linge.<\/p>\n","protected":false},"excerpt":{"rendered":"<p>Protection de la patte avant<\/p>\n","protected":false},"featured_media":28612,"comment_status":"open","ping_status":"open","template":"","meta":[],"product_brand":[],"product_cat":[3642,3742,3646,3550],"product_tag":[],"class_list":{"0":"post-21430","1":"product","2":"type-product","3":"status-publish","4":"has-post-thumbnail","6":"product_cat-cheval","7":"product_cat-dressage-fr-3","8":"product_cat-protections-pour-les-chevaux","9":"product_cat-recommande","10":"pa_codice-intrastat-42010000-fr","11":"pa_disciplina-utilizzo-dressage-fr","12":"pa_giro-nodello-da-29-a-30-cm-fr","13":"pa_giro-nodello-da-31-a-32-cm-fr","14":"pa_giro-nodello-da-33-a-35-cm-fr","16":"first","17":"instock","18":"taxable","19":"shipping-taxable","20":"purchasable","21":"product-type-variable"},"_links":{"self":[{"href":"https:\/\/riding.zandona.net\/fr\/wp-json\/wp\/v2\/product\/21430","targetHints":{"allow":["GET"]}}],"collection":[{"href":"https:\/\/riding.zandona.net\/fr\/wp-json\/wp\/v2\/product"}],"about":[{"href":"https:\/\/riding.zandona.net\/fr\/wp-json\/wp\/v2\/types\/product"}],"replies":[{"embeddable":true,"href":"https:\/\/riding.zandona.net\/fr\/wp-json\/wp\/v2\/comments?post=21430"}],"wp:featuredmedia":[{"embeddable":true,"href":"https:\/\/riding.zandona.net\/fr\/wp-json\/wp\/v2\/media\/28612"}],"wp:attachment":[{"href":"https:\/\/riding.zandona.net\/fr\/wp-json\/wp\/v2\/media?parent=21430"}],"wp:term":[{"taxonomy":"product_brand","embeddable":true,"href":"https:\/\/riding.zandona.net\/fr\/wp-json\/wp\/v2\/product_brand?post=21430"},{"taxonomy":"product_cat","embeddable":true,"href":"https:\/\/riding.zandona.net\/fr\/wp-json\/wp\/v2\/product_cat?post=21430"},{"taxonomy":"product_tag","embeddable":true,"href":"https:\/\/riding.zandona.net\/fr\/wp-json\/wp\/v2\/product_tag?post=21430"}],"curies":[{"name":"wp","href":"https:\/\/api.w.org\/{rel}","templated":true}]}}