{"id":21450,"date":"2024-11-06T17:07:23","date_gmt":"2024-11-06T16:07:23","guid":{"rendered":"https:\/\/riding.zandona.net\/shop\/non class\u00e9\/royal-bell\/"},"modified":"2024-11-07T12:29:04","modified_gmt":"2024-11-07T11:29:04","slug":"royal-bell","status":"publish","type":"product","link":"https:\/\/riding.zandona.net\/fr\/shop\/cheval\/protections-pour-les-chevaux\/cloches-fr\/dressage-fr-2\/royal-bell\/","title":{"rendered":"ROYAL-BELL"},"content":{"rendered":"<p>Cloche de dressage l\u00e9g\u00e8re et 100 % Made in Italy , en n\u00e9opr\u00e8ne de qualit\u00e9 avec un design ext\u00e9rieur en faux cuir, con\u00e7ue pour prot\u00e9ger l&#8217;ensemble du sabot des chocs, des \u00e9raflures et des frottements.<br \/>\nLa double sangle assure une fermeture optimale et la tirette interne facilite le d\u00e9crochage.<br \/>\nLe bord sup\u00e9rieur rev\u00eatu de laine M\u00e9rinos v\u00e9ritable \u00ab No Skin, No Problem \u00bb optimise le confort.<\/p>\n<p>WARNING: not to be used for CROSS-COUNTRY and SHOW JUMPING.<\/p>\n","protected":false},"excerpt":{"rendered":"<p>Cloches<\/p>\n","protected":false},"featured_media":11430,"comment_status":"open","ping_status":"open","template":"","meta":[],"product_brand":[],"product_cat":[3642,3708,3665,3646],"product_tag":[],"class_list":{"0":"post-21450","1":"product","2":"type-product","3":"status-publish","4":"has-post-thumbnail","6":"product_cat-cheval","7":"product_cat-cloches-fr","8":"product_cat-dressage-fr-2","9":"product_cat-protections-pour-les-chevaux","10":"pa_codice-intrastat-42010000-fr","11":"pa_disciplina-utilizzo-dressage-fr","12":"pa_giro-corona-da-35-a-38-cm-fr","13":"pa_giro-corona-da-39-a-40-cm-fr","14":"pa_giro-corona-da-41-a-42-cm-fr","15":"pa_giro-corona-da-43-a-46-cm-fr","17":"first","18":"instock","19":"taxable","20":"shipping-taxable","21":"purchasable","22":"product-type-variable"},"_links":{"self":[{"href":"https:\/\/riding.zandona.net\/fr\/wp-json\/wp\/v2\/product\/21450","targetHints":{"allow":["GET"]}}],"collection":[{"href":"https:\/\/riding.zandona.net\/fr\/wp-json\/wp\/v2\/product"}],"about":[{"href":"https:\/\/riding.zandona.net\/fr\/wp-json\/wp\/v2\/types\/product"}],"replies":[{"embeddable":true,"href":"https:\/\/riding.zandona.net\/fr\/wp-json\/wp\/v2\/comments?post=21450"}],"wp:featuredmedia":[{"embeddable":true,"href":"https:\/\/riding.zandona.net\/fr\/wp-json\/wp\/v2\/media\/11430"}],"wp:attachment":[{"href":"https:\/\/riding.zandona.net\/fr\/wp-json\/wp\/v2\/media?parent=21450"}],"wp:term":[{"taxonomy":"product_brand","embeddable":true,"href":"https:\/\/riding.zandona.net\/fr\/wp-json\/wp\/v2\/product_brand?post=21450"},{"taxonomy":"product_cat","embeddable":true,"href":"https:\/\/riding.zandona.net\/fr\/wp-json\/wp\/v2\/product_cat?post=21450"},{"taxonomy":"product_tag","embeddable":true,"href":"https:\/\/riding.zandona.net\/fr\/wp-json\/wp\/v2\/product_tag?post=21450"}],"curies":[{"name":"wp","href":"https:\/\/api.w.org\/{rel}","templated":true}]}}