{"id":21467,"date":"2024-11-06T17:07:36","date_gmt":"2024-11-06T16:07:36","guid":{"rendered":"https:\/\/riding.zandona.net\/shop\/non class\u00e9\/carbon-air-x-country-front\/"},"modified":"2024-11-07T15:34:27","modified_gmt":"2024-11-07T14:34:27","slug":"carbon-air-x-country-front","status":"publish","type":"product","link":"https:\/\/riding.zandona.net\/fr\/shop\/cheval\/protections-pour-les-chevaux\/complet-fr-3\/carbon-air-x-country-front\/","title":{"rendered":"CARBON AIR X-COUNTRY Front"},"content":{"rendered":"<p>Les nouvelles gu\u00eatres Carbon Air \u00ab X-Country Front\u00bb ont \u00e9t\u00e9 d\u00e9velopp\u00e9es pour offrir au cheval une protection maximale dans la discipline Concours complet d\u2019\u00e9quitation. Les \u00e9l\u00e9ments en Fibre de Carbone sous la coque isolent thermiquement les articulations de la chaleur g\u00e9n\u00e9r\u00e9e par les frottements et augmentent la r\u00e9sistance aux chocs. Elles sont tr\u00e8s protectrices et tr\u00e8s respirantes gr\u00e2ce \u00e0 leur support en n\u00e9opr\u00e8ne perfor\u00e9. Le design est moderne et le produit pr\u00e9sente une exhaustivit\u00e9 unique de caract\u00e9ristiques.<br \/>\nCARACT\u00c9RISTIQUES PRINCIPALES :<\/p>\n<p>&#8211;  Inserts avant et arri\u00e8re en fibre de carbone pour une protection suppl\u00e9mentaire ;<br \/>\n&#8211; Coque anatomique avec syst\u00e8me de construction brevet\u00e9 ;<br \/>\n&#8211; N&#8217;ABSORBE PAS l&#8217;eau ;<br \/>\n&#8211; Rev\u00eatement anti-chocs ;<br \/>\n&#8211; Protection \u00e0 360\u00b0 du membre ;<br \/>\n&#8211; Int\u00e9rieur sans coutures pour \u00e9viter les frottements ;<br \/>\n&#8211; Stabilit\u00e9 parfaite, test\u00e9e dans des conditions extr\u00eames ;<br \/>\n&#8211; Fermeture \u00e0 double strap -> R\u00e9sistante, Facile et Fiable ;<br \/>\n&#8211; Facile \u00e0 nettoyer ;<br \/>\n&#8211; Produit 100% italien.<\/p>\n","protected":false},"excerpt":{"rendered":"<p>Protection de la patte avant<\/p>\n","protected":false},"featured_media":28682,"comment_status":"open","ping_status":"closed","template":"","meta":[],"product_brand":[],"product_cat":[3642,3746,3546,3646],"product_tag":[],"class_list":{"0":"post-21467","1":"product","2":"type-product","3":"status-publish","4":"has-post-thumbnail","6":"product_cat-cheval","7":"product_cat-complet-fr-3","8":"product_cat-meilleures-ventes","9":"product_cat-protections-pour-les-chevaux","10":"pa_codice-intrastat-42010000-fr","11":"pa_disciplina-utilizzo-complet-fr","12":"pa_giro-nodello-da-26-a-28-cm-fr","13":"pa_giro-nodello-da-29-a-30-cm-fr","14":"pa_giro-nodello-da-31-a-32-cm-fr","16":"first","17":"instock","18":"taxable","19":"shipping-taxable","20":"purchasable","21":"product-type-variable"},"_links":{"self":[{"href":"https:\/\/riding.zandona.net\/fr\/wp-json\/wp\/v2\/product\/21467","targetHints":{"allow":["GET"]}}],"collection":[{"href":"https:\/\/riding.zandona.net\/fr\/wp-json\/wp\/v2\/product"}],"about":[{"href":"https:\/\/riding.zandona.net\/fr\/wp-json\/wp\/v2\/types\/product"}],"replies":[{"embeddable":true,"href":"https:\/\/riding.zandona.net\/fr\/wp-json\/wp\/v2\/comments?post=21467"}],"wp:featuredmedia":[{"embeddable":true,"href":"https:\/\/riding.zandona.net\/fr\/wp-json\/wp\/v2\/media\/28682"}],"wp:attachment":[{"href":"https:\/\/riding.zandona.net\/fr\/wp-json\/wp\/v2\/media?parent=21467"}],"wp:term":[{"taxonomy":"product_brand","embeddable":true,"href":"https:\/\/riding.zandona.net\/fr\/wp-json\/wp\/v2\/product_brand?post=21467"},{"taxonomy":"product_cat","embeddable":true,"href":"https:\/\/riding.zandona.net\/fr\/wp-json\/wp\/v2\/product_cat?post=21467"},{"taxonomy":"product_tag","embeddable":true,"href":"https:\/\/riding.zandona.net\/fr\/wp-json\/wp\/v2\/product_tag?post=21467"}],"curies":[{"name":"wp","href":"https:\/\/api.w.org\/{rel}","templated":true}]}}