{"id":21486,"date":"2024-11-06T17:08:03","date_gmt":"2024-11-06T16:08:03","guid":{"rendered":"https:\/\/riding.zandona.net\/shop\/non class\u00e9\/x-bell-pony\/"},"modified":"2024-11-07T12:29:47","modified_gmt":"2024-11-07T11:29:47","slug":"x-bell-pony","status":"publish","type":"product","link":"https:\/\/riding.zandona.net\/fr\/shop\/cheval\/poney\/cloches\/x-bell-pony\/","title":{"rendered":"X-BELL PONY"},"content":{"rendered":"<p>L\u00e9g\u00e8res et de fabrication 100 % Italienne, les cloches X-BELL sont con\u00e7ues dans un n\u00e9opr\u00e8ne de qualit\u00e9, avec une finition carbone et d\u00e9velopp\u00e9es pour prot\u00e9ger le pied contre les chocs, les \u00e9gratignures et les frottements. Une fixation par double strap assure une tenue parfaite.<\/p>\n","protected":false},"excerpt":{"rendered":"<p>Cloches<\/p>\n","protected":false},"featured_media":28717,"comment_status":"open","ping_status":"open","template":"","meta":[],"product_brand":[],"product_cat":[3642,3707,3726],"product_tag":[],"class_list":{"0":"post-21486","1":"product","2":"type-product","3":"status-publish","4":"has-post-thumbnail","6":"product_cat-cheval","7":"product_cat-cloches","8":"product_cat-poney","9":"pa_codice-intrastat-42010000-fr","10":"pa_disciplina-utilizzo-complet-fr","11":"pa_giro-corona-da-30-a-34-cm-fr","13":"first","14":"instock","15":"taxable","16":"shipping-taxable","17":"purchasable","18":"product-type-variable"},"_links":{"self":[{"href":"https:\/\/riding.zandona.net\/fr\/wp-json\/wp\/v2\/product\/21486","targetHints":{"allow":["GET"]}}],"collection":[{"href":"https:\/\/riding.zandona.net\/fr\/wp-json\/wp\/v2\/product"}],"about":[{"href":"https:\/\/riding.zandona.net\/fr\/wp-json\/wp\/v2\/types\/product"}],"replies":[{"embeddable":true,"href":"https:\/\/riding.zandona.net\/fr\/wp-json\/wp\/v2\/comments?post=21486"}],"wp:featuredmedia":[{"embeddable":true,"href":"https:\/\/riding.zandona.net\/fr\/wp-json\/wp\/v2\/media\/28717"}],"wp:attachment":[{"href":"https:\/\/riding.zandona.net\/fr\/wp-json\/wp\/v2\/media?parent=21486"}],"wp:term":[{"taxonomy":"product_brand","embeddable":true,"href":"https:\/\/riding.zandona.net\/fr\/wp-json\/wp\/v2\/product_brand?post=21486"},{"taxonomy":"product_cat","embeddable":true,"href":"https:\/\/riding.zandona.net\/fr\/wp-json\/wp\/v2\/product_cat?post=21486"},{"taxonomy":"product_tag","embeddable":true,"href":"https:\/\/riding.zandona.net\/fr\/wp-json\/wp\/v2\/product_tag?post=21486"}],"curies":[{"name":"wp","href":"https:\/\/api.w.org\/{rel}","templated":true}]}}