{"id":21498,"date":"2024-11-06T17:08:16","date_gmt":"2024-11-06T16:08:16","guid":{"rendered":"https:\/\/riding.zandona.net\/shop\/non class\u00e9\/x-bell-pony-furry\/"},"modified":"2024-11-07T12:30:07","modified_gmt":"2024-11-07T11:30:07","slug":"x-bell-pony-furry","status":"publish","type":"product","link":"https:\/\/riding.zandona.net\/fr\/shop\/cheval\/poney\/cloches\/x-bell-pony-furry\/","title":{"rendered":"X-BELL PONY FURRY"},"content":{"rendered":"<p>Cloche l\u00e9g\u00e8re, 100 % Made in Italy, en n\u00e9opr\u00e8ne de haute qualit\u00e9 avec un design ext\u00e9rieur \u00e0 effet carbone, con\u00e7ue pour prot\u00e9ger l&#8217;ensemble du sabot des chocs, des rayures et des frottements.<br \/>\nLa double sangle assure une excellente fermeture.<br \/>\nLe bord sup\u00e9rieur a \u00e9t\u00e9 doubl\u00e9 d&#8217;une douce fourrure artificielle pour optimiser le confort.<\/p>\n","protected":false},"excerpt":{"rendered":"<p>Cloches<\/p>\n","protected":false},"featured_media":28737,"comment_status":"open","ping_status":"open","template":"","meta":[],"product_brand":[],"product_cat":[3642,3707,3726],"product_tag":[],"class_list":{"0":"post-21498","1":"product","2":"type-product","3":"status-publish","4":"has-post-thumbnail","6":"product_cat-cheval","7":"product_cat-cloches","8":"product_cat-poney","9":"pa_codice-intrastat-42010000-fr","10":"pa_disciplina-utilizzo-complet-fr","11":"pa_giro-corona-da-30-a-34-cm-fr","13":"first","14":"instock","15":"taxable","16":"shipping-taxable","17":"purchasable","18":"product-type-variable"},"_links":{"self":[{"href":"https:\/\/riding.zandona.net\/fr\/wp-json\/wp\/v2\/product\/21498","targetHints":{"allow":["GET"]}}],"collection":[{"href":"https:\/\/riding.zandona.net\/fr\/wp-json\/wp\/v2\/product"}],"about":[{"href":"https:\/\/riding.zandona.net\/fr\/wp-json\/wp\/v2\/types\/product"}],"replies":[{"embeddable":true,"href":"https:\/\/riding.zandona.net\/fr\/wp-json\/wp\/v2\/comments?post=21498"}],"wp:featuredmedia":[{"embeddable":true,"href":"https:\/\/riding.zandona.net\/fr\/wp-json\/wp\/v2\/media\/28737"}],"wp:attachment":[{"href":"https:\/\/riding.zandona.net\/fr\/wp-json\/wp\/v2\/media?parent=21498"}],"wp:term":[{"taxonomy":"product_brand","embeddable":true,"href":"https:\/\/riding.zandona.net\/fr\/wp-json\/wp\/v2\/product_brand?post=21498"},{"taxonomy":"product_cat","embeddable":true,"href":"https:\/\/riding.zandona.net\/fr\/wp-json\/wp\/v2\/product_cat?post=21498"},{"taxonomy":"product_tag","embeddable":true,"href":"https:\/\/riding.zandona.net\/fr\/wp-json\/wp\/v2\/product_tag?post=21498"}],"curies":[{"name":"wp","href":"https:\/\/api.w.org\/{rel}","templated":true}]}}