{"id":21521,"date":"2024-11-06T17:08:43","date_gmt":"2024-11-06T16:08:43","guid":{"rendered":"https:\/\/riding.zandona.net\/shop\/non class\u00e9\/pro-safe-travel-boot-rear\/"},"modified":"2024-11-07T12:30:46","modified_gmt":"2024-11-07T11:30:46","slug":"pro-safe-travel-boot-rear","status":"publish","type":"product","link":"https:\/\/riding.zandona.net\/fr\/shop\/cheval\/protections-pour-les-chevaux\/transport\/pro-safe-travel-boot-rear\/","title":{"rendered":"PRO-SAFE TRAVEL BOOT Rear"},"content":{"rendered":"<p>Les PRO-SAFE TRAVEL BOOT sont des prot\u00e8ge-tibias de voyage 100 % Made in Italy, sp\u00e9cialement con\u00e7us pour prot\u00e9ger le genou et le jarret du cheval des impacts et des contusions pendant le transport.<br \/>\nIls sont fabriqu\u00e9s avec un rembourrage sp\u00e9cial haute densit\u00e9 pour offrir plus de protection, de stabilit\u00e9 et de confort.<\/p>\n<p>Gr\u00e2ce au rev\u00eatement interne en Coolmax\u00ae qui expulse la transpiration, les PRO-SAFE TRAVEL BOOT garantissent un haut niveau de respirabilit\u00e9 pour maintenir les membres du cheval toujours bien ventil\u00e9s pendant le transport.<\/p>\n<p>Les protections int\u00e9gr\u00e9es haute performance du genou (prot\u00e8ge-tibias avant) et du jarret (prot\u00e8ge-tibias arri\u00e8re) augmentent consid\u00e9rablement la s\u00e9curit\u00e9 du cheval lors des d\u00e9placements.<\/p>\n<p>Les rembourrages anti-chocs en caoutchouc NBR au niveau de la r\u00e9gion de la jambe au-dessus du sabot et au niveau du paturon offrent une protection suppl\u00e9mentaire contre les chocs accidentels dans ces zones d\u00e9licates.<\/p>\n<p>Un ajustement solide, confortable et simple est assur\u00e9 par le syst\u00e8me de fermeture strap rapide et fiable.<\/p>\n<p>CARACT\u00c9RISTIQUES PRINCIPALES :<br \/>\n&#8211; Rembourrage sp\u00e9cial haute densit\u00e9 pour une protection, une stabilit\u00e9 et un confort accrus ;<br \/>\n&#8211; Protections int\u00e9gr\u00e9es haute performance du genou et du jarret pour une excellente protection lors des d\u00e9placements ;<br \/>\n&#8211; Rembourrage anti-chocs en caoutchouc NBR au niveau de la r\u00e9gion de la jambe au-dessus du sabot et au niveau du paturon ;<br \/>\n&#8211; Rev\u00eatement interne en Coolmax\u00ae ;<br \/>\n&#8211; Faciles et rapides \u00e0 mettre et \u00e0 enlever ;<br \/>\n&#8211; Produit 100% italien.<\/p>\n<p>NETTOYAGE ET SOIN :<br \/>\n&#8211; Enlever d\u00e9licatement et soigneusement les poils et la salet\u00e9 avec une brosse non agressive ;<br \/>\n&#8211; S\u2019assurer que toutes les sangles sont compl\u00e8tement ferm\u00e9es ;<br \/>\n&#8211; Laver \u00e0 la main ou en machine (produits d\u00e9licats) \u00e0 30 \u00b0C avec un savon doux ;<br \/>\n&#8211; Laisser s\u00e9cher naturellement, loin des sources de chaleur directes ;<br \/>\n&#8211; Stocker le produit dans un endroit frais et sec.<\/p>\n","protected":false},"excerpt":{"rendered":"<p>Gu\u00eatres de voyage<\/p>\n","protected":false},"featured_media":11524,"comment_status":"open","ping_status":"closed","template":"","meta":[],"product_brand":[],"product_cat":[3642,3646,3722],"product_tag":[],"class_list":{"0":"post-21521","1":"product","2":"type-product","3":"status-publish","4":"has-post-thumbnail","6":"product_cat-cheval","7":"product_cat-protections-pour-les-chevaux","8":"product_cat-transport","9":"pa_codice-intrastat-42010000-fr","10":"pa_disciplina-utilizzo-transport-fr-2","11":"pa_giro-nodello-da-28-a-30-cm-fr","12":"pa_giro-nodello-da-31-a-37-cm-fr","14":"first","15":"instock","16":"taxable","17":"shipping-taxable","18":"purchasable","19":"product-type-variable"},"_links":{"self":[{"href":"https:\/\/riding.zandona.net\/fr\/wp-json\/wp\/v2\/product\/21521","targetHints":{"allow":["GET"]}}],"collection":[{"href":"https:\/\/riding.zandona.net\/fr\/wp-json\/wp\/v2\/product"}],"about":[{"href":"https:\/\/riding.zandona.net\/fr\/wp-json\/wp\/v2\/types\/product"}],"replies":[{"embeddable":true,"href":"https:\/\/riding.zandona.net\/fr\/wp-json\/wp\/v2\/comments?post=21521"}],"wp:featuredmedia":[{"embeddable":true,"href":"https:\/\/riding.zandona.net\/fr\/wp-json\/wp\/v2\/media\/11524"}],"wp:attachment":[{"href":"https:\/\/riding.zandona.net\/fr\/wp-json\/wp\/v2\/media?parent=21521"}],"wp:term":[{"taxonomy":"product_brand","embeddable":true,"href":"https:\/\/riding.zandona.net\/fr\/wp-json\/wp\/v2\/product_brand?post=21521"},{"taxonomy":"product_cat","embeddable":true,"href":"https:\/\/riding.zandona.net\/fr\/wp-json\/wp\/v2\/product_cat?post=21521"},{"taxonomy":"product_tag","embeddable":true,"href":"https:\/\/riding.zandona.net\/fr\/wp-json\/wp\/v2\/product_tag?post=21521"}],"curies":[{"name":"wp","href":"https:\/\/api.w.org\/{rel}","templated":true}]}}