{"id":21529,"date":"2024-11-06T17:08:43","date_gmt":"2024-11-06T16:08:43","guid":{"rendered":"https:\/\/riding.zandona.net\/shop\/non class\u00e9\/support-boot-air-pony-front\/"},"modified":"2024-11-07T12:30:55","modified_gmt":"2024-11-07T11:30:55","slug":"support-boot-air-pony-front","status":"publish","type":"product","link":"https:\/\/riding.zandona.net\/fr\/shop\/cheval\/poney\/ecurie-box-repos-fr\/support-boot-air-pony-front\/","title":{"rendered":"SUPPORT BOOT AIR PONY Front"},"content":{"rendered":"<p>\u00ab SUPPORT BOOT AIR PONY \u00bb sont des gu\u00eatres de repos \u00e0 utiliser dans le box, d\u00e9velopp\u00e9es pour fournir un soutien aux ligaments suspenseurs et un confinement de l&#8217;appareil tendineux lors du transport du poney et pour r\u00e9duire les gonflements typiques apr\u00e8s le travail. \u00ab SUPPORT BOOT AIR PONY \u00bb est une alternative fonctionnelle et pratique aux sangles traditionnelles de repos qui permet d&#8217;\u00e9viter les erreurs dangereuses de bandage et de gagner du temps.<\/p>\n<p>CARACT\u00c9RISTIQUES PRINCIPALES  :<\/p>\n<p>&#8211; Sangle interchangeable ;<br \/>\n&#8211; COOLMAX\u00ae (fibre sp\u00e9ciale qui transporte l&#8217;humidit\u00e9 vers la surface ext\u00e9rieure du tissu, gardant la peau s\u00e8che) ;<br \/>\n&#8211; Prot\u00e8ge-paturon anti-usure et anti-frottement ;<br \/>\n&#8211; Fermeture garantie par des sangles \u00e9lastiques<br \/>\n&#8211; Produit 100% italien.<\/p>\n<p>N.B. Le produit est lavable en machine \u00e0 40\u00b0 avec un lavage doux<br \/>\n&#8211; Ne convient pas \u00e0 une utilisation en paddock ou \u00e0 des activit\u00e9s dynamiques (ex. marche, travail \u00e0 plat, etc.)<\/p>\n","protected":false},"excerpt":{"rendered":"<p>Gu\u00eatres pour chevaux pour \u00e9curie\/repos\/box<\/p>\n","protected":false},"featured_media":28797,"comment_status":"open","ping_status":"closed","template":"","meta":[],"product_brand":[],"product_cat":[3716,3726],"product_tag":[],"class_list":{"0":"post-21529","1":"product","2":"type-product","3":"status-publish","4":"has-post-thumbnail","6":"product_cat-ecurie-box-repos-fr","7":"product_cat-poney","8":"pa_codice-intrastat-42010000-fr","9":"pa_disciplina-utilizzo-ecuries","10":"pa_disciplina-utilizzo-transport-fr","11":"pa_giro-nodello-da-26-a-28-cm-fr","13":"first","14":"instock","15":"taxable","16":"shipping-taxable","17":"purchasable","18":"product-type-simple"},"_links":{"self":[{"href":"https:\/\/riding.zandona.net\/fr\/wp-json\/wp\/v2\/product\/21529","targetHints":{"allow":["GET"]}}],"collection":[{"href":"https:\/\/riding.zandona.net\/fr\/wp-json\/wp\/v2\/product"}],"about":[{"href":"https:\/\/riding.zandona.net\/fr\/wp-json\/wp\/v2\/types\/product"}],"replies":[{"embeddable":true,"href":"https:\/\/riding.zandona.net\/fr\/wp-json\/wp\/v2\/comments?post=21529"}],"wp:featuredmedia":[{"embeddable":true,"href":"https:\/\/riding.zandona.net\/fr\/wp-json\/wp\/v2\/media\/28797"}],"wp:attachment":[{"href":"https:\/\/riding.zandona.net\/fr\/wp-json\/wp\/v2\/media?parent=21529"}],"wp:term":[{"taxonomy":"product_brand","embeddable":true,"href":"https:\/\/riding.zandona.net\/fr\/wp-json\/wp\/v2\/product_brand?post=21529"},{"taxonomy":"product_cat","embeddable":true,"href":"https:\/\/riding.zandona.net\/fr\/wp-json\/wp\/v2\/product_cat?post=21529"},{"taxonomy":"product_tag","embeddable":true,"href":"https:\/\/riding.zandona.net\/fr\/wp-json\/wp\/v2\/product_tag?post=21529"}],"curies":[{"name":"wp","href":"https:\/\/api.w.org\/{rel}","templated":true}]}}