{"id":21531,"date":"2024-11-06T17:08:43","date_gmt":"2024-11-06T16:08:43","guid":{"rendered":"https:\/\/riding.zandona.net\/shop\/non%20class\u00e9\/therapeutic-support-boot-air-front\/"},"modified":"2026-03-12T16:26:06","modified_gmt":"2026-03-12T15:26:06","slug":"magnetic-support-boot-air-front","status":"publish","type":"product","link":"https:\/\/riding.zandona.net\/fr\/shop\/cheval\/ligne-bien-etre\/magnetic-support-boot-air-front\/","title":{"rendered":"MAGNETIC SUPPORT BOOT AIR Front"},"content":{"rendered":"<p>Les gu\u00eatres de repos MAGNETIC SUPPORT BOOT AIR sont con\u00e7ues pour offrir un <strong>soutien ligamentaire avanc\u00e9 et un confort sup\u00e9rieur aux chevaux pendant les p\u00e9riodes de repos et de transport.<\/strong><\/p>\n<p>\u00c9quip\u00e9es de <strong>18 aimants permanents<\/strong> positionn\u00e9s strat\u00e9giquement <strong>du sabot jusqu\u2019\u00e0 la zone du canon selon les principes de la r\u00e9flexologie<\/strong>, les MAGNETIC SUPPORT BOOT AIR offrent <strong>confort et relaxation<\/strong> gr\u00e2ce \u00e0 la <strong>technologie magn\u00e9tique <\/strong><strong>permanent<\/strong><strong>.<\/strong><\/p>\n<p>La disposition sp\u00e9cifique des aimants a \u00e9t\u00e9 d\u00e9velopp\u00e9e en <strong>collaboration avec des v\u00e9t\u00e9rinaires<\/strong> afin de garantir que leur <strong>densit\u00e9 de flux<\/strong>, <strong>leur intensit\u00e9 et leur polarisation<\/strong> puissent <strong>maximiser l\u2019augmentation de la circulation sanguine et lymphatique<\/strong>, avec de <strong>multiples effets b\u00e9n\u00e9fiques<\/strong>.<\/p>\n<p>&nbsp;<\/p>\n<p><strong>Fabriqu\u00e9es en Italie<\/strong>, les gu\u00eatres sont dot\u00e9es d\u2019une doublure <strong>interchangeable en tissu COOLMAX\u00ae<\/strong>, con\u00e7ue pour une <strong>gestion efficace de l\u2019humidit\u00e9 et pour maintenir la peau s\u00e8che<\/strong>. Un renfort suppl\u00e9mentaire dans la zone du boulet am\u00e9liore la durabilit\u00e9 et la r\u00e9sistance aux frottements.<\/p>\n<p>Les<strong> sangles \u00e9lastiques <\/strong>sont calibr\u00e9es afin de garantir <strong>un positionnement s\u00fbr, une compression \u00e9quilibr\u00e9e et un confort maximal.<\/strong><\/p>\n<p><strong><u>Technologie Magn\u00e9tique<\/u><\/strong><\/p>\n<p>Les aimants permanents sont fabriqu\u00e9s en <strong>alliage N\u00e9odyme-Fer-Bore avec rev\u00eatement en nickel<\/strong>, chacun g\u00e9n\u00e9rant une densit\u00e9 de <strong>flux magn\u00e9tique de 2600 Gauss.<\/strong><\/p>\n<p>&nbsp;<\/p>\n<p>Selon les <strong>principes traditionnels de r\u00e9flexologie \u00e9quine et des lignes de distribution \u00e9nerg\u00e9tique<\/strong>, les aimants sont positionn\u00e9s sur des <strong>zones anatomiques s\u00e9lectionn\u00e9es du sabot et du membre inf\u00e9rieur afin de favoriser le confort g\u00e9n\u00e9ral et le bien-\u00eatre.<\/strong><\/p>\n<p>&nbsp;<\/p>\n<p>En utilisant les principes de la r\u00e9flexologie, gr\u00e2ce \u00e0 la <strong>stimulation magn\u00e9tique des points r\u00e9flexes situ\u00e9s sur certains m\u00e9ridiens du cheval<\/strong> (les m\u00eames points utilis\u00e9s en acupuncture), certains <strong>effets d\u2019\u00e9quilibrage mod\u00e9r\u00e9s<\/strong> peuvent \u00eatre obtenus.<\/p>\n<p>&nbsp;<\/p>\n<p>&nbsp;<\/p>\n<p><strong><u>Principes de R\u00e9flexologie<\/u><\/strong><\/p>\n<p>&nbsp;<\/p>\n<p><strong>GU\u00caTRES AVANT:<\/strong><\/p>\n<p>&#8211; L\u2019aimant situ\u00e9 pr\u00e8s du m\u00e9ridien Yang SI (Intestin Gr\u00eale &#8211; Ting SI1) agit sur <strong>la circulation du cou et de la colonne vert\u00e9brale<\/strong> et <strong>contre la lat\u00e9ralit\u00e9 gauche<\/strong>.<\/p>\n<p>&#8211; L\u2019aimant situ\u00e9 pr\u00e8s du m\u00e9ridien Yang TH (Triple R\u00e9chauffeur &#8211; Ting TH1) agit sur le <strong>boulet ant\u00e9rieur<\/strong> et <strong>contre les douleurs scapulo-hum\u00e9rales<\/strong>.<\/p>\n<p>&#8211; L\u2019aimant situ\u00e9 pr\u00e8s du m\u00e9ridien Yin HT (C\u0153ur &#8211; Ting HT9) agit sur la m<strong>usculature douloureuse, enflamm\u00e9e et surmen\u00e9e<\/strong>.<\/p>\n<p>&#8211; L\u2019aimant situ\u00e9 pr\u00e8s du m\u00e9ridien Yang LI (Gros Intestin &#8211; Ting LI1) agit <strong>contre les spasmes musculaires de l\u2019\u00e9paule<\/strong> <strong>et du cou<\/strong> ainsi que <strong>contre la lat\u00e9ralit\u00e9 droite<\/strong>.<\/p>\n<p>&#8211; L\u2019aimant situ\u00e9 pr\u00e8s du m\u00e9ridien Yin PE (P\u00e9ricarde &#8211; Ting PE9) agit sur le <strong>sabot<\/strong>, les <strong>tendons ant\u00e9rieurs<\/strong> et les <strong>ligaments<\/strong>.<\/p>\n<p>&#8211; L\u2019aimant situ\u00e9 pr\u00e8s du m\u00e9ridien Yin LU (Poumon &#8211; Ting LU11) agit <strong>contre les dysfonctionnements musculo-tendineux du sabot<\/strong> et <strong>contre les douleurs scapulo-hum\u00e9rales<\/strong>.<\/p>\n<p>&nbsp;<\/p>\n<p><strong>GU\u00caTRES ARRI\u00c8RE:<\/strong><\/p>\n<p>&#8211; L\u2019aimant situ\u00e9 pr\u00e8s du m\u00e9ridien Yang LIV (Foie &#8211; Ting LIV1) agit sur le <strong>boulet<\/strong>, les <strong>muscles lat\u00e9raux superficiels<\/strong> et les <strong>muscles de la croupe et de la hanche.<\/strong><\/p>\n<p>&#8211; L\u2019aimant situ\u00e9 pr\u00e8s du m\u00e9ridien Yang KI (Rein &#8211; Ting KI1) agit sur le <strong>boulet<\/strong>, les <strong>os<\/strong> et les <strong>tendons post\u00e9rieurs.<\/strong><\/p>\n<p>&#8211; L\u2019aimant situ\u00e9 pr\u00e8s du m\u00e9ridien Yang SP (Rate &#8211; Ting SP1) agit <strong>contre la formation excessive de liquide synovial<\/strong> et sur les <strong>muscles psoas<\/strong>.<\/p>\n<p>&#8211; L\u2019aimant situ\u00e9 pr\u00e8s du m\u00e9ridien Yin BL (Vessie &#8211; Ting BL67) agit sur le <strong>sabot<\/strong>.<\/p>\n<p>&#8211; L\u2019aimant situ\u00e9 pr\u00e8s du m\u00e9ridien Yin GB (V\u00e9sicule Biliaire &#8211; Ting GB44) agit sur le <strong>sabot<\/strong> et sur les <strong>muscles lat\u00e9raux.<\/strong><\/p>\n<p>&#8211; L\u2019aimant situ\u00e9 pr\u00e8s du m\u00e9ridien Yin ST (Estomac &#8211; Ting ST45) agit sur les <strong>muscles<\/strong> et le <strong>boulet<\/strong>.<\/p>\n<p>&nbsp;<\/p>\n<p>&nbsp;<\/p>\n<p><strong><u>Utilisation Recommand\u00e9e<\/u><\/strong><\/p>\n<ul>\n<li>Adapt\u00e9es pendant les p\u00e9riodes de repos<br \/>\n\u2022 Id\u00e9ales apr\u00e8s les s\u00e9ances d\u2019entra\u00eenement<br \/>\n\u2022 Adapt\u00e9es au transport<br \/>\n\u2022 Appliquer uniquement lorsque le cheval est sec et refroidi<br \/>\n\u2022 Une introduction progressive est recommand\u00e9e lors des premi\u00e8res utilisations<br \/>\n\u2022 Non adapt\u00e9es au paddock ou aux activit\u00e9s dynamiques (ex. marche, travail sur le plat, sortie)<\/li>\n<\/ul>\n<p>&nbsp;<\/p>\n<p><strong><u>Informations Importantes<\/u><\/strong><\/p>\n<ul>\n<li>Ne pas appliquer sur des plaies ouvertes ou des affections cutan\u00e9es non trait\u00e9es<br \/>\n\u2022 \u00c9viter l\u2019utilisation pendant la phase aigu\u00eb de traumatismes visibles<br \/>\n\u2022 Ne pas utiliser en pr\u00e9sence de stimulateur cardiaque<br \/>\n\u2022 Ne pas utiliser durant la grossesse<br \/>\n\u2022 Consulter votre v\u00e9t\u00e9rinaire en cas de probl\u00e8mes de sant\u00e9 particuliers<br \/>\n\u2022 Ce produit n\u2019est pas un dispositif m\u00e9dical<\/li>\n<\/ul>\n","protected":false},"excerpt":{"rendered":"<p>Gu\u00eatres de magn\u00e9tiques<\/p>\n","protected":false},"featured_media":28807,"comment_status":"open","ping_status":"closed","template":"","meta":[],"product_brand":[],"product_cat":[3642,3750,3546],"product_tag":[],"class_list":{"0":"post-21531","1":"product","2":"type-product","3":"status-publish","4":"has-post-thumbnail","6":"product_cat-cheval","7":"product_cat-ligne-bien-etre","8":"product_cat-meilleures-ventes","9":"pa_codice-intrastat-42010000-fr","10":"pa_disciplina-utilizzo-ecuries","11":"pa_disciplina-utilizzo-transport-fr","12":"pa_giro-nodello-da-26-a-28-cm-fr","13":"pa_giro-nodello-da-29-a-30-cm-fr","14":"pa_giro-nodello-da-31-a-32-cm-fr","15":"pa_giro-nodello-da-33-a-35-cm-fr","17":"first","18":"instock","19":"taxable","20":"shipping-taxable","21":"purchasable","22":"product-type-variable"},"_links":{"self":[{"href":"https:\/\/riding.zandona.net\/fr\/wp-json\/wp\/v2\/product\/21531","targetHints":{"allow":["GET"]}}],"collection":[{"href":"https:\/\/riding.zandona.net\/fr\/wp-json\/wp\/v2\/product"}],"about":[{"href":"https:\/\/riding.zandona.net\/fr\/wp-json\/wp\/v2\/types\/product"}],"replies":[{"embeddable":true,"href":"https:\/\/riding.zandona.net\/fr\/wp-json\/wp\/v2\/comments?post=21531"}],"wp:featuredmedia":[{"embeddable":true,"href":"https:\/\/riding.zandona.net\/fr\/wp-json\/wp\/v2\/media\/28807"}],"wp:attachment":[{"href":"https:\/\/riding.zandona.net\/fr\/wp-json\/wp\/v2\/media?parent=21531"}],"wp:term":[{"taxonomy":"product_brand","embeddable":true,"href":"https:\/\/riding.zandona.net\/fr\/wp-json\/wp\/v2\/product_brand?post=21531"},{"taxonomy":"product_cat","embeddable":true,"href":"https:\/\/riding.zandona.net\/fr\/wp-json\/wp\/v2\/product_cat?post=21531"},{"taxonomy":"product_tag","embeddable":true,"href":"https:\/\/riding.zandona.net\/fr\/wp-json\/wp\/v2\/product_tag?post=21531"}],"curies":[{"name":"wp","href":"https:\/\/api.w.org\/{rel}","templated":true}]}}