{"id":21577,"date":"2024-11-06T17:09:47","date_gmt":"2024-11-06T16:09:47","guid":{"rendered":"https:\/\/riding.zandona.net\/shop\/non%20class\u00e9\/therapeutic-support-boot-air-padding-rear-made-with-coolmax\/"},"modified":"2026-03-12T16:48:54","modified_gmt":"2026-03-12T15:48:54","slug":"magnetic-support-boot-air-padding-rear-made-with-coolmax","status":"publish","type":"product","link":"https:\/\/riding.zandona.net\/fr\/shop\/cheval\/accessoires-de-protection-du-cheval\/remplacement-de-guetres-de-transport-et-magnetiques\/magnetic-support-boot-air-padding-rear-made-with-coolmax\/","title":{"rendered":"MAGNETIC SUPPORT BOOT AIR PADDING Rear MADE WITH COOLMAX \u00ae"},"content":{"rendered":"<p>Rembourrage de remplacement pour \u00ab MAGNETIC SUPPORT BOOT rear \u00bb.<\/p>\n<p>Le rembourrage interne magn\u00e9tique MAGNETIC SUPPORT BOOT AIR PADDING est un accessoire de remplacement con\u00e7u pour \u00eatre utilis\u00e9 avec les MAGNETIC SUPPORT BOOT AIR.<\/p>\n<p>Cet <strong>insert interne amovible<\/strong> permet aux cavaliers de <strong>maintenir les performances et l\u2019int\u00e9grit\u00e9 structurelle<\/strong> de leurs MAGNETIC SUPPORT BOOT AIR dans le temps.<\/p>\n<p>&nbsp;<\/p>\n<p><strong><u>Caract\u00e9ristiques principales<\/u><\/strong><\/p>\n<ul>\n<li><strong>Tissu COOLMAX\u00ae, <\/strong>con\u00e7u pour une <strong>gestion efficace de l\u2019humidit\u00e9 et une meilleure respirabilit\u00e9.<\/strong><\/li>\n<li>Con\u00e7u pour une <strong>compatibilit\u00e9 parfaite <\/strong>avec les MAGNETIC SUPPORT BOOT AIR<\/li>\n<li><strong>Rembourrage interne magn\u00e9tique amovible et interchangeable<\/strong><\/li>\n<li><strong>Fabriqu\u00e9es en Italie<\/strong><\/li>\n<\/ul>\n","protected":false},"excerpt":{"rendered":"<p>Pi\u00e8ces de rechange pour Magnetic Boots<\/p>\n","protected":false},"featured_media":28867,"comment_status":"open","ping_status":"closed","template":"","meta":[],"product_brand":[],"product_cat":[3758,3642,3767],"product_tag":[],"class_list":{"0":"post-21577","1":"product","2":"type-product","3":"status-publish","4":"has-post-thumbnail","6":"product_cat-accessoires-de-protection-du-cheval","7":"product_cat-cheval","8":"product_cat-remplacement-de-guetres-de-transport-et-magnetiques","9":"pa_codice-intrastat-42010000-fr","10":"pa_disciplina-utilizzo-ecuries","11":"pa_disciplina-utilizzo-transport-fr","12":"pa_giro-nodello-da-28-a-30-cm-fr","13":"pa_giro-nodello-da-31-a-32-cm-fr","14":"pa_giro-nodello-da-33-a-34-cm-fr","15":"pa_giro-nodello-da-35-a-37-cm-fr","17":"first","18":"instock","19":"taxable","20":"shipping-taxable","21":"purchasable","22":"product-type-variable"},"_links":{"self":[{"href":"https:\/\/riding.zandona.net\/fr\/wp-json\/wp\/v2\/product\/21577","targetHints":{"allow":["GET"]}}],"collection":[{"href":"https:\/\/riding.zandona.net\/fr\/wp-json\/wp\/v2\/product"}],"about":[{"href":"https:\/\/riding.zandona.net\/fr\/wp-json\/wp\/v2\/types\/product"}],"replies":[{"embeddable":true,"href":"https:\/\/riding.zandona.net\/fr\/wp-json\/wp\/v2\/comments?post=21577"}],"wp:featuredmedia":[{"embeddable":true,"href":"https:\/\/riding.zandona.net\/fr\/wp-json\/wp\/v2\/media\/28867"}],"wp:attachment":[{"href":"https:\/\/riding.zandona.net\/fr\/wp-json\/wp\/v2\/media?parent=21577"}],"wp:term":[{"taxonomy":"product_brand","embeddable":true,"href":"https:\/\/riding.zandona.net\/fr\/wp-json\/wp\/v2\/product_brand?post=21577"},{"taxonomy":"product_cat","embeddable":true,"href":"https:\/\/riding.zandona.net\/fr\/wp-json\/wp\/v2\/product_cat?post=21577"},{"taxonomy":"product_tag","embeddable":true,"href":"https:\/\/riding.zandona.net\/fr\/wp-json\/wp\/v2\/product_tag?post=21577"}],"curies":[{"name":"wp","href":"https:\/\/api.w.org\/{rel}","templated":true}]}}