{"id":21582,"date":"2024-11-06T17:09:47","date_gmt":"2024-11-06T16:09:47","guid":{"rendered":"https:\/\/riding.zandona.net\/shop\/non%20class\u00e9\/therapeutic-air-hock\/"},"modified":"2026-03-17T17:15:38","modified_gmt":"2026-03-17T16:15:38","slug":"magnetic-air-hock","status":"publish","type":"product","link":"https:\/\/riding.zandona.net\/fr\/shop\/cheval\/ligne-bien-etre\/magnetic-air-hock\/","title":{"rendered":"MAGNETIC AIR HOCK"},"content":{"rendered":"<p>Les MAGNETIC AIR HOCK sont con\u00e7ues pour offrir un <strong>soutien cibl\u00e9 et un confort accru \u00e0 la zone du jarret pendant les p\u00e9riodes de repos.<\/strong><\/p>\n<p>&nbsp;<\/p>\n<p><strong>Fabriqu\u00e9e en Italie<\/strong>, chaque paire est \u00e9quip\u00e9e de <strong>12 aimants permanents<\/strong> (6 par bande), positionn\u00e9s strat\u00e9giquement pour offrir <strong>confort et relaxation<\/strong> gr\u00e2ce \u00e0 la <strong>technologie magn\u00e9tique permanent.<\/strong><\/p>\n<p>&nbsp;<\/p>\n<p>La <strong>forme ergonomique<\/strong> garantit un <strong>ajustement pr\u00e9cis autour de l\u2019articulation du jarret<\/strong>, offrant un <strong>positionnement s\u00fbr et un confort optimal<\/strong> lorsque le cheval est immobile.<\/p>\n<p>&nbsp;<\/p>\n<p>&nbsp;<\/p>\n<p><strong><u>Technologie Magn\u00e9tique<\/u><\/strong><\/p>\n<p>&nbsp;<\/p>\n<p>Les aimants permanents sont fabriqu\u00e9s en <strong>alliage N\u00e9odyme-Fer-Bore avec rev\u00eatement en nickel<\/strong>, chacun g\u00e9n\u00e9rant une densit\u00e9 de <strong>flux magn\u00e9tique de 2600 Gauss.<\/strong><\/p>\n<p>&nbsp;<\/p>\n<p>Dans le domaine \u00e9questre, les aimants sont traditionnellement utilis\u00e9s dans les routines de repos afin de <strong>favoriser le confort g\u00e9n\u00e9ral et le bien-\u00eatre global.<\/strong><\/p>\n<p>&nbsp;<\/p>\n<p>Les MAGNETIC AIR HOCK ont \u00e9t\u00e9 d\u00e9velopp\u00e9es en <strong>collaboration avec des v\u00e9t\u00e9rinaires<\/strong> afin de garantir que les aimants soient positionn\u00e9s selon des <strong>zones anatomiques sp\u00e9cifiques du <\/strong><strong>jarret.<\/strong><\/p>\n<p>&nbsp;<\/p>\n<p>&nbsp;<\/p>\n<p><strong><u>Utilisation recommand\u00e9e<\/u><\/strong><\/p>\n<ul>\n<li>Adapt\u00e9es pendant les p\u00e9riodes de repos<br \/>\n\u2022 Id\u00e9ales apr\u00e8s les s\u00e9ances d\u2019entra\u00eenement<br \/>\n\u2022 Appliquer uniquement lorsque le cheval est sec et refroidi<br \/>\n\u2022 Une introduction progressive est recommand\u00e9e lors des premi\u00e8res utilisations<br \/>\n\u2022 Non adapt\u00e9es au paddock ou aux activit\u00e9s dynamiques (ex. marche, travail sur le plat, sortie)<\/li>\n<\/ul>\n<p><strong><u>\u00a0<\/u><\/strong><\/p>\n<p><strong><u>Informations importantes<\/u><\/strong><\/p>\n<ul>\n<li>Ne pas appliquer sur des plaies ouvertes ou des affections cutan\u00e9es non trait\u00e9es<br \/>\n\u2022 \u00c9viter l\u2019utilisation pendant la phase aigu\u00eb de traumatismes visibles<br \/>\n\u2022 Ne pas utiliser en pr\u00e9sence de stimulateur cardiaque<br \/>\n\u2022 Ne pas utiliser durant la grossesse<br \/>\n\u2022 Consulter votre v\u00e9t\u00e9rinaire en cas de probl\u00e8mes de sant\u00e9 particuliers<br \/>\n\u2022 Ce produit n\u2019est pas un dispositif m\u00e9dical<\/li>\n<\/ul>\n","protected":false},"excerpt":{"rendered":"<p>Bandages Magn\u00e9tiques<\/p>\n","protected":false},"featured_media":28872,"comment_status":"open","ping_status":"closed","template":"","meta":[],"product_brand":[],"product_cat":[3642,3750],"product_tag":[],"class_list":{"0":"post-21582","1":"product","2":"type-product","3":"status-publish","4":"has-post-thumbnail","6":"product_cat-cheval","7":"product_cat-ligne-bien-etre","8":"pa_circonferenza-garretto-da-38-a-40-cm-fr","9":"pa_circonferenza-garretto-da-41-a-43-cm-fr","10":"pa_circonferenza-garretto-da-44-a-46-cm-fr","11":"pa_circonferenza-garretto-da-47-a-50-cm-fr","12":"pa_codice-intrastat-42010000-fr","13":"pa_disciplina-utilizzo-ecuries","14":"pa_disciplina-utilizzo-transport-fr","16":"first","17":"instock","18":"taxable","19":"shipping-taxable","20":"purchasable","21":"product-type-variable"},"_links":{"self":[{"href":"https:\/\/riding.zandona.net\/fr\/wp-json\/wp\/v2\/product\/21582","targetHints":{"allow":["GET"]}}],"collection":[{"href":"https:\/\/riding.zandona.net\/fr\/wp-json\/wp\/v2\/product"}],"about":[{"href":"https:\/\/riding.zandona.net\/fr\/wp-json\/wp\/v2\/types\/product"}],"replies":[{"embeddable":true,"href":"https:\/\/riding.zandona.net\/fr\/wp-json\/wp\/v2\/comments?post=21582"}],"wp:featuredmedia":[{"embeddable":true,"href":"https:\/\/riding.zandona.net\/fr\/wp-json\/wp\/v2\/media\/28872"}],"wp:attachment":[{"href":"https:\/\/riding.zandona.net\/fr\/wp-json\/wp\/v2\/media?parent=21582"}],"wp:term":[{"taxonomy":"product_brand","embeddable":true,"href":"https:\/\/riding.zandona.net\/fr\/wp-json\/wp\/v2\/product_brand?post=21582"},{"taxonomy":"product_cat","embeddable":true,"href":"https:\/\/riding.zandona.net\/fr\/wp-json\/wp\/v2\/product_cat?post=21582"},{"taxonomy":"product_tag","embeddable":true,"href":"https:\/\/riding.zandona.net\/fr\/wp-json\/wp\/v2\/product_tag?post=21582"}],"curies":[{"name":"wp","href":"https:\/\/api.w.org\/{rel}","templated":true}]}}