{"id":21587,"date":"2024-11-06T17:10:03","date_gmt":"2024-11-06T16:10:03","guid":{"rendered":"https:\/\/riding.zandona.net\/shop\/non%20class\u00e9\/therapeutic-air-rug\/"},"modified":"2026-03-17T17:21:57","modified_gmt":"2026-03-17T16:21:57","slug":"magnetic-air-rug","status":"publish","type":"product","link":"https:\/\/riding.zandona.net\/fr\/shop\/cheval\/ligne-bien-etre\/magnetic-air-rug\/","title":{"rendered":"MAGNETIC AIR RUG"},"content":{"rendered":"<p><strong>MAGNETIC AIR RUG<\/strong> est une couverture magn\u00e9tique de repos con\u00e7ue pour offrir <strong>un soutien avanc\u00e9 et un confort sup\u00e9rieur aux chevaux<\/strong> pendant le temps pass\u00e9 au box et lors des routines apr\u00e8s le travail.<\/p>\n<p><strong>Fabriqu\u00e9e en Italie<\/strong> \u00e0 partir d\u2019un tissu <strong>3D Air-Mesh respirant<\/strong>, elle est \u00e9quip\u00e9e de <strong>32 aimants permanents<\/strong>, positionn\u00e9s strat\u00e9giquement le long de la <strong>zone lombaire-dorsale, de la colonne vert\u00e9brale et des \u00e9paules<\/strong>, afin d\u2019apporter confort et relaxation gr\u00e2ce \u00e0 la <strong>technologie magn\u00e9tique permanent<\/strong>.<\/p>\n<p>MAGNETIC AIR RUG combine recherche technique, mat\u00e9riaux premium et design fonctionnel. Elle peut \u00eatre utilis\u00e9e seule ou sous une couverture d\u2019hiver, offrant une <strong>polyvalence et une adaptabilit\u00e9 maximales<\/strong>.<\/p>\n<p>&nbsp;<\/p>\n<p><strong><u>Technologie Magn\u00e9tique<\/u><\/strong><\/p>\n<p>Les aimants permanents sont fabriqu\u00e9s en <strong>alliage de N\u00e9odyme-Fer-Bore avec rev\u00eatement en nickel<\/strong>, chacun g\u00e9n\u00e9rant une <strong>densit\u00e9 de flux magn\u00e9tique de 2600 Gauss<\/strong>.<\/p>\n<p>Dans le domaine \u00e9questre, les aimants sont traditionnellement utilis\u00e9s dans les <strong>routines de repos <\/strong>afin de favoriser le confort g\u00e9n\u00e9ral et le bien-\u00eatre global.<\/p>\n<p>MAGNETIC AIR RUG a \u00e9t\u00e9 d\u00e9velopp\u00e9e <strong>en collaboration avec des v\u00e9t\u00e9rinaires<\/strong> afin de garantir que les aimants soient positionn\u00e9s selon des <strong>zones anatomiques s\u00e9lectionn\u00e9es sur l\u2019ensemble du dos et des \u00e9paules<\/strong>.<\/p>\n<p>&nbsp;<\/p>\n<p><strong><u>Concept de performance et de r\u00e9cup\u00e9ration<\/u><\/strong><\/p>\n<p><strong>MAGNETIC AIR RUG<\/strong> est con\u00e7ue pour :<\/p>\n<ul>\n<li>Soutenir le cheval pendant les phases de <strong>repos <\/strong><\/li>\n<li>Contribuer \u00e0 une <strong>routine au box plus d\u00e9tendue et confortable<\/strong><\/li>\n<li>Am\u00e9liorer le <strong>confort g\u00e9n\u00e9ral pendant le repos et le transport<\/strong><\/li>\n<li>S\u2019int\u00e9grer facilement dans les <strong>programmes de l\u2019entra\u00eenement<\/strong><\/li>\n<\/ul>\n<p>&nbsp;<\/p>\n<p>Sa <strong>construction l\u00e9g\u00e8re et respirante<\/strong> permet une <strong>circulation optimale de l\u2019air et un contr\u00f4le efficace de la temp\u00e9rature<\/strong>, garantissant le confort m\u00eame lors d\u2019une utilisation prolong\u00e9e.<\/p>\n<p>&nbsp;<\/p>\n<p><strong><u>Utilisation Recommand\u00e9e<\/u><\/strong><\/p>\n<ul>\n<li>Adapt\u00e9e pendant les p\u00e9riodes de repos<br \/>\n\u2022 Id\u00e9ale avant ou apr\u00e8s les s\u00e9ances d\u2019entra\u00eenement<br \/>\n\u2022 Peut \u00eatre utilis\u00e9e seule ou sous d\u2019autres couvertures<br \/>\n\u2022 Appliquer uniquement lorsque le cheval est sec et refroidi<br \/>\n\u2022 Une introduction progressive est recommand\u00e9e lors des premi\u00e8res utilisations<br \/>\n\u2022 Non adapt\u00e9e au paddock ou aux activit\u00e9s dynamiques (ex. marche, travail sur le plat, sortie)<\/li>\n<\/ul>\n<p>&nbsp;<\/p>\n<p><strong><u>Informations Importantes<\/u><\/strong><\/p>\n<ul>\n<li>Ne pas appliquer sur des plaies ouvertes ou des affections cutan\u00e9es non trait\u00e9es<br \/>\n\u2022 \u00c9viter l\u2019utilisation pendant la phase aigu\u00eb de traumatismes visibles<br \/>\n\u2022 Ne pas utiliser en pr\u00e9sence de stimulateur cardiaque<br \/>\n\u2022 Ne pas utiliser durant la grossesse<br \/>\n\u2022 Consulter votre v\u00e9t\u00e9rinaire en cas de probl\u00e8mes de sant\u00e9 particuliers<br \/>\n\u2022 Ce produit n\u2019est pas un dispositif m\u00e9dical<\/li>\n<\/ul>\n","protected":false},"excerpt":{"rendered":"<p>Couverture Magn\u00e9tique pour cheval<\/p>\n","protected":false},"featured_media":11605,"comment_status":"open","ping_status":"closed","template":"","meta":[],"product_brand":[],"product_cat":[3642,3750,3550],"product_tag":[],"class_list":{"0":"post-21587","1":"product","2":"type-product","3":"status-publish","4":"has-post-thumbnail","6":"product_cat-cheval","7":"product_cat-ligne-bien-etre","8":"product_cat-recommande","9":"pa_codice-intrastat-42010000-fr","10":"pa_disciplina-utilizzo-ecuries","11":"pa_disciplina-utilizzo-transport-fr","12":"pa_lunghezza-garrese-coda-da-130-a-144-cm-fr","13":"pa_lunghezza-garrese-coda-da-145-a-159-cm-fr","14":"pa_lunghezza-garrese-coda-da-160-a-174-cm-fr","16":"first","17":"instock","18":"taxable","19":"shipping-taxable","20":"purchasable","21":"product-type-variable"},"_links":{"self":[{"href":"https:\/\/riding.zandona.net\/fr\/wp-json\/wp\/v2\/product\/21587","targetHints":{"allow":["GET"]}}],"collection":[{"href":"https:\/\/riding.zandona.net\/fr\/wp-json\/wp\/v2\/product"}],"about":[{"href":"https:\/\/riding.zandona.net\/fr\/wp-json\/wp\/v2\/types\/product"}],"replies":[{"embeddable":true,"href":"https:\/\/riding.zandona.net\/fr\/wp-json\/wp\/v2\/comments?post=21587"}],"wp:featuredmedia":[{"embeddable":true,"href":"https:\/\/riding.zandona.net\/fr\/wp-json\/wp\/v2\/media\/11605"}],"wp:attachment":[{"href":"https:\/\/riding.zandona.net\/fr\/wp-json\/wp\/v2\/media?parent=21587"}],"wp:term":[{"taxonomy":"product_brand","embeddable":true,"href":"https:\/\/riding.zandona.net\/fr\/wp-json\/wp\/v2\/product_brand?post=21587"},{"taxonomy":"product_cat","embeddable":true,"href":"https:\/\/riding.zandona.net\/fr\/wp-json\/wp\/v2\/product_cat?post=21587"},{"taxonomy":"product_tag","embeddable":true,"href":"https:\/\/riding.zandona.net\/fr\/wp-json\/wp\/v2\/product_tag?post=21587"}],"curies":[{"name":"wp","href":"https:\/\/api.w.org\/{rel}","templated":true}]}}