{"id":21591,"date":"2024-11-06T17:10:03","date_gmt":"2024-11-06T16:10:03","guid":{"rendered":"https:\/\/riding.zandona.net\/shop\/non%20class\u00e9\/therapeutic-ceramic-rug\/"},"modified":"2026-03-17T17:21:51","modified_gmt":"2026-03-17T16:21:51","slug":"magnetic-ceramic-rug","status":"publish","type":"product","link":"https:\/\/riding.zandona.net\/fr\/shop\/cheval\/ligne-bien-etre\/magnetic-ceramic-rug\/","title":{"rendered":"MAGNETIC CERAMIC RUG"},"content":{"rendered":"<p><strong>La couverture MAGNETIC CERAMIC RUG<\/strong> repr\u00e9sente une \u00e9volution avanc\u00e9e dans la gestion des phases de repos du cheval, combinant une <strong>technologie magn\u00e9tique permanent <\/strong>et un <strong>tissu c\u00e9ramique \u00e0 base de FIR<\/strong> dans une seule couverture haute performance.<\/p>\n<p><strong>Fabriqu\u00e9e en Italie<\/strong>, \u00e0 partir d\u2019un tissu technique respirant et enrichi de <strong>particules min\u00e9rales c\u00e9ramiques, elle est <\/strong>con\u00e7ue pour interagir avec la <strong>chaleur corporelle naturelle du cheval<\/strong> et d\u00e9velopp\u00e9e pour offrir <strong>confort, \u00e9quilibre et relaxation pendant les p\u00e9riodes de repos<\/strong>.<\/p>\n<p>Ce concept \u00e0 <strong>double technologie<\/strong> int\u00e8gre :<\/p>\n<ul>\n<li><strong>32 aimants permanents <\/strong>;<\/li>\n<li>Un<strong> textile enrichi en c\u00e9ramique con\u00e7u pour r\u00e9fl\u00e9chir l\u2019\u00e9nergie Far Infrared (FIR) <\/strong>;<\/li>\n<li>Une<strong> distribution anatomique <\/strong>sur la zone lombaire-dorsale, la colonne vert\u00e9brale et les \u00e9paules.<\/li>\n<\/ul>\n<p>&nbsp;<\/p>\n<p><strong><u>Ceramic FIR Technologie<\/u><\/strong><\/p>\n<p>Le tissu int\u00e8gre des <strong>particules min\u00e9rales c\u00e9ramiques structur\u00e9es<\/strong> incorpor\u00e9es dans les fibres.<\/p>\n<p>Lorsqu\u2019elles sont activ\u00e9es par la <strong>chaleur corporelle naturelle du cheval<\/strong>, le mat\u00e9riau est con\u00e7u pour <strong>r\u00e9fl\u00e9chir l\u2019\u00e9nergie Far Infrared (FIR) vers le corps<\/strong>, contribuant \u00e0 un <strong>effet thermique agr\u00e9able et uniforme<\/strong> et permettant de renforcer l\u2019action de la <strong>technologie magn\u00e9tique <\/strong><strong>permanent<\/strong>.<\/p>\n<p><strong><u><br \/>\nTechnologie Magn\u00e9tique<\/u><\/strong><\/p>\n<p>Les aimants permanents sont fabriqu\u00e9s en <strong>alliage de N\u00e9odyme-Fer-Bore avec rev\u00eatement en nickel<\/strong>, chacun g\u00e9n\u00e9rant une <strong>densit\u00e9 de flux magn\u00e9tique de 2600 Gauss<\/strong>.<\/p>\n<p>Dans le domaine \u00e9questre, les aimants sont traditionnellement utilis\u00e9s dans les <strong>routines de repos <\/strong>afin de favoriser le confort g\u00e9n\u00e9ral et le bien-\u00eatre global.<\/p>\n<p>La MAGNETIC CERAMIC RUG a \u00e9t\u00e9 d\u00e9velopp\u00e9e <strong>en collaboration avec des v\u00e9t\u00e9rinaires<\/strong> afin de garantir que les aimants soient positionn\u00e9s selon des <strong>zones anatomiques s\u00e9lectionn\u00e9es sur l\u2019ensemble du dos et des \u00e9paules<\/strong>.<\/p>\n<p><strong><u><br \/>\nUtilisation Recommand\u00e9e<\/u><\/strong><\/p>\n<ul>\n<li>Adapt\u00e9e pendant les p\u00e9riodes de repos<br \/>\n\u2022 Id\u00e9ale avant ou apr\u00e8s les s\u00e9ances d\u2019entra\u00eenement<br \/>\n\u2022 Peut \u00eatre utilis\u00e9e seule ou sous d\u2019autres couvertures<br \/>\n\u2022 Appliquer uniquement lorsque le cheval est sec et refroidi<br \/>\n\u2022 Une introduction progressive est recommand\u00e9e lors des premi\u00e8res utilisations<br \/>\n\u2022 Non adapt\u00e9e au paddock ou aux activit\u00e9s dynamiques (ex. marche, travail sur le plat, sortie)<\/li>\n<\/ul>\n<p>&nbsp;<\/p>\n<p><strong><u>Informations Importantes<\/u><\/strong><\/p>\n<ul>\n<li>Ne pas appliquer sur des plaies ouvertes ou des affections cutan\u00e9es non trait\u00e9es<br \/>\n\u2022 \u00c9viter l\u2019utilisation pendant la phase aigu\u00eb de traumatismes visibles<br \/>\n\u2022 Ne pas utiliser en pr\u00e9sence de stimulateur cardiaque<br \/>\n\u2022 Ne pas utiliser durant la grossesse<br \/>\n\u2022 Consulter votre v\u00e9t\u00e9rinaire en cas de probl\u00e8mes de sant\u00e9 particuliers<br \/>\n\u2022 Ce produit n\u2019est pas un dispositif m\u00e9dical<\/li>\n<\/ul>\n","protected":false},"excerpt":{"rendered":"<p>Couverture Magn\u00e9to-C\u00e9ramique pour cheval<\/p>\n","protected":false},"featured_media":11610,"comment_status":"open","ping_status":"closed","template":"","meta":[],"product_brand":[],"product_cat":[3642,3750,3546,3542],"product_tag":[],"class_list":{"0":"post-21591","1":"product","2":"type-product","3":"status-publish","4":"has-post-thumbnail","6":"product_cat-cheval","7":"product_cat-ligne-bien-etre","8":"product_cat-meilleures-ventes","9":"product_cat-nouveau","10":"pa_codice-intrastat-42010000-fr","11":"pa_disciplina-utilizzo-ecuries","12":"pa_disciplina-utilizzo-transport-fr","13":"pa_lunghezza-garrese-coda-da-130-a-144-cm-fr","14":"pa_lunghezza-garrese-coda-da-145-a-159-cm-fr","15":"pa_lunghezza-garrese-coda-da-160-a-174-cm-fr","17":"first","18":"instock","19":"taxable","20":"shipping-taxable","21":"purchasable","22":"product-type-variable"},"_links":{"self":[{"href":"https:\/\/riding.zandona.net\/fr\/wp-json\/wp\/v2\/product\/21591","targetHints":{"allow":["GET"]}}],"collection":[{"href":"https:\/\/riding.zandona.net\/fr\/wp-json\/wp\/v2\/product"}],"about":[{"href":"https:\/\/riding.zandona.net\/fr\/wp-json\/wp\/v2\/types\/product"}],"replies":[{"embeddable":true,"href":"https:\/\/riding.zandona.net\/fr\/wp-json\/wp\/v2\/comments?post=21591"}],"wp:featuredmedia":[{"embeddable":true,"href":"https:\/\/riding.zandona.net\/fr\/wp-json\/wp\/v2\/media\/11610"}],"wp:attachment":[{"href":"https:\/\/riding.zandona.net\/fr\/wp-json\/wp\/v2\/media?parent=21591"}],"wp:term":[{"taxonomy":"product_brand","embeddable":true,"href":"https:\/\/riding.zandona.net\/fr\/wp-json\/wp\/v2\/product_brand?post=21591"},{"taxonomy":"product_cat","embeddable":true,"href":"https:\/\/riding.zandona.net\/fr\/wp-json\/wp\/v2\/product_cat?post=21591"},{"taxonomy":"product_tag","embeddable":true,"href":"https:\/\/riding.zandona.net\/fr\/wp-json\/wp\/v2\/product_tag?post=21591"}],"curies":[{"name":"wp","href":"https:\/\/api.w.org\/{rel}","templated":true}]}}