{"id":21595,"date":"2024-11-06T17:10:03","date_gmt":"2024-11-06T16:10:03","guid":{"rendered":"https:\/\/riding.zandona.net\/shop\/non%20class\u00e9\/thermoboot\/"},"modified":"2026-03-17T17:32:37","modified_gmt":"2026-03-17T16:32:37","slug":"thermoboot","status":"publish","type":"product","link":"https:\/\/riding.zandona.net\/fr\/shop\/cheval\/ligne-bien-etre\/thermoboot\/","title":{"rendered":"THERMOBOOT"},"content":{"rendered":"<p>Les THERMOBOOT sont con\u00e7ues pour une <strong>application thermique pratique et contr\u00f4l\u00e9e (froid ou chaleur)<\/strong> directement sur les <strong>tendons et les articulations du cheval pendant les p\u00e9riodes de repos<\/strong>.<\/p>\n<p>Fabriqu\u00e9es en <strong>n\u00e9opr\u00e8ne avec rev\u00eatement thermique interne en aluminium<\/strong>, elles permettent de <strong>maintenir la temp\u00e9rature plus longtemps<\/strong>. Elles sont \u00e9galement dot\u00e9es d\u2019une <strong>doublure en 3D-Mesh<\/strong> con\u00e7ue pour prot\u00e9ger la peau tout en garantissant un <strong>transfert thermique optimal<\/strong>.<\/p>\n<p>La <strong>forme anatomique<\/strong> assure stabilit\u00e9, confort et contact optimal avec les tendons et les articulations, tandis que le <strong>syst\u00e8me de fermeture robuste<\/strong> garantit une fixation s\u00fbre. La <strong>languette \u201ceasy-pull\u201d<\/strong> permet un retrait rapide et s\u00e9curis\u00e9.<\/p>\n<p>&nbsp;<\/p>\n<p><strong><u>TH\u00c9RAPIE DU FROID<\/u><\/strong><\/p>\n<p>L\u2019application du froid peut \u00eatre utilis\u00e9e comme <strong>traitement quotidien pour votre cheval<\/strong> et est souvent int\u00e9gr\u00e9e dans les <strong>routines de gestion apr\u00e8s l\u2019exercice<\/strong>.<\/p>\n<p>En effet, apr\u00e8s un travail intense, des <strong>micro-traumatismes des capillaires, des tendons et des ligaments<\/strong> peuvent appara\u00eetre et un refroidissement contr\u00f4l\u00e9 peut contribuer \u00e0 :<\/p>\n<ul>\n<li><strong>Vasoconstriction et diminution de l\u2019afflux de m\u00e9diateurs inflammatoires et de toxines <\/strong><strong>;<\/strong><\/li>\n<li><strong>Gestion de la temp\u00e9rature locale et soulagement de la douleur ;<\/strong><\/li>\n<li><strong>Traitement des h\u00e9matomes, entorses, blessures, \u00e9longations ainsi que des l\u00e9sions des ligaments et des tendons ;<\/strong><\/li>\n<li><strong>Confort apr\u00e8s le travail.<\/strong><\/li>\n<\/ul>\n<p>Pour de meilleurs r\u00e9sultats, l\u2019application du froid est g\u00e9n\u00e9ralement utilis\u00e9e lors de <strong>courtes sessions (20\u201330 minutes maximum)<\/strong> et il est recommand\u00e9 de <strong>v\u00e9rifier r\u00e9guli\u00e8rement <\/strong><strong>Gel-Packs<\/strong> afin de s\u2019assurer que les tissus sous-jacents ne soient pas endommag\u00e9s.<\/p>\n<p>En cas de blessures graves avec hyperextension du boulet, une th\u00e9rapie par glace est n\u00e9cessaire et THERMOBOOT peut \u00eatre utilis\u00e9e en sessions de 20\u201330 minutes, quatre fois par jour ou plus.<\/p>\n<p><strong>L\u2019utilisation continue de la cryoth\u00e9rapie associ\u00e9e \u00e0 un programme d\u2019exercice contr\u00f4l\u00e9 est essentielle pour la r\u00e9cup\u00e9ration et peut acc\u00e9l\u00e9rer le processus de r\u00e9habilitation.<\/strong><\/p>\n<p>Les premi\u00e8res phases des blessures \u00e9tant critiques, <strong>plus la cryoth\u00e9rapie est appliqu\u00e9e t\u00f4t, mieux c\u2019est<\/strong><strong>.<\/strong><\/p>\n<p><strong>\u00a0<\/strong><\/p>\n<p><strong><u>TH\u00c9RAPIE PAR LA CHALEUR<\/u><\/strong><\/p>\n<p>L\u2019application de chaleur est g\u00e9n\u00e9ralement utilis\u00e9e dans les <strong>routines de pr\u00e9paration ou de relaxation<\/strong> afin de <strong>soutenir la circulation sanguine<\/strong> en <strong>\u00e9liminant les inflammations r\u00e9siduelles<\/strong>, en favorisant <strong>l\u2019apport en nutriments<\/strong> et donc la <strong>r\u00e9cup\u00e9ration<\/strong><strong>. <\/strong>Un r\u00e9chauffement contr\u00f4l\u00e9 peut contribuer \u00e0:<\/p>\n<ul>\n<li><strong>Relaxation musculaire ;<\/strong><\/li>\n<li><strong>Pr\u00e9paration avant l\u2019activit\u00e9 ;<\/strong><\/li>\n<li><strong>\u00c9lasticit\u00e9 et flexibilit\u00e9 des tissus mous ;<\/strong><\/li>\n<li><strong>Soutien thermique confortable pendant les phases de repos ;<\/strong><\/li>\n<li><strong>Effet analg\u00e9sique et r\u00e9duction de la douleur (<\/strong>\u00e9galement utile pour les chevaux souffrant<strong> d\u2019arthrite).<\/strong><\/li>\n<\/ul>\n<p>La chaleur doit \u00eatre <strong>introduite progressivement<\/strong> et utilis\u00e9e <strong>par intervalles mod\u00e9r\u00e9s (maximum 20 minutes par session)<\/strong>. Avant utilisation, v\u00e9rifiez toujours la temp\u00e9rature de la source de chaleur <strong>sur votre propre peau<\/strong> afin de vous assurer qu\u2019elle n\u2019est pas trop intense. Il est \u00e9galement recommand\u00e9 de <strong>maintenir le cheval couvert apr\u00e8s les thermoth\u00e9rapies<\/strong> afin d\u2019\u00e9viter un refroidissement trop rapide.<\/p>\n<p>En cas de gonflement, la chaleur doit \u00eatre appliqu\u00e9e <strong>uniquement apr\u00e8s 24 heures sans augmentation du gonflement<\/strong>.<\/p>\n<p>L\u2019<strong>alternance entre chaleur et froid<\/strong>, avec une augmentation progressive du temps d\u2019application de la chaleur et une diminution de l\u2019utilisation du froid, permettra une transition vers une <strong>utilisation uniquement thermique<\/strong>.<\/p>\n<p><strong><br \/>\n<\/strong><strong>MISES EN GARDE\u00a0<\/strong><strong>:<\/strong><\/p>\n<ul>\n<li>Il est important <strong>d\u2019introduire progressivement les th\u00e9rapies chaud\/froid<\/strong> afin de permettre au cheval de s\u2019y adapter et de garantir un b\u00e9n\u00e9fice optimal du traitement tout en limitant au maximum toute source d\u2019inconfort ;<\/li>\n<li><strong>Les l\u00e9sions tendineuses peuvent b\u00e9n\u00e9ficier du froid dans les premi\u00e8res phases (24\u201348 heures apr\u00e8s la blessure initiale) afin de r\u00e9duire l\u2019inflammation. <\/strong>Apr\u00e8s 48 heures<strong>, les th\u00e9rapies par la chaleur peuvent \u00eatre utilis\u00e9es pour augmenter la circulation sanguine dans la zone concern\u00e9e et favoriser le processus de r\u00e9cup\u00e9ration ;<\/strong><\/li>\n<li>En cas de <strong>suspicion de blessure, de gonflement ou de sympt\u00f4mes anormaux<\/strong>, consu<strong>ltez toujours votre v\u00e9t\u00e9rinaire<\/strong> avant utilisation ;<\/li>\n<li>Les THERMOBOOT peuvent \u00eatre utilis\u00e9es sur les membres ant\u00e9rieurs et post\u00e9rieurs ;<\/li>\n<li>Chaque set comprend deux poches de gel (Gel-Packs) r\u00e9utilisables (une par gu\u00eatre) ;<\/li>\n<li><strong>Ne pas laisser le cheval sans surveillance pendant l\u2019application ;<\/strong><\/li>\n<li>Ce produit est destin\u00e9 uniquement au support de gestion thermique et <strong>n\u2019est pas un dispositif m\u00e9dical<\/strong>.<\/li>\n<\/ul>\n<p>&nbsp;<\/p>\n<p><strong>MODE D&#8217;EMPLOI :<\/strong><\/p>\n<p><strong>APPLICATION \u00c0 FROID<\/strong><\/p>\n<p><em>L&#8217;objectif de la th\u00e9rapie par le froid est de rompre le cycle de la r\u00e9ponse inflammatoire avant qu&#8217;elle ne provoque des dommages cellulaires. Le traitement par le froid r\u00e9duit consid\u00e9rablement la quantit\u00e9 de tissu perdu en raison de blessures secondaires.<\/em><\/p>\n<ol>\n<li>Conservez les poches de gel (Gel-Packs) au cong\u00e9lateur afin qu&#8217;elles soient toujours pr\u00eates \u00e0 l&#8217;emploi. Congelez les pendant au moins 2 \u00e0 3 heures avant de les utiliser.<\/li>\n<li>Ins\u00e9rez les Gel-Packs dans les poches des THERMOBOOT. Ne pas appliquer directement sur la peau.<\/li>\n<li>Laissez les THERMOBOOT sur la jambe du cheval pendant 20 \u00e0 30 minutes maximum par s\u00e9ance. Appuyez fermement pour assurer une application correcte. V\u00e9rifiez que les attaches sont bien fix\u00e9es, sans trop les serrer.<\/li>\n<li>Retirez les THERMOBOOT pendant 20 minutes et r\u00e9p\u00e9tez l&#8217;application de froid toutes les heures ou heures et demie si n\u00e9cessaire. Consultez votre v\u00e9t\u00e9rinaire pour une utilisation plus intensive.<\/li>\n<\/ol>\n<p><strong><br \/>\n<\/strong><strong>APPLICATION CHAUDE<\/strong><\/p>\n<p><em>L&#8217;objectif de la th\u00e9rapie par la chaleur est de dilater les vaisseaux sanguins, ce qui augmente le flux sanguin dans la zone o\u00f9 la chaleur est appliqu\u00e9e. Cela entra\u00eene un plus grand afflux de nutriments et d&#8217;oxyg\u00e8ne vers la zone affect\u00e9e et favorise ainsi la gu\u00e9rison. Ce traitement peut aider \u00e0 d\u00e9tendre les muscles et \u00e0 augmenter l&#8217;\u00e9lasticit\u00e9 des tissus conjonctifs dans la zone trait\u00e9e pour une meilleure performance.<\/em><\/p>\n<p><strong><em>&#8211; Utiliser avec de l&#8217;EAU CHAUDE<\/em><\/strong><\/p>\n<ol>\n<li>Faites bouillir environ 4-5 litres d&#8217;eau.<\/li>\n<li>Une fois que l&#8217;eau arrive \u00e0 \u00e9bullition, retirez-la de la source de chaleur.<\/li>\n<li>Faites tremper les poches de gel (Gel-Packs) dans de l&#8217;eau bouillante pendant environ 10 minutes.<\/li>\n<li>Retirez les Gel-Packs de l&#8217;eau et placez-les dans les poches des THERMOBOOTs. Ne pas appliquer directement sur la peau.<\/li>\n<li>Appliquer sur la zone \u00e0 traiter \u00e0 intervalles de 20 minutes. Appuyez fermement pour assurer une application correcte. V\u00e9rifiez que les attaches sont bien fix\u00e9es, sans trop les serrer.<\/li>\n<li>Ne laissez pas le cheval sans surveillance lors de l&#8217;utilisation des THERMOBOOTs<span style=\"text-decoration: line-through\">.<\/span><\/li>\n<li>R\u00e9p\u00e9tez le traitement jusqu&#8217;\u00e0 trois ou quatre fois par jour. Consultez votre v\u00e9t\u00e9rinaire pour une utilisation plus intensive.<\/li>\n<\/ol>\n<p><strong><em>&#8211; Utilisation avec MICRO-ONDES <\/em><\/strong><\/p>\n<p>Les fours \u00e0 micro-ondes ont des puissances diff\u00e9rentes, vous devez donc trouver le temps de chauffe correct fourni par votre four \u00e0 micro-ondes. Nous recommandons de ne pas d\u00e9passer 650W.<\/p>\n<ol>\n<li>Avant de placer les poches de gel (Gel-Packs) dans le four \u00e0 micro-ondes, aplatissez-les et assurez-vous que le gel \u00e0 l&#8217;int\u00e9rieur est uniform\u00e9ment r\u00e9parti.<\/li>\n<li>Si les Gel-Packs sont \u00e0 temp\u00e9rature ambiante, r\u00e9glez le micro-ondes sur la puissance maximale et chauffez-les pendant 10 secondes, puis laissez-les reposer pendant 1 minute. Si la temp\u00e9rature souhait\u00e9e n\u2019est pas atteinte, essayez d&#8217;ajouter 10 secondes \u00e0 la fois avec un temps de repos \u00e9gal jusqu&#8217;\u00e0 ce que la temp\u00e9rature d\u00e9sir\u00e9e soit atteinte.<\/li>\n<li>Si les Gel-Packs ont \u00e9t\u00e9 conserv\u00e9s au cong\u00e9lateur, r\u00e9glez le micro-ondes sur la puissance maximale et chauffez-les d&#8217;abord pendant 15 secondes, puis laissez-les reposer pendant 90 secondes. Chauffez-les ensuite par tranches de 10 secondes, avec un temps de repos \u00e9gal jusqu&#8217;\u00e0 ce que la temp\u00e9rature souhait\u00e9e soit atteinte.<\/li>\n<li>Notez le temps total pris comme r\u00e9f\u00e9rence pour une utilisation ult\u00e9rieure.<\/li>\n<li>Ins\u00e9rez les Gel-Packs dans les poches des THERMOBOOTs. Ne pas appliquer directement sur la peau.<\/li>\n<li>Appliquer sur la zone \u00e0 traiter \u00e0 intervalles de 20 minutes. Appuyez fermement pour assurer une application correcte. V\u00e9rifiez que les attaches sont bien fix\u00e9es, sans trop les serrer.<\/li>\n<li>Ne laissez pas le cheval sans surveillance lorsque vous utilisez les THERMOBOOTs.<\/li>\n<li>R\u00e9p\u00e9tez le traitement jusqu&#8217;\u00e0 trois ou quatre fois par jour. Consultez votre v\u00e9t\u00e9rinaire pour une utilisation plus intensive.<\/li>\n<\/ol>\n<p><strong><br \/>\nINSTRUCTIONS DE LAVAGE DU THERMOBOOT :<\/strong><\/p>\n<ol>\n<li>Retirez les poches de gel (Gel-Packs) des deux THERMOBOOTs ;<\/li>\n<li>Veillez \u00e0 fermer toutes les fermetures Velcro ;<\/li>\n<li>Placez les THERMOBOOTs dans des sacs \u00e0 linge sp\u00e9ciaux pour machines \u00e0 laver afin de les prot\u00e9ger pendant le lavage ;<\/li>\n<li>Lavage d\u00e9licat en machine \u00e0 30\u00b0\u00a0C ;<\/li>\n<li>Laissez s\u00e9cher dans un endroit frais.<\/li>\n<\/ol>\n<p>&nbsp;<\/p>\n<p><strong>INSTRUCTIONS DE LAVAGE DU GEL-PACK :<\/strong><\/p>\n<ol>\n<li>Retirez les poches de gel (Gel-Packs) des deux THERMOBOOTs ;<\/li>\n<li>Ne mettez pas les Gel-Packs dans la machine \u00e0 laver ;<\/li>\n<li>Nettoyez-les uniquement \u00e0 la main avec un savon doux et de l&#8217;eau ti\u00e8de ;<\/li>\n<li>S\u00e9chez-les avec une serviette et conservez-les dans un endroit frais.<\/li>\n<\/ol>\n<p><strong>SOIN ET ENTRETIEN\u00a0:<\/strong><\/p>\n<p>Veillez \u00e0 garder vos THERMOBOOTs propres en \u00e9vitant l&#8217;accumulation de poussi\u00e8re, de boue et de salet\u00e9.<br \/>\nConserver dans un endroit frais et sec.<\/p>\n<p>Ne pas utiliser si les Gel-Packs sont endommag\u00e9s (par exemple, si le gel sort de son enveloppe). En cas de dommage, remplacez les Gel-Packs endommag\u00e9s par des Gel-Packs neufs, disponibles sous forme de kit de remplacement sur <a href=\"https:\/\/riding.zandona.net\/fr\/\">https:\/\/riding.zandona.net<\/a>.<\/p>\n","protected":false},"excerpt":{"rendered":"<p>Gu\u00eatres pour chevaux pour Application Thermique<\/p>\n","protected":false},"featured_media":11615,"comment_status":"open","ping_status":"closed","template":"","meta":[],"product_brand":[],"product_cat":[3642,3750,3546],"product_tag":[],"class_list":{"0":"post-21595","1":"product","2":"type-product","3":"status-publish","4":"has-post-thumbnail","6":"product_cat-cheval","7":"product_cat-ligne-bien-etre","8":"product_cat-meilleures-ventes","9":"pa_codice-intrastat-42010000-fr","10":"pa_disciplina-utilizzo-ecuries","11":"pa_disciplina-utilizzo-transport-fr","12":"pa_giro-nodello-da-26-a-31-cm-fr","13":"pa_giro-nodello-da-32-a-37-cm-fr","15":"first","16":"instock","17":"taxable","18":"shipping-taxable","19":"purchasable","20":"product-type-variable"},"_links":{"self":[{"href":"https:\/\/riding.zandona.net\/fr\/wp-json\/wp\/v2\/product\/21595","targetHints":{"allow":["GET"]}}],"collection":[{"href":"https:\/\/riding.zandona.net\/fr\/wp-json\/wp\/v2\/product"}],"about":[{"href":"https:\/\/riding.zandona.net\/fr\/wp-json\/wp\/v2\/types\/product"}],"replies":[{"embeddable":true,"href":"https:\/\/riding.zandona.net\/fr\/wp-json\/wp\/v2\/comments?post=21595"}],"wp:featuredmedia":[{"embeddable":true,"href":"https:\/\/riding.zandona.net\/fr\/wp-json\/wp\/v2\/media\/11615"}],"wp:attachment":[{"href":"https:\/\/riding.zandona.net\/fr\/wp-json\/wp\/v2\/media?parent=21595"}],"wp:term":[{"taxonomy":"product_brand","embeddable":true,"href":"https:\/\/riding.zandona.net\/fr\/wp-json\/wp\/v2\/product_brand?post=21595"},{"taxonomy":"product_cat","embeddable":true,"href":"https:\/\/riding.zandona.net\/fr\/wp-json\/wp\/v2\/product_cat?post=21595"},{"taxonomy":"product_tag","embeddable":true,"href":"https:\/\/riding.zandona.net\/fr\/wp-json\/wp\/v2\/product_tag?post=21595"}],"curies":[{"name":"wp","href":"https:\/\/api.w.org\/{rel}","templated":true}]}}