{"id":21609,"date":"2024-11-06T17:10:22","date_gmt":"2024-11-06T16:10:22","guid":{"rendered":"https:\/\/riding.zandona.net\/shop\/non class\u00e9\/turnout-boot-2-0-rear\/"},"modified":"2024-11-07T15:32:45","modified_gmt":"2024-11-07T14:32:45","slug":"turnout-boot-2-0-rear","status":"publish","type":"product","link":"https:\/\/riding.zandona.net\/fr\/shop\/cheval\/protections-pour-les-chevaux\/travail-a-plat-paddock\/turnout-boot-2-0-rear\/","title":{"rendered":"TURNOUT BOOT 2.0 Rear"},"content":{"rendered":"<p>Les TURNOUT BOOT AIR 2.0 REAR sont des prot\u00e8ge-boulets innovants l\u00e9gers, confortables et polyvalents, 100 % fabriqu\u00e9s en Italie, con\u00e7us pour prot\u00e9ger le cheval des chocs et des frottements lors de l&#8217;utilisation quotidienne, du travail sur le plat, de la promenade, du paddock, et plus encore.<br \/>\nLa rev\u00eatement interne en fourrure synth\u00e9tique est tr\u00e8s facile \u00e0 nettoyer et n\u00e9cessite peu d&#8217;entretien.<\/p>\n<p>Les prot\u00e8ge-tibias enti\u00e8rement perfor\u00e9s offrent une excellente respirabilit\u00e9 et  n&#8217;absorbent pas l&#8217;eau gr\u00e2ce aux mat\u00e9riaux \u00e0 cellules ferm\u00e9es.<br \/>\nCARACT\u00c9RISTIQUES PRINCIPALES :<br \/>\n&#8211; Rev\u00eatement interne en fourrure synth\u00e9tique facile \u00e0 nettoyer ;<br \/>\n&#8211; Rembourrage en Gel-Tech;<br \/>\n&#8211; R\u00e9sistants \u00e0 l&#8217;eau ;<br \/>\n&#8211; Respirant;<br \/>\n&#8211; 100% Made in Italy.<\/p>\n<p>Instructions de lavage et de soin :<br \/>\n&#8211; Enlever d\u00e9licatement et soigneusement les poils et la salet\u00e9 avec une brosse non agressive ;<br \/>\n&#8211; S\u2019assurer que toutes les sangles sont compl\u00e8tement ferm\u00e9es ;<br \/>\n&#8211; Lavage en machine \u00e0 30 \u00b0C avec un d\u00e9tergent doux ;<br \/>\n&#8211; Nous recommandons de laver le produit dans des sacs de machine \u00e0 laver traditionnels ;<br \/>\n&#8211; Laisser s\u00e9cher naturellement, loin des sources de chaleur directes.<\/p>\n","protected":false},"excerpt":{"rendered":"<p>Protection de la jambe arri\u00e8re<\/p>\n","protected":false},"featured_media":11638,"comment_status":"open","ping_status":"open","template":"","meta":[],"product_brand":[],"product_cat":[3642,3646,3738],"product_tag":[],"class_list":{"0":"post-21609","1":"product","2":"type-product","3":"status-publish","4":"has-post-thumbnail","6":"product_cat-cheval","7":"product_cat-protections-pour-les-chevaux","8":"product_cat-travail-a-plat-paddock","9":"pa_codice-intrastat-42010000-fr","10":"pa_disciplina-utilizzo-courses","11":"pa_disciplina-utilizzo-dressage-fr","12":"pa_disciplina-utilizzo-paddock-fr","13":"pa_disciplina-utilizzo-travail-a-plat","14":"pa_disciplina-utilizzo-trekking-fr","15":"pa_giro-nodello-da-28-a-30-cm-fr","16":"pa_giro-nodello-da-31-a-32-cm-fr","17":"pa_giro-nodello-da-33-a-34-cm-fr","18":"pa_giro-nodello-da-35-a-37-cm-fr","20":"first","21":"instock","22":"taxable","23":"shipping-taxable","24":"purchasable","25":"product-type-variable"},"_links":{"self":[{"href":"https:\/\/riding.zandona.net\/fr\/wp-json\/wp\/v2\/product\/21609","targetHints":{"allow":["GET"]}}],"collection":[{"href":"https:\/\/riding.zandona.net\/fr\/wp-json\/wp\/v2\/product"}],"about":[{"href":"https:\/\/riding.zandona.net\/fr\/wp-json\/wp\/v2\/types\/product"}],"replies":[{"embeddable":true,"href":"https:\/\/riding.zandona.net\/fr\/wp-json\/wp\/v2\/comments?post=21609"}],"wp:featuredmedia":[{"embeddable":true,"href":"https:\/\/riding.zandona.net\/fr\/wp-json\/wp\/v2\/media\/11638"}],"wp:attachment":[{"href":"https:\/\/riding.zandona.net\/fr\/wp-json\/wp\/v2\/media?parent=21609"}],"wp:term":[{"taxonomy":"product_brand","embeddable":true,"href":"https:\/\/riding.zandona.net\/fr\/wp-json\/wp\/v2\/product_brand?post=21609"},{"taxonomy":"product_cat","embeddable":true,"href":"https:\/\/riding.zandona.net\/fr\/wp-json\/wp\/v2\/product_cat?post=21609"},{"taxonomy":"product_tag","embeddable":true,"href":"https:\/\/riding.zandona.net\/fr\/wp-json\/wp\/v2\/product_tag?post=21609"}],"curies":[{"name":"wp","href":"https:\/\/api.w.org\/{rel}","templated":true}]}}