{"id":21627,"date":"2024-11-06T17:10:52","date_gmt":"2024-11-06T16:10:52","guid":{"rendered":"https:\/\/riding.zandona.net\/shop\/non class\u00e9\/superior-chafe-guard-evo\/"},"modified":"2024-11-07T15:33:19","modified_gmt":"2024-11-07T14:33:19","slug":"superior-chafe-guard-evo","status":"publish","type":"product","link":"https:\/\/riding.zandona.net\/fr\/shop\/cheval\/bandes-de-respect\/superior-chafe-guard-evo\/","title":{"rendered":"SUPERIOR CHAFE GUARD EVO"},"content":{"rendered":"<p>CARACT\u00c9RISTIQUES PRINCIPALES:<\/p>\n<p>&#8211; Tissu de Grande Qualit\u00e9 Et Extr\u00eamement Respirant;<br \/>\n&#8211; Lines Fan Sp\u00e9ciales;<br \/>\n&#8211; Tissu Renforc\u00e9e;<br \/>\n&#8211; Syst\u00e8me de Prise pour la selle;<br \/>\n&#8211; Fermeture par un Large Strap;<br \/>\n&#8211; Connexion avec tout type de sangle;<br \/>\n&#8211; Fabrication 100% Italienne.<\/p>\n<p>L&#8217;un des probl\u00e8mes communs que les chevaux doivent faire face sont soi-disant &#8220;plaies&#8221;. Ils ont tendance \u00e0 se former dans la circonf\u00e9rence et sur les c\u00f4t\u00e9s de votre cheval, qui est souvent frott\u00e9 par les jambes du cavalier et les \u00e9perons.<\/p>\n<p>SUPERIOR CHAFE GUARD EVO est une bande \u00e9lastique qui aide \u00e0 prot\u00e9ger la peau du cheval contre les frottements, emp\u00eachant ainsi la zone sensible soumise \u00e0 un frottement encore \u00eatre soulign\u00e9 et affaibli.<br \/>\nFabriqu\u00e9e dans un TISSU DE GRANDE QUALIT\u00c9 et EXTR\u00caMEMENT RESPIRANT, avec LINES FAN SP\u00c9CIALES, il permet \u00e0 la peau du cheval de respirer afi n que la sensible zone peut d\u00e9j\u00e0 \u00eatre soumis \u00e0 \u201cplaies&#8221; pour r\u00e9g\u00e9n\u00e9rer et de gu\u00e9rir dans des conditions optimales.<br \/>\nElle comporte \u00e9galement, de part et d\u2019autre, une ZONE RENFORC\u00c9E au niveau des pieds du cavalier pour augmenter la dur\u00e9e de vie de la bande et \u00e0 r\u00e9duire l&#8217;usure due \u00e0 l&#8217;utilisation.<\/p>\n<p>Fermeture par un large strap sous le ventre. Enfi n 4 lani\u00e8res ajustables assurent la connexion avec tout type de sangle et assurent ainsi un maintien optimal de la bande \u00e9lastique sous la selle.<\/p>\n<p>SUPERIOR CHAFE GUARD EVO est disponible en Noir ou Marron dans les tailles suivantes :<br \/>\nS: cm 185 (tour de poitrine compris entre 180\/199 cm &#8211; Sangle mesure 110-120cm)<br \/>\nM: cm 205 (tour de poitrine compris entre 200\/219 cm &#8211; Sangle mesure 125-135cm)<br \/>\nL\/XL: cm 215 (tour de poitrine compris entre 220\/249 cm &#8211; Sangle mesure 140-150cm)<\/p>\n<p>Largeur : 26cm<\/p>\n<p>Avis de non-responsabilit\u00e9 : SUPERIOR CHAFE GUARD EVO est un produit sujet \u00e0 l&#8217;usure de par sa nature, il peut donc avoir un cycle de vie court. <\/p>\n<p> Zandon\u00e0 se r\u00e9serve le droit de ne pas accepter de r\u00e9clamation en cas d&#8217;utilisation impropre, d&#8217;usure rapide ou en cas de dommages non strictement li\u00e9s \u00e0 un d\u00e9faut du produit.<\/p>\n","protected":false},"excerpt":{"rendered":"<p>Bandes de Respect<\/p>\n","protected":false},"featured_media":28892,"comment_status":"open","ping_status":"closed","template":"","meta":[],"product_brand":[],"product_cat":[3754,3642,3546],"product_tag":[],"class_list":{"0":"post-21627","1":"product","2":"type-product","3":"status-publish","4":"has-post-thumbnail","6":"product_cat-bandes-de-respect","7":"product_cat-cheval","8":"product_cat-meilleures-ventes","9":"pa_circonferenza-torace-da-170-a-189-cm-fr","10":"pa_circonferenza-torace-da-190-a-219-cm-fr","11":"pa_circonferenza-torace-da-220-a-249-cm-fr","12":"pa_codice-intrastat-42010000-fr","13":"pa_disciplina-utilizzo-complet","14":"pa_disciplina-utilizzo-dressage-fr","15":"pa_disciplina-utilizzo-saut-dobstacles","17":"first","18":"instock","19":"taxable","20":"shipping-taxable","21":"purchasable","22":"product-type-variable"},"_links":{"self":[{"href":"https:\/\/riding.zandona.net\/fr\/wp-json\/wp\/v2\/product\/21627","targetHints":{"allow":["GET"]}}],"collection":[{"href":"https:\/\/riding.zandona.net\/fr\/wp-json\/wp\/v2\/product"}],"about":[{"href":"https:\/\/riding.zandona.net\/fr\/wp-json\/wp\/v2\/types\/product"}],"replies":[{"embeddable":true,"href":"https:\/\/riding.zandona.net\/fr\/wp-json\/wp\/v2\/comments?post=21627"}],"wp:featuredmedia":[{"embeddable":true,"href":"https:\/\/riding.zandona.net\/fr\/wp-json\/wp\/v2\/media\/28892"}],"wp:attachment":[{"href":"https:\/\/riding.zandona.net\/fr\/wp-json\/wp\/v2\/media?parent=21627"}],"wp:term":[{"taxonomy":"product_brand","embeddable":true,"href":"https:\/\/riding.zandona.net\/fr\/wp-json\/wp\/v2\/product_brand?post=21627"},{"taxonomy":"product_cat","embeddable":true,"href":"https:\/\/riding.zandona.net\/fr\/wp-json\/wp\/v2\/product_cat?post=21627"},{"taxonomy":"product_tag","embeddable":true,"href":"https:\/\/riding.zandona.net\/fr\/wp-json\/wp\/v2\/product_tag?post=21627"}],"curies":[{"name":"wp","href":"https:\/\/api.w.org\/{rel}","templated":true}]}}