{"id":21634,"date":"2024-11-06T17:11:04","date_gmt":"2024-11-06T16:11:04","guid":{"rendered":"https:\/\/riding.zandona.net\/shop\/non class\u00e9\/basic-chafe-guard\/"},"modified":"2024-11-07T12:33:51","modified_gmt":"2024-11-07T11:33:51","slug":"basic-chafe-guard","status":"publish","type":"product","link":"https:\/\/riding.zandona.net\/fr\/shop\/cheval\/bandes-de-respect\/basic-chafe-guard\/","title":{"rendered":"BASIC CHAFE GUARD"},"content":{"rendered":"<p>BASIC CHAFE GUARD est une sangle \u00e9lastique essentielle qui aide \u00e0 prot\u00e9ger contre les \u00ab blessures d\u2019harnachement \u00bb et \u00e9vite ainsi que la zone sensible soumise aux frottements ne soit davantage sollicit\u00e9e et affaiblie.<\/p>\n<p>R\u00e9alis\u00e9e en mat\u00e9riau hautement \u00e9lastique, elle permet une plus grande sensibilit\u00e9* au contact du cheval et assure que la zone qui peut d\u00e9j\u00e0 \u00eatre soumise \u00e0 l&#8217;abrasion puisse se r\u00e9g\u00e9n\u00e9rer et gu\u00e9rir dans des conditions optimales.<\/p>\n<p>La coque est simple et minimale mais permet une utilisation efficace pour la protection du cheval.<br \/>\nEn fonction d&#8217;une utilisation plus ou moins intensive et de l&#8217;utilisation d&#8217;\u00e9ventuels \u00e9perons, le produit peut avoir une dur\u00e9e de vie limit\u00e9e*.<\/p>\n<p>BASIC CHAFE GUARD est \u00e9quip\u00e9e d&#8217;un syst\u00e8me de fixation par strap.<br \/>\nLes quatre passants (deux de chaque c\u00f4t\u00e9) permettent de se raccorder \u00e0 tout type de sangle pour assurer la stabilit\u00e9.<\/p>\n<p>BASIC CHAFE GUARD est disponible en noir dans les tailles suivantes :<br \/>\nS : cm 170 (tour de poitrine cm 180\/199 &#8211; mesure de sangle 110-120cm)<br \/>\nM : cm 185 (tour de poitrine cm 200\/219 &#8211; mesure de sangle 125-135cm)<br \/>\nL\/XL : cm 200 (tour de poitrine cm 220\/249 &#8211; mesure de sangle 140-150cm)<\/p>\n<p>*par rapport \u00e0 SUPERIOR CHAFE GUARD EVO.<\/p>\n<p>CARACT\u00c9RISTIQUES PRINCIPALES  :<br \/>\n&#8211; Sensibilit\u00e9 maximale;<br \/>\n&#8211; Grande \u00e9lasticit\u00e9 ;<br \/>\n&#8211; Fermeture en strap;<br \/>\n&#8211; Connexion \u00e0 la sangle ;<br \/>\n&#8211; Produit 100% italien.<\/p>\n<p> Avis de non-responsabilit\u00e9 : BASIC CHAFE GUARD est un produit sujet \u00e0 l&#8217;usure de par sa nature, il peut donc avoir un cycle de vie court. <\/p>\n<p> Zandon\u00e0 se r\u00e9serve le droit de ne pas accepter de r\u00e9clamation en cas d&#8217;utilisation impropre, d&#8217;usure rapide ou en cas de dommages non strictement li\u00e9s \u00e0 un d\u00e9faut du produit.<\/p>\n","protected":false},"excerpt":{"rendered":"<p>Bandes de Respect<\/p>\n","protected":false},"featured_media":28902,"comment_status":"open","ping_status":"open","template":"","meta":[],"product_brand":[],"product_cat":[3754,3642,3550],"product_tag":[],"class_list":{"0":"post-21634","1":"product","2":"type-product","3":"status-publish","4":"has-post-thumbnail","6":"product_cat-bandes-de-respect","7":"product_cat-cheval","8":"product_cat-recommande","9":"pa_circonferenza-torace-da-170-a-189-cm-fr","10":"pa_circonferenza-torace-da-190-a-219-cm-fr","11":"pa_circonferenza-torace-da-220-a-249-cm-fr","12":"pa_codice-intrastat-42010000-fr","13":"pa_disciplina-utilizzo-complet","14":"pa_disciplina-utilizzo-dressage-fr","15":"pa_disciplina-utilizzo-saut-dobstacles","17":"first","18":"instock","19":"taxable","20":"shipping-taxable","21":"purchasable","22":"product-type-variable"},"_links":{"self":[{"href":"https:\/\/riding.zandona.net\/fr\/wp-json\/wp\/v2\/product\/21634","targetHints":{"allow":["GET"]}}],"collection":[{"href":"https:\/\/riding.zandona.net\/fr\/wp-json\/wp\/v2\/product"}],"about":[{"href":"https:\/\/riding.zandona.net\/fr\/wp-json\/wp\/v2\/types\/product"}],"replies":[{"embeddable":true,"href":"https:\/\/riding.zandona.net\/fr\/wp-json\/wp\/v2\/comments?post=21634"}],"wp:featuredmedia":[{"embeddable":true,"href":"https:\/\/riding.zandona.net\/fr\/wp-json\/wp\/v2\/media\/28902"}],"wp:attachment":[{"href":"https:\/\/riding.zandona.net\/fr\/wp-json\/wp\/v2\/media?parent=21634"}],"wp:term":[{"taxonomy":"product_brand","embeddable":true,"href":"https:\/\/riding.zandona.net\/fr\/wp-json\/wp\/v2\/product_brand?post=21634"},{"taxonomy":"product_cat","embeddable":true,"href":"https:\/\/riding.zandona.net\/fr\/wp-json\/wp\/v2\/product_cat?post=21634"},{"taxonomy":"product_tag","embeddable":true,"href":"https:\/\/riding.zandona.net\/fr\/wp-json\/wp\/v2\/product_tag?post=21634"}],"curies":[{"name":"wp","href":"https:\/\/api.w.org\/{rel}","templated":true}]}}