{"id":21638,"date":"2024-11-06T17:11:04","date_gmt":"2024-11-06T16:11:04","guid":{"rendered":"https:\/\/riding.zandona.net\/shop\/non class\u00e9\/air-mesh-stable-bandages-4pcs\/"},"modified":"2024-11-07T12:33:54","modified_gmt":"2024-11-07T11:33:54","slug":"air-mesh-stable-bandages-4pcs","status":"publish","type":"product","link":"https:\/\/riding.zandona.net\/fr\/shop\/cheval\/protections-pour-les-chevaux\/ecurie-box-repos\/air-mesh-stable-bandages-4pcs\/","title":{"rendered":"AIR-MESH STABLE BANDAGES (4pcs)"},"content":{"rendered":"<p>Nos nouvelles bandes de repos AIR-MESH STABLE BANDAGES ont \u00e9t\u00e9 d\u00e9velopp\u00e9es pour offrir le meilleur au cheval.<br \/>\nGr\u00e2ce au tissu 3D Air-Mesh, elles r\u00e9partissent la pression et permettent \u00e9galement une respirabilit\u00e9 efficace et optimale des membres.<br \/>\nElles sont souples et faciles \u00e0 mettre \/ \u00e0 enlever gr\u00e2ce \u00e0 la fermeture par strap.<br \/>\nLe set se compose de 4 bandes mesurant chacune 4m, fournies dans un sac, pratique pour le stockage<\/p>\n","protected":false},"excerpt":{"rendered":"<p>Bandes de repos<\/p>\n","protected":false},"featured_media":11682,"comment_status":"open","ping_status":"open","template":"","meta":[],"product_brand":[],"product_cat":[3642,3715,3646],"product_tag":[],"class_list":{"0":"post-21638","1":"product","2":"type-product","3":"status-publish","4":"has-post-thumbnail","6":"product_cat-cheval","7":"product_cat-ecurie-box-repos","8":"product_cat-protections-pour-les-chevaux","9":"pa_codice-intrastat-42010000-fr","10":"pa_disciplina-utilizzo-ecuries","11":"pa_disciplina-utilizzo-transport-fr","12":"pa_giro-nodello-da-24-a-37-cm-fr","14":"first","15":"instock","16":"taxable","17":"shipping-taxable","18":"purchasable","19":"product-type-simple"},"_links":{"self":[{"href":"https:\/\/riding.zandona.net\/fr\/wp-json\/wp\/v2\/product\/21638","targetHints":{"allow":["GET"]}}],"collection":[{"href":"https:\/\/riding.zandona.net\/fr\/wp-json\/wp\/v2\/product"}],"about":[{"href":"https:\/\/riding.zandona.net\/fr\/wp-json\/wp\/v2\/types\/product"}],"replies":[{"embeddable":true,"href":"https:\/\/riding.zandona.net\/fr\/wp-json\/wp\/v2\/comments?post=21638"}],"wp:featuredmedia":[{"embeddable":true,"href":"https:\/\/riding.zandona.net\/fr\/wp-json\/wp\/v2\/media\/11682"}],"wp:attachment":[{"href":"https:\/\/riding.zandona.net\/fr\/wp-json\/wp\/v2\/media?parent=21638"}],"wp:term":[{"taxonomy":"product_brand","embeddable":true,"href":"https:\/\/riding.zandona.net\/fr\/wp-json\/wp\/v2\/product_brand?post=21638"},{"taxonomy":"product_cat","embeddable":true,"href":"https:\/\/riding.zandona.net\/fr\/wp-json\/wp\/v2\/product_cat?post=21638"},{"taxonomy":"product_tag","embeddable":true,"href":"https:\/\/riding.zandona.net\/fr\/wp-json\/wp\/v2\/product_tag?post=21638"}],"curies":[{"name":"wp","href":"https:\/\/api.w.org\/{rel}","templated":true}]}}