{"id":21642,"date":"2024-11-06T17:11:04","date_gmt":"2024-11-06T16:11:04","guid":{"rendered":"https:\/\/riding.zandona.net\/shop\/non class\u00e9\/merino-stable-leg-wraps-2pcs\/"},"modified":"2024-11-07T12:33:59","modified_gmt":"2024-11-07T11:33:59","slug":"merino-stable-leg-wraps-2pcs","status":"publish","type":"product","link":"https:\/\/riding.zandona.net\/fr\/shop\/cheval\/protections-pour-les-chevaux\/ecurie-box-repos\/merino-stable-leg-wraps-2pcs\/","title":{"rendered":"MERINO STABLE LEG WRAPS (2pcs)"},"content":{"rendered":"<p>Les MERINO LEG WRAPS sont des sous-bandages en v\u00e9ritable laine de M\u00e9rinos. De qualit\u00e9 sup\u00e9rieure, la laine est obtenue par tonte ainsi \u00ab pas de peau, pas de probl\u00e8me \u00bb.<br \/>\nLa laine de M\u00e9rinos, gr\u00e2ce \u00e0 ses propri\u00e9t\u00e9s thermor\u00e9gulatrices, peut s\u2019utiliser tout au long de l\u2019ann\u00e9e.<br \/>\nCes sous-bandages sont indiqu\u00e9s en cas d\u2019engorgements des membres et facilitent \u00e9galement la r\u00e9cup\u00e9ration apr\u00e8s le travail. Ils peuvent \u00e9galement s\u2019utiliser \u00e0 l\u2019\u00e9curie, de mani\u00e8re pr\u00e9ventive.<br \/>\n100 % Fabriqu\u00e9s en Italie \u2013 Vendus \u00e0 la paire \u2013 Dimensions : 45 x 50 cm<\/p>\n","protected":false},"excerpt":{"rendered":"<p>Enveloppements pour les jambes<\/p>\n","protected":false},"featured_media":11690,"comment_status":"open","ping_status":"open","template":"","meta":[],"product_brand":[],"product_cat":[3642,3715,3646],"product_tag":[],"class_list":{"0":"post-21642","1":"product","2":"type-product","3":"status-publish","4":"has-post-thumbnail","6":"product_cat-cheval","7":"product_cat-ecurie-box-repos","8":"product_cat-protections-pour-les-chevaux","9":"pa_codice-intrastat-42010000-fr","10":"pa_disciplina-utilizzo-ecuries","11":"pa_disciplina-utilizzo-transport-fr","12":"pa_giro-nodello-da-24-a-37-cm-fr","14":"first","15":"instock","16":"taxable","17":"shipping-taxable","18":"purchasable","19":"product-type-simple"},"_links":{"self":[{"href":"https:\/\/riding.zandona.net\/fr\/wp-json\/wp\/v2\/product\/21642","targetHints":{"allow":["GET"]}}],"collection":[{"href":"https:\/\/riding.zandona.net\/fr\/wp-json\/wp\/v2\/product"}],"about":[{"href":"https:\/\/riding.zandona.net\/fr\/wp-json\/wp\/v2\/types\/product"}],"replies":[{"embeddable":true,"href":"https:\/\/riding.zandona.net\/fr\/wp-json\/wp\/v2\/comments?post=21642"}],"wp:featuredmedia":[{"embeddable":true,"href":"https:\/\/riding.zandona.net\/fr\/wp-json\/wp\/v2\/media\/11690"}],"wp:attachment":[{"href":"https:\/\/riding.zandona.net\/fr\/wp-json\/wp\/v2\/media?parent=21642"}],"wp:term":[{"taxonomy":"product_brand","embeddable":true,"href":"https:\/\/riding.zandona.net\/fr\/wp-json\/wp\/v2\/product_brand?post=21642"},{"taxonomy":"product_cat","embeddable":true,"href":"https:\/\/riding.zandona.net\/fr\/wp-json\/wp\/v2\/product_cat?post=21642"},{"taxonomy":"product_tag","embeddable":true,"href":"https:\/\/riding.zandona.net\/fr\/wp-json\/wp\/v2\/product_tag?post=21642"}],"curies":[{"name":"wp","href":"https:\/\/api.w.org\/{rel}","templated":true}]}}