{"id":21648,"date":"2024-11-06T17:11:04","date_gmt":"2024-11-06T16:11:04","guid":{"rendered":"https:\/\/riding.zandona.net\/shop\/non class\u00e9\/mcl-jumping-saddle-pad\/"},"modified":"2024-11-07T15:35:08","modified_gmt":"2024-11-07T14:35:08","slug":"mcl-jumping-saddle-pad","status":"publish","type":"product","link":"https:\/\/riding.zandona.net\/fr\/shop\/cheval\/tapis-de-selle-bonnets\/mcl-jumping-saddle-pad\/","title":{"rendered":"MCL JUMPING SADDLE-PAD"},"content":{"rendered":"<p>Tapis de selle pour la discipline du saut d&#8217;obstacles en coton et polyester avec un rembourrage de 600g\/8mm.<\/p>\n<p>Con\u00e7u pour optimiser le confort, il est compos\u00e9 d&#8217;un tissu dot\u00e9 de la technologie MCL (Moisture Control Layer) qui favorise l&#8217;\u00e9vacuation de la transpiration vers l&#8217;ext\u00e9rieur.  <\/p>\n<p>Sur le coin arri\u00e8re du produit, une \u00e9tiquette innovante avec logo a \u00e9t\u00e9 plac\u00e9e qui emp\u00eache le tapis de selle de subir des plis d\u00e9sagr\u00e9ables lors de l&#8217;utilisation et garantit une apparence toujours soign\u00e9e. <\/p>\n<p> Le tapis de selle est fourni dans un \u00e9tui pratique avec poign\u00e9e et fermeture \u00e9clair, tr\u00e8s utile pour garder le produit \u00e0 l&#8217;abri de la poussi\u00e8re et le transporter de mani\u00e8re pratique.  <\/p>\n<p>Dimensions disponibles (longueur maximale x hauteur centrale) :<\/p>\n<p>PONY (cm 59&#215;45)<br \/>\nCOB (cm 64&#215;48)<br \/>\nFULL (cm 69&#215;51)<\/p>\n","protected":false},"excerpt":{"rendered":"<p>Tapis de Selle Saut d&#8217;Obstacles<\/p>\n","protected":false},"featured_media":28907,"comment_status":"open","ping_status":"open","template":"","meta":[],"product_brand":[],"product_cat":[3642,3702],"product_tag":[],"class_list":{"0":"post-21648","1":"product","2":"type-product","3":"status-publish","4":"has-post-thumbnail","6":"product_cat-cheval","7":"product_cat-tapis-de-selle-bonnets","8":"pa_codice-intrastat-42010000-fr","9":"pa_disciplina-utilizzo-complet","10":"pa_disciplina-utilizzo-saut-dobstacles","12":"first","13":"instock","14":"taxable","15":"shipping-taxable","16":"purchasable","17":"product-type-variable"},"_links":{"self":[{"href":"https:\/\/riding.zandona.net\/fr\/wp-json\/wp\/v2\/product\/21648","targetHints":{"allow":["GET"]}}],"collection":[{"href":"https:\/\/riding.zandona.net\/fr\/wp-json\/wp\/v2\/product"}],"about":[{"href":"https:\/\/riding.zandona.net\/fr\/wp-json\/wp\/v2\/types\/product"}],"replies":[{"embeddable":true,"href":"https:\/\/riding.zandona.net\/fr\/wp-json\/wp\/v2\/comments?post=21648"}],"wp:featuredmedia":[{"embeddable":true,"href":"https:\/\/riding.zandona.net\/fr\/wp-json\/wp\/v2\/media\/28907"}],"wp:attachment":[{"href":"https:\/\/riding.zandona.net\/fr\/wp-json\/wp\/v2\/media?parent=21648"}],"wp:term":[{"taxonomy":"product_brand","embeddable":true,"href":"https:\/\/riding.zandona.net\/fr\/wp-json\/wp\/v2\/product_brand?post=21648"},{"taxonomy":"product_cat","embeddable":true,"href":"https:\/\/riding.zandona.net\/fr\/wp-json\/wp\/v2\/product_cat?post=21648"},{"taxonomy":"product_tag","embeddable":true,"href":"https:\/\/riding.zandona.net\/fr\/wp-json\/wp\/v2\/product_tag?post=21648"}],"curies":[{"name":"wp","href":"https:\/\/api.w.org\/{rel}","templated":true}]}}