{"id":21658,"date":"2024-11-06T17:11:25","date_gmt":"2024-11-06T16:11:25","guid":{"rendered":"https:\/\/riding.zandona.net\/shop\/non class\u00e9\/mcl-dressage-saddle-pad\/"},"modified":"2024-11-07T15:34:09","modified_gmt":"2024-11-07T14:34:09","slug":"mcl-dressage-saddle-pad","status":"publish","type":"product","link":"https:\/\/riding.zandona.net\/fr\/shop\/cheval\/tapis-de-selle-bonnets\/mcl-dressage-saddle-pad\/","title":{"rendered":"MCL DRESSAGE SADDLE-PAD"},"content":{"rendered":"<p>Tapis de selle pour la discipline du Dressage en coton et polyester avec un rembourrage de 600g\/8mm.<\/p>\n<p>Con\u00e7u pour optimiser le confort, il est compos\u00e9 d&#8217;un tissu dot\u00e9 de la technologie MCL (Moisture Control Layer) qui favorise l&#8217;\u00e9vacuation de la transpiration vers l&#8217;ext\u00e9rieur.  <\/p>\n<p>Sur le coin arri\u00e8re du produit, une \u00e9tiquette innovante avec logo a \u00e9t\u00e9 plac\u00e9e qui emp\u00eache le tapis de selle de subir des plis d\u00e9sagr\u00e9ables lors de l&#8217;utilisation et garantit une apparence toujours soign\u00e9e. <\/p>\n<p> Le tapis de selle est fourni dans un \u00e9tui pratique avec poign\u00e9e et fermeture \u00e9clair, tr\u00e8s utile pour garder le produit \u00e0 l&#8217;abri de la poussi\u00e8re et le transporter de mani\u00e8re pratique.  <\/p>\n<p>Dimensions disponibles (longueur maximale x hauteur centrale) :<\/p>\n<p>COB (cm 58&#215;48)<br \/>\nFULL (cm 63&#215;52)<\/p>\n","protected":false},"excerpt":{"rendered":"<p>Tapis de Selle Dressage<\/p>\n","protected":false},"featured_media":28922,"comment_status":"open","ping_status":"open","template":"","meta":[],"product_brand":[],"product_cat":[3642,3702],"product_tag":[],"class_list":{"0":"post-21658","1":"product","2":"type-product","3":"status-publish","4":"has-post-thumbnail","6":"product_cat-cheval","7":"product_cat-tapis-de-selle-bonnets","8":"pa_codice-intrastat-42010000-fr","9":"pa_disciplina-utilizzo-dressage-fr","11":"first","12":"instock","13":"taxable","14":"shipping-taxable","15":"purchasable","16":"product-type-variable"},"_links":{"self":[{"href":"https:\/\/riding.zandona.net\/fr\/wp-json\/wp\/v2\/product\/21658","targetHints":{"allow":["GET"]}}],"collection":[{"href":"https:\/\/riding.zandona.net\/fr\/wp-json\/wp\/v2\/product"}],"about":[{"href":"https:\/\/riding.zandona.net\/fr\/wp-json\/wp\/v2\/types\/product"}],"replies":[{"embeddable":true,"href":"https:\/\/riding.zandona.net\/fr\/wp-json\/wp\/v2\/comments?post=21658"}],"wp:featuredmedia":[{"embeddable":true,"href":"https:\/\/riding.zandona.net\/fr\/wp-json\/wp\/v2\/media\/28922"}],"wp:attachment":[{"href":"https:\/\/riding.zandona.net\/fr\/wp-json\/wp\/v2\/media?parent=21658"}],"wp:term":[{"taxonomy":"product_brand","embeddable":true,"href":"https:\/\/riding.zandona.net\/fr\/wp-json\/wp\/v2\/product_brand?post=21658"},{"taxonomy":"product_cat","embeddable":true,"href":"https:\/\/riding.zandona.net\/fr\/wp-json\/wp\/v2\/product_cat?post=21658"},{"taxonomy":"product_tag","embeddable":true,"href":"https:\/\/riding.zandona.net\/fr\/wp-json\/wp\/v2\/product_tag?post=21658"}],"curies":[{"name":"wp","href":"https:\/\/api.w.org\/{rel}","templated":true}]}}