{"id":21675,"date":"2024-11-06T17:11:49","date_gmt":"2024-11-06T16:11:49","guid":{"rendered":"https:\/\/riding.zandona.net\/shop\/non class\u00e9\/afs-soundless-ear-bonnet\/"},"modified":"2024-11-07T15:33:58","modified_gmt":"2024-11-07T14:33:58","slug":"afs-soundless-ear-bonnet","status":"publish","type":"product","link":"https:\/\/riding.zandona.net\/fr\/shop\/cheval\/tapis-de-selle-bonnets\/afs-soundless-ear-bonnet\/","title":{"rendered":"AFS SOUNDLESS EAR-BONNET"},"content":{"rendered":"<p>Bonnet pour prot\u00e9ger les oreilles du cheval de l&#8217;intrusion g\u00eanante des mouches et des insectes pendant l&#8217;\u00e9quitation.<\/p>\n<p>CARACT\u00c9RISTIQUES PRINCIPALES  :<\/p>\n<p>&#8211; Syst\u00e8me SoundLess multicouche pour r\u00e9duire les bruits ambiants et le bruit ;<br \/>\n&#8211; Syst\u00e8me exclusif et innovant \u00ab Anti-Fluttering System \u00bb (Patent Pending) pour r\u00e9duire le flottement de la partie avant du bonnet ;<br \/>\n&#8211; Optimisation de la stabilit\u00e9 et confort pour le cheval ;<br \/>\nR\u00e9alis\u00e9 \u00e0 la main en fil de polyester ;<br \/>\n&#8211; L\u00e9ger et respirant.<br \/>\n124<\/p>\n","protected":false},"excerpt":{"rendered":"<p>Bonnet insonoriser<\/p>\n","protected":false},"featured_media":28952,"comment_status":"open","ping_status":"closed","template":"","meta":[],"product_brand":[],"product_cat":[3642,3702],"product_tag":[],"class_list":{"0":"post-21675","1":"product","2":"type-product","3":"status-publish","4":"has-post-thumbnail","6":"product_cat-cheval","7":"product_cat-tapis-de-selle-bonnets","8":"pa_codice-intrastat-42010000-fr","9":"pa_disciplina-utilizzo-complet","10":"pa_disciplina-utilizzo-dressage-fr","11":"pa_disciplina-utilizzo-saut-dobstacles","13":"first","14":"instock","15":"taxable","16":"shipping-taxable","17":"purchasable","18":"product-type-variable"},"_links":{"self":[{"href":"https:\/\/riding.zandona.net\/fr\/wp-json\/wp\/v2\/product\/21675","targetHints":{"allow":["GET"]}}],"collection":[{"href":"https:\/\/riding.zandona.net\/fr\/wp-json\/wp\/v2\/product"}],"about":[{"href":"https:\/\/riding.zandona.net\/fr\/wp-json\/wp\/v2\/types\/product"}],"replies":[{"embeddable":true,"href":"https:\/\/riding.zandona.net\/fr\/wp-json\/wp\/v2\/comments?post=21675"}],"wp:featuredmedia":[{"embeddable":true,"href":"https:\/\/riding.zandona.net\/fr\/wp-json\/wp\/v2\/media\/28952"}],"wp:attachment":[{"href":"https:\/\/riding.zandona.net\/fr\/wp-json\/wp\/v2\/media?parent=21675"}],"wp:term":[{"taxonomy":"product_brand","embeddable":true,"href":"https:\/\/riding.zandona.net\/fr\/wp-json\/wp\/v2\/product_brand?post=21675"},{"taxonomy":"product_cat","embeddable":true,"href":"https:\/\/riding.zandona.net\/fr\/wp-json\/wp\/v2\/product_cat?post=21675"},{"taxonomy":"product_tag","embeddable":true,"href":"https:\/\/riding.zandona.net\/fr\/wp-json\/wp\/v2\/product_tag?post=21675"}],"curies":[{"name":"wp","href":"https:\/\/api.w.org\/{rel}","templated":true}]}}