{"id":21717,"date":"2024-11-06T17:12:28","date_gmt":"2024-11-06T16:12:28","guid":{"rendered":"https:\/\/riding.zandona.net\/shop\/non class\u00e9\/sport-backpack\/"},"modified":"2024-11-07T15:35:33","modified_gmt":"2024-11-07T14:35:33","slug":"sport-backpack","status":"publish","type":"product","link":"https:\/\/riding.zandona.net\/fr\/shop\/cavalier\/gadgets-fr\/sport-backpack\/","title":{"rendered":"SPORT BACKPACK"},"content":{"rendered":"<p>Polyvalence, confort et design de caract\u00e8re.<\/p>\n<p>Le nouveau Zandon\u00e0 Sport BackPack est le sac \u00e0 dos con\u00e7u pour vous apporter praticit\u00e9, organisation et confort \u00e0 tout moment. Que ce soit pour ranger votre mat\u00e9riel de travail, de sport ou d&#8217;\u00e9cole, ou comme compagnon de voyage, de loisirs et d&#8217;amusement, le Zandon\u00e0 Sport BackPack est le choix id\u00e9al pour valoriser chaque moment, organiser tout avec pr\u00e9cision sans perdre de temps et se distinguer avec style.<\/p>\n<p>CARACT\u00c9RISTIQUES PRINCIPALES  :<\/p>\n<p>&#8211; un grand espace pour ranger tout ce dont vous avez besoin dans pas moins de 4 compartiments int\u00e9rieurs zipp\u00e9s et 2 poches ext\u00e9rieures ;<\/p>\n<p>&#8211; convient aussi bien aux grands objets (comme les ordinateurs portables de 15 pouces) qu&#8217;aux petits objets (comme les smartphones, les tablettes, etc.) ;<\/p>\n<p>&#8211; poche int\u00e9rieure pratique avec \u00e9lastique pour une meilleure stabilit\u00e9 de vos accessoires ;<\/p>\n<p>&#8211; poche pratique avec compartiment pour \u00e9couteurs pour profiter \u00e0 tout moment de votre musique pr\u00e9f\u00e9r\u00e9e ;<\/p>\n<p>&#8211; ergonomique gr\u00e2ce \u00e0 un syst\u00e8me de bretelles souples combin\u00e9 \u00e0 un soutien utile au niveau de la nuque et des cervicales ;<\/p>\n<p>&#8211; logo et inserts r\u00e9fl\u00e9chissants pour \u00eatre toujours visible et se d\u00e9placer en toute s\u00e9curit\u00e9, m\u00eame la nuit ;<\/p>\n<p>&#8211; dos confortable en polyester avec maille 3D pour un confort absolu et une fonction anti-transpiration ;<\/p>\n<p>&#8211; bretelles r\u00e9glables combin\u00e9es \u00e0 un syst\u00e8me d&#8217;attache frontal pratique pour assurer la stabilit\u00e9 et la position ;<\/p>\n<p>DIMENSIONS : 48x37x15cm<\/p>\n<p>CAPACIT\u00c9S : 20 L<\/p>\n","protected":false},"excerpt":{"rendered":"<p>Sac \u00e0 dos<\/p>\n","protected":false},"featured_media":11791,"comment_status":"open","ping_status":"open","template":"","meta":[],"product_brand":[],"product_cat":[3786,3538],"product_tag":[],"class_list":{"0":"post-21717","1":"product","2":"type-product","3":"status-publish","4":"has-post-thumbnail","6":"product_cat-cavalier","7":"product_cat-gadgets-fr","8":"pa_codice-intrastat-42029291-fr","10":"first","11":"instock","12":"taxable","13":"shipping-taxable","14":"purchasable","15":"product-type-simple"},"_links":{"self":[{"href":"https:\/\/riding.zandona.net\/fr\/wp-json\/wp\/v2\/product\/21717","targetHints":{"allow":["GET"]}}],"collection":[{"href":"https:\/\/riding.zandona.net\/fr\/wp-json\/wp\/v2\/product"}],"about":[{"href":"https:\/\/riding.zandona.net\/fr\/wp-json\/wp\/v2\/types\/product"}],"replies":[{"embeddable":true,"href":"https:\/\/riding.zandona.net\/fr\/wp-json\/wp\/v2\/comments?post=21717"}],"wp:featuredmedia":[{"embeddable":true,"href":"https:\/\/riding.zandona.net\/fr\/wp-json\/wp\/v2\/media\/11791"}],"wp:attachment":[{"href":"https:\/\/riding.zandona.net\/fr\/wp-json\/wp\/v2\/media?parent=21717"}],"wp:term":[{"taxonomy":"product_brand","embeddable":true,"href":"https:\/\/riding.zandona.net\/fr\/wp-json\/wp\/v2\/product_brand?post=21717"},{"taxonomy":"product_cat","embeddable":true,"href":"https:\/\/riding.zandona.net\/fr\/wp-json\/wp\/v2\/product_cat?post=21717"},{"taxonomy":"product_tag","embeddable":true,"href":"https:\/\/riding.zandona.net\/fr\/wp-json\/wp\/v2\/product_tag?post=21717"}],"curies":[{"name":"wp","href":"https:\/\/api.w.org\/{rel}","templated":true}]}}