{"id":29159,"date":"2025-02-13T14:03:49","date_gmt":"2025-02-13T13:03:49","guid":{"rendered":"https:\/\/riding.zandona.net\/shop\/non%20class\u00e9\/omnia-the-safety-stirrup\/"},"modified":"2026-04-28T22:15:08","modified_gmt":"2026-04-28T20:15:08","slug":"omnia-the-safety-stirrup","status":"publish","type":"product","link":"https:\/\/riding.zandona.net\/fr\/shop\/cavalier\/etrier-de-securite\/omnia-the-safety-stirrup\/","title":{"rendered":"OMNIA The Safety Stirrup"},"content":{"rendered":"<p>OMNIA \u2013 S\u00e9curit\u00e9 et Innovation \u00e0 360\u00b0 \u2013 L&#8217;\u00c9trier de S\u00e9curit\u00e9 pour Cavaliers Exigeants<br \/>\nOMNIA est un \u00e9trier innovant qui, gr\u00e2ce \u00e0 des caract\u00e9ristiques techniques avanc\u00e9es et des mat\u00e9riaux innovants, allie parfaitement la s\u00e9curit\u00e9, une excellente stabilit\u00e9 et un confort absolu.<br \/>\nC&#8217;est le choix parfait pour tout cavalier car chaque d\u00e9tail de l&#8217;OMNIA est con\u00e7u pour am\u00e9liorer vos performances, assurer votre bien-\u00eatre et vous prot\u00e9ger en cas d&#8217;urgence, gr\u00e2ce \u00e0 des solutions innovantes prot\u00e9g\u00e9es par deux brevets (patent pending).<br \/>\nLes branches de s\u00e9curit\u00e9 de l&#8217;\u00e9trier OMNIA sont disponibles dans une large gamme de couleurs (vendues aussi comme accessoires interchangeables), vous permettant ainsi d&#8217;afficher un style unique \u00e0 travers plusieurs combinaisons possibles.<br \/>\nCaract\u00e9ristiques principales :<br \/>\n1. SYST\u00c8ME OMNIDIRECTIONNEL \u201cSAFE RELEASE\u201d<br \/>\nLe syst\u00e8me d&#8217;ouverture omnidirectionnel garantit un niveau de s\u00e9curit\u00e9 \u00e9lev\u00e9, en permettant la lib\u00e9ration du pied dans toutes les directions. Ce m\u00e9canisme innovant, gr\u00e2ce \u00e0 une ing\u00e9nierie pr\u00e9cise, garanti la flexibilit\u00e9 \u00e0 360\u00b0 du syst\u00e8me de lib\u00e9ration, r\u00e9duisant ainsi consid\u00e9rablement le risque de rester coinc\u00e9 en cas de chute. Le polym\u00e8re utilis\u00e9 est stable face des temp\u00e9ratures extr\u00eames (-60\u00b0C \/ +60\u00b0C) et \u00eatre durable dans le temps, assurant une performance optimale quelles que soient les conditions.<br \/>\n2. SUPPORT DE PIED ET SENSATION DE CONFIANCE<br \/>\n\u00c9quip\u00e9 d&#8217;un noyau de soutien dans la partie inf\u00e9rieure, OMNIA offre une sensation comparable \u00e0 celle d&#8217;un \u00e9trier standard. Cela garantit la s\u00e9curit\u00e9, le confort et la stabilit\u00e9 du cavalier sans compromettre la concentration et les performances.<\/p>\n<p>3. CAPACIT\u00c9 DE CHARGE EXTR\u00caME (400 kg)<br \/>\nL&#8217;OMNIA est con\u00e7u pour r\u00e9sister \u00e0 une pression importante, jusqu&#8217;\u00e0 400 kg pour chaque \u00e9trier. Son cadre robuste et flexible en acier \u00e0 haute r\u00e9sistance garantit que, m\u00eame sous une charge aussi extr\u00eame, l&#8217;\u00e9trier ne se brise pas, offrant ainsi une fiabilit\u00e9 maximale.<\/p>\n<p>4. ADH\u00c9RENCE MAXIMALE<br \/>\nGr\u00e2ce \u00e0 son large plancher antid\u00e9rapant, l&#8217;OMNIA offre une adh\u00e9rence maximale, m\u00eame dans des conditions humides ou boueuses. La large surface permet un confort optimal, am\u00e9liorant ainsi la s\u00e9curit\u00e9 et la concentration du cavalier.<\/p>\n<p>5. STABILIT\u00c9 PARFAITE<br \/>\nAvec un poids optimal et bien \u00e9quilibr\u00e9 (680 g), l&#8217;OMNIA est con\u00e7u pour limiter les oscillations en cas de perte de contact, permettant une r\u00e9cup\u00e9ration rapide et un meilleur contr\u00f4le des mouvements.<\/p>\n<p>6. \u0152ILLETS INCLIN\u00c9S<br \/>\nL&#8217;\u0153illet inclin\u00e9 place l&#8217;\u00e9trier dans un angle favorable pour l\u2019insertion du pied, facilitant ainsi la r\u00e9cup\u00e9ration en cas de perte.<\/p>\n<p>7. PLANCHER DEPORTE ET INCLINABLE<br \/>\nLe plancher d\u00e9port\u00e9 de l&#8217;\u00e9trier OMNIA s&#8217;incline automatiquement pour favoriser la position correcte et naturelle du pied, am\u00e9liorant ainsi le confort et r\u00e9duisant le stress sur les articulations et les muscles.<\/p>\n<p>8. PLANCHERS PERFORES<br \/>\nDes ouvertures dispos\u00e9es sous le plancher permettent l\u2019\u00e9vacuation du sable, favorisant la propret\u00e9 et emp\u00eachant l&#8217;accumulation de salet\u00e9 qui pourrait r\u00e9duire l&#8217;adh\u00e9rence.<\/p>\n<p>9. SANS M\u00c9CANISME<br \/>\nL&#8217;OMNIA est exempt de tout m\u00e9canisme soumis \u00e0 l&#8217;usure, au risque de blocage ou de rupture dans le temps, ce qui le rend toujours efficace et facile \u00e0 nettoyer.<br \/>\nZandon\u00e0 OMNIA \u2013 L&#8217;\u00c9trier de S\u00e9curit\u00e9<\/p>\n","protected":false},"excerpt":{"rendered":"<p>\u00c9trier de S\u00e9curit\u00e9<\/p>\n","protected":false},"featured_media":34695,"comment_status":"open","ping_status":"closed","template":"","meta":[],"product_brand":[],"product_cat":[3786,3782,3542,3550],"product_tag":[],"class_list":{"0":"post-29159","1":"product","2":"type-product","3":"status-publish","4":"has-post-thumbnail","6":"product_cat-cavalier","7":"product_cat-etrier-de-securite","8":"product_cat-nouveau","9":"product_cat-recommande","10":"pa_codice-intrastat-42010000-fr","11":"pa_disciplina-utilizzo-complet","12":"pa_disciplina-utilizzo-courses","13":"pa_disciplina-utilizzo-saut-dobstacles","14":"pa_disciplina-utilizzo-trekking-fr","16":"first","17":"instock","18":"taxable","19":"shipping-taxable","20":"purchasable","21":"product-type-variable"},"_links":{"self":[{"href":"https:\/\/riding.zandona.net\/fr\/wp-json\/wp\/v2\/product\/29159","targetHints":{"allow":["GET"]}}],"collection":[{"href":"https:\/\/riding.zandona.net\/fr\/wp-json\/wp\/v2\/product"}],"about":[{"href":"https:\/\/riding.zandona.net\/fr\/wp-json\/wp\/v2\/types\/product"}],"replies":[{"embeddable":true,"href":"https:\/\/riding.zandona.net\/fr\/wp-json\/wp\/v2\/comments?post=29159"}],"wp:featuredmedia":[{"embeddable":true,"href":"https:\/\/riding.zandona.net\/fr\/wp-json\/wp\/v2\/media\/34695"}],"wp:attachment":[{"href":"https:\/\/riding.zandona.net\/fr\/wp-json\/wp\/v2\/media?parent=29159"}],"wp:term":[{"taxonomy":"product_brand","embeddable":true,"href":"https:\/\/riding.zandona.net\/fr\/wp-json\/wp\/v2\/product_brand?post=29159"},{"taxonomy":"product_cat","embeddable":true,"href":"https:\/\/riding.zandona.net\/fr\/wp-json\/wp\/v2\/product_cat?post=29159"},{"taxonomy":"product_tag","embeddable":true,"href":"https:\/\/riding.zandona.net\/fr\/wp-json\/wp\/v2\/product_tag?post=29159"}],"curies":[{"name":"wp","href":"https:\/\/api.w.org\/{rel}","templated":true}]}}