{"id":32356,"date":"2025-04-11T12:10:20","date_gmt":"2025-04-11T10:10:20","guid":{"rendered":"https:\/\/riding.zandona.net\/?post_type=product&#038;p=32356"},"modified":"2025-04-11T12:13:24","modified_gmt":"2025-04-11T10:13:24","slug":"carbon-professional-young-fetlock","status":"publish","type":"product","link":"https:\/\/riding.zandona.net\/fr\/shop\/cheval\/protections-pour-les-chevaux\/guetres-pour-le-saut-dobstacles\/carbon-pro-fr\/carbon-professional-young-fetlock\/","title":{"rendered":"CARBON PROfessional YOUNG Fetlock"},"content":{"rendered":"<p><strong>CARBON PROfessional YOUNG Fetlock\u00a0: Des performances in\u00e9gal\u00e9es, PAS SEULEMENT POUR LES JEUNES CHEVAUX.<\/strong><\/p>\n<p>Entrer dans une nouvelle \u00e8re en optant pour un niveau de performance sup\u00e9rieur gr\u00e2ce aux prot\u00e8ge-boulets \u00ab\u00a0CARBON PROfessional YOUNG Fetlock\u00a0\u00bb, la parfaite combinaison de <strong>l\u2019innovation, la protection et d\u2019un design de qualit\u00e9 professionnelle. <\/strong><\/p>\n<p>Les prot\u00e8ge-boulets \u00ab\u00a0CARBON PROfessional YOUNG Fetlock\u00a0\u00bb sont particuli\u00e8rement con\u00e7us pour <strong>am\u00e9liorer la performance et la s\u00e9curit\u00e9 du cheval <\/strong>et sont \u00e9galement <strong>conformes aux r\u00e8gles internationales <\/strong>pour les cat\u00e9gories de saut d&#8217;obstacles<strong> \u00ab\u00a0jeunes chevaux \u00bb.<\/strong><\/p>\n<p>D\u00e9velopp\u00e9 en collaboration avec le c\u00e9l\u00e8bre fabricant de prot\u00e8ge-boulets de performance Jan Snellen (<a href=\"https:\/\/www.js-horsetack.com\" target=\"_blank\" rel=\"noopener\">https:\/\/www.js-horsetack.com<\/a>), test\u00e9 et approuv\u00e9 par les meilleurs cavaliers de haut niveau, ces protections sont sp\u00e9cialement con\u00e7ues pour <strong>stimuler le potentiel naturel de saut du cheval, permettant une performance de haut niveau<\/strong> \u00e0 chaque saut.<\/p>\n<p>La <strong>coque en fibre de carbone<\/strong> assure une <strong>absorption sup\u00e9rieure des chocs<\/strong>, tandis que sa <strong>forme anatomique<\/strong> emp\u00eachant les frottements et les irritations tout en offrant un <strong>confort in\u00e9gal\u00e9\u00a0<\/strong>: <strong>pas de distractions, juste une performance optimale.<\/strong><\/p>\n<p>Le <strong>fixation solide de la sangle <\/strong>offre un<strong> r\u00e9glage s\u00fbr et pr\u00e9cis.<\/strong><\/p>\n<p>&nbsp;<\/p>\n<p>CARACTERISTIQUES PRINCIPALES:<\/p>\n<p>&#8211; <strong>Conception et design exceptionnels<\/strong>\u00a0;<\/p>\n<p>&#8211; <strong>Conforme au r\u00e8glement FEI<\/strong>\u00a0pour les cat\u00e9gories <strong>\u00ab\u00a0jeunes chevaux \u00bb<\/strong>;<\/p>\n<p>&#8211; El\u00e9ments en fibre de carbone pour une <strong>protection maximale<\/strong>\u00a0;<\/p>\n<p>&#8211; <strong>Structure anatomique<\/strong> en TPU recycl\u00e9\u00a0;<\/p>\n<p>&#8211; <strong>N\u00e9opr\u00e8ne perfor\u00e9<\/strong> ;<\/p>\n<p>&#8211; Nombreuses prises d\u2019air pour une <strong>ventilation optimale<\/strong>\u00a0;<\/p>\n<p>&#8211; Fixation s\u00fbre garantie par une <strong>sangle robuste<\/strong> ;<\/p>\n<p><strong>&#8211; Fabrication 100 % Italienne.<\/strong><\/p>\n","protected":false},"excerpt":{"rendered":"<p>CARBON PROfessional YOUNG Fetlock\u00a0: Des performances in\u00e9gal\u00e9es, PAS SEULEMENT POUR LES JEUNES CHEVAUX. Entrer dans une nouvelle \u00e8re en optant pour un niveau de performance sup\u00e9rieur<span class=\"excerpt-hellip\"> [\u2026]<\/span><\/p>\n","protected":false},"featured_media":32320,"comment_status":"open","ping_status":"closed","template":"","meta":[],"product_brand":[],"product_cat":[3598,3855,3642,3650,3542,3730],"product_tag":[],"class_list":{"0":"post-32356","1":"product","2":"type-product","3":"status-publish","4":"has-post-thumbnail","6":"product_cat-carbon-pro-fr","7":"product_cat-carbon-professional-fr","8":"product_cat-cheval","9":"product_cat-guetres-pour-le-saut-dobstacles","10":"product_cat-nouveau","11":"product_cat-protege-boulets-conformes-fei","13":"first","14":"instock","15":"taxable","16":"shipping-taxable","17":"purchasable","18":"product-type-variable"},"_links":{"self":[{"href":"https:\/\/riding.zandona.net\/fr\/wp-json\/wp\/v2\/product\/32356","targetHints":{"allow":["GET"]}}],"collection":[{"href":"https:\/\/riding.zandona.net\/fr\/wp-json\/wp\/v2\/product"}],"about":[{"href":"https:\/\/riding.zandona.net\/fr\/wp-json\/wp\/v2\/types\/product"}],"replies":[{"embeddable":true,"href":"https:\/\/riding.zandona.net\/fr\/wp-json\/wp\/v2\/comments?post=32356"}],"wp:featuredmedia":[{"embeddable":true,"href":"https:\/\/riding.zandona.net\/fr\/wp-json\/wp\/v2\/media\/32320"}],"wp:attachment":[{"href":"https:\/\/riding.zandona.net\/fr\/wp-json\/wp\/v2\/media?parent=32356"}],"wp:term":[{"taxonomy":"product_brand","embeddable":true,"href":"https:\/\/riding.zandona.net\/fr\/wp-json\/wp\/v2\/product_brand?post=32356"},{"taxonomy":"product_cat","embeddable":true,"href":"https:\/\/riding.zandona.net\/fr\/wp-json\/wp\/v2\/product_cat?post=32356"},{"taxonomy":"product_tag","embeddable":true,"href":"https:\/\/riding.zandona.net\/fr\/wp-json\/wp\/v2\/product_tag?post=32356"}],"curies":[{"name":"wp","href":"https:\/\/api.w.org\/{rel}","templated":true}]}}