{"id":33327,"date":"2025-04-15T13:24:46","date_gmt":"2025-04-15T11:24:46","guid":{"rendered":"https:\/\/riding.zandona.net\/?post_type=product&#038;p=33327"},"modified":"2025-04-15T15:09:28","modified_gmt":"2025-04-15T13:09:28","slug":"carbon-professional-short-fetlock","status":"publish","type":"product","link":"https:\/\/riding.zandona.net\/fr\/shop\/cheval\/protections-pour-les-chevaux\/guetres-pour-le-saut-dobstacles\/carbon-pro-fr\/carbon-professional-short-fetlock\/","title":{"rendered":"CARBON PROfessional SHORT Fetlock"},"content":{"rendered":"<p><strong>CARBON PROfessional SHORT Fetlock\u00a0: Dessin\u00e9 pour gagner, Con\u00e7u pour les Champions<\/strong><\/p>\n<p>Entrer dans une nouvelle \u00e8re en optant pour un niveau de performance sup\u00e9rieur gr\u00e2ce aux prot\u00e8ge-boulets \u00ab\u00a0CARBON PROfessional SHORT Fetlock\u00a0\u00bb, la parfaite combinaison de <strong>l\u2019innovation, la protection et d\u2019un design de qualit\u00e9 professionnelle. <\/strong><\/p>\n<p>Les prot\u00e8ge-boulets \u00ab\u00a0CARBON PROfessional SHORT Fetlock\u00a0\u00bb sont particuli\u00e8rement con\u00e7us pour <strong>am\u00e9liorer la performance et la s\u00e9curit\u00e9 du cheval. <\/strong><\/p>\n<p>D\u00e9velopp\u00e9 en collaboration avec le c\u00e9l\u00e8bre fabricant de prot\u00e8ge-boulets de performance Jan Snellen (<a href=\"https:\/\/www.js-horsetack.com\" target=\"_blank\" rel=\"noopener\">https:\/\/www.js-horsetack.com<\/a>), test\u00e9 et approuv\u00e9 par les meilleurs cavaliers de haut niveau, ces protections sont sp\u00e9cialement con\u00e7ues pour <strong>stimuler le potentiel naturel de saut du cheval, permettant une performance de haut niveau<\/strong> \u00e0 chaque saut.<\/p>\n<p>La <strong>coque en fibre de carbone<\/strong> assure une <strong>absorption sup\u00e9rieure des chocs<\/strong>, tandis que sa <strong>forme anatomique<\/strong> emp\u00eachant les frottements et les irritations tout en offrant un <strong>confort in\u00e9gal\u00e9\u00a0<\/strong>: <strong>pas de distractions, juste une performance optimale.<\/strong><\/p>\n<p>Le <strong>solide syst\u00e8me de fermeture avec \u00e9lastique <\/strong>et le nouveau <strong>syst\u00e8me de fixation rapide \u00e0 4 trous<\/strong> offrent un <strong>ajustement s\u00e9curis\u00e9 et pr\u00e9cis<\/strong>.<\/p>\n<p>&nbsp;<\/p>\n<p>CARACTERISTIQUES PRINCIPALES:<\/p>\n<p>&#8211; <strong>Conception et design exceptionnels<\/strong>\u00a0;<\/p>\n<p>&#8211; <strong>Conforme au r\u00e8glement FEI<\/strong>\u00a0;<\/p>\n<p>&#8211; El\u00e9ments en fibre de carbone pour une <strong>protection maximale<\/strong>\u00a0;<\/p>\n<p>&#8211; <strong>Structure anatomique<\/strong> en TPU recycl\u00e9\u00a0;<\/p>\n<p>&#8211; <strong>Air-Mesh 3D + N\u00e9opr\u00e8ne perfor\u00e9<\/strong> ;<\/p>\n<p>&#8211; Nombreuses prises d\u2019air pour une <strong>ventilation optimale<\/strong>\u00a0;<\/p>\n<p>&#8211; Fixation s\u00e9curis\u00e9e avec<strong> \u00e9lastique \u00e0 d\u00e9gagement rapide<\/strong>\u00a0;<\/p>\n<p><strong>&#8211; Fabrication 100 % Italienne.<\/strong><\/p>\n","protected":false},"excerpt":{"rendered":"<p>CARBON PROfessional SHORT Fetlock\u00a0: Dessin\u00e9 pour gagner, Con\u00e7u pour les Champions Entrer dans une nouvelle \u00e8re en optant pour un niveau de performance sup\u00e9rieur gr\u00e2ce aux<span class=\"excerpt-hellip\"> [\u2026]<\/span><\/p>\n","protected":false},"featured_media":33639,"comment_status":"open","ping_status":"closed","template":"","meta":[],"product_brand":[],"product_cat":[3598,3855,3642,3650,3542,3646,3730],"product_tag":[],"class_list":{"0":"post-33327","1":"product","2":"type-product","3":"status-publish","4":"has-post-thumbnail","6":"product_cat-carbon-pro-fr","7":"product_cat-carbon-professional-fr","8":"product_cat-cheval","9":"product_cat-guetres-pour-le-saut-dobstacles","10":"product_cat-nouveau","11":"product_cat-protections-pour-les-chevaux","12":"product_cat-protege-boulets-conformes-fei","13":"pa_codice-intrastat-42010000-fr","14":"pa_disciplina-utilizzo-saut-dobstacles","15":"pa_giro-nodello-da-31-a-32-cm-fr","16":"pa_giro-nodello-da-33-a-34-cm-fr","17":"pa_giro-nodello-da-35-a-37-cm-fr","19":"first","20":"instock","21":"taxable","22":"shipping-taxable","23":"purchasable","24":"product-type-variable"},"_links":{"self":[{"href":"https:\/\/riding.zandona.net\/fr\/wp-json\/wp\/v2\/product\/33327","targetHints":{"allow":["GET"]}}],"collection":[{"href":"https:\/\/riding.zandona.net\/fr\/wp-json\/wp\/v2\/product"}],"about":[{"href":"https:\/\/riding.zandona.net\/fr\/wp-json\/wp\/v2\/types\/product"}],"replies":[{"embeddable":true,"href":"https:\/\/riding.zandona.net\/fr\/wp-json\/wp\/v2\/comments?post=33327"}],"wp:featuredmedia":[{"embeddable":true,"href":"https:\/\/riding.zandona.net\/fr\/wp-json\/wp\/v2\/media\/33639"}],"wp:attachment":[{"href":"https:\/\/riding.zandona.net\/fr\/wp-json\/wp\/v2\/media?parent=33327"}],"wp:term":[{"taxonomy":"product_brand","embeddable":true,"href":"https:\/\/riding.zandona.net\/fr\/wp-json\/wp\/v2\/product_brand?post=33327"},{"taxonomy":"product_cat","embeddable":true,"href":"https:\/\/riding.zandona.net\/fr\/wp-json\/wp\/v2\/product_cat?post=33327"},{"taxonomy":"product_tag","embeddable":true,"href":"https:\/\/riding.zandona.net\/fr\/wp-json\/wp\/v2\/product_tag?post=33327"}],"curies":[{"name":"wp","href":"https:\/\/api.w.org\/{rel}","templated":true}]}}