{"id":33387,"date":"2025-04-15T13:24:52","date_gmt":"2025-04-15T11:24:52","guid":{"rendered":"https:\/\/riding.zandona.net\/?post_type=product&#038;p=33387"},"modified":"2025-04-15T15:27:53","modified_gmt":"2025-04-15T13:27:53","slug":"carbon-professional-young-ex-fetlock","status":"publish","type":"product","link":"https:\/\/riding.zandona.net\/fr\/shop\/cheval\/protections-pour-les-chevaux\/guetres-pour-le-saut-dobstacles\/carbon-pro-ex-fr\/carbon-professional-young-ex-fetlock\/","title":{"rendered":"CARBON PROfessional YOUNG EX Fetlock"},"content":{"rendered":"<p><strong>CARBON PROfessional YOUNG EX Fetlock\u00a0: Des performances in\u00e9gal\u00e9es, PAS SEULEMENT POUR LES JEUNES CHEVAUX.<\/strong><\/p>\n<p>Entrer dans une nouvelle \u00e8re en optant pour un niveau de performance sup\u00e9rieur gr\u00e2ce aux prot\u00e8ge-boulets \u00ab\u00a0CARBON PROfessional YOUNG EX Fetlock\u00a0\u00bb, la parfaite combinaison de <strong>l\u2019innovation, la protection et d\u2019un design de qualit\u00e9 professionnelle. <\/strong><\/p>\n<p>Les prot\u00e8ge-boulets \u00ab\u00a0CARBON PROfessional YOUNG EX Fetlock\u00a0\u00bb sont particuli\u00e8rement con\u00e7us pour <strong>am\u00e9liorer la performance et la s\u00e9curit\u00e9 du cheval <\/strong>et sont <strong>n\u00e9cessaire pour les chevaux qui ont tendance \u00e0 frapper la zone de leur membre oppos\u00e9 en dessous du genou ou pastorale avec leur fer<\/strong>. Cette <strong>Protection Suppl\u00e9mentaire<\/strong> est cr\u00e9\u00e9e gr\u00e2ce \u00e0 une <strong>extension ergonomique du rembourrage en n\u00e9opr\u00e8ne<\/strong> et est recouverte d\u2019un film anti-usure au <strong>look carbone<\/strong>.<\/p>\n<p>Les prot\u00e8ge-boulets \u00ab\u00a0CARBON PROfessional YOUNG EX Fetlock\u00a0\u00bb sont \u00e9galement <strong>conformes aux r\u00e8gles internationales <\/strong>pour les cat\u00e9gories de saut d&#8217;obstacles<strong> \u00ab\u00a0jeunes chevaux \u00bb.<\/strong><\/p>\n<p>D\u00e9velopp\u00e9 en collaboration avec le c\u00e9l\u00e8bre fabricant de prot\u00e8ge-boulets de performance Jan Snellen (<a href=\"https:\/\/www.js-horsetack.com\" target=\"_blank\" rel=\"noopener\">https:\/\/www.js-horsetack.com<\/a>), test\u00e9 et approuv\u00e9 par les meilleurs cavaliers de haut niveau, ces protections sont sp\u00e9cialement con\u00e7ues pour <strong>stimuler le potentiel naturel de saut du cheval, permettant une performance de haut niveau<\/strong> \u00e0 chaque saut.<\/p>\n<p>La <strong>coque en fibre de carbone<\/strong> assure une <strong>absorption sup\u00e9rieure des chocs<\/strong>, tandis que sa <strong>forme anatomique<\/strong> emp\u00eachant les frottements et les irritations tout en offrant un <strong>confort in\u00e9gal\u00e9\u00a0<\/strong>: <strong>pas de distractions, juste une performance optimale.<\/strong><\/p>\n<p>Le <strong>fixation solide de la sangle <\/strong>offre un<strong> r\u00e9glage s\u00fbr et pr\u00e9cis.<\/strong><\/p>\n<p>&nbsp;<\/p>\n<p>CARACTERISTIQUES PRINCIPALES:<\/p>\n<p>&#8211; <strong>Conception et design exceptionnels<\/strong>\u00a0;<\/p>\n<p>&#8211; <strong>Conforme au r\u00e8glement FEI<\/strong>\u00a0pour les cat\u00e9gories <strong>\u00ab\u00a0jeunes chevaux \u00bb<\/strong>;<\/p>\n<p>&#8211; El\u00e9ments en fibre de carbone pour une <strong>protection maximale<\/strong>\u00a0;<\/p>\n<p>&#8211; <strong>Extension ergonomique<\/strong> en n\u00e9opr\u00e8ne pour <strong>Protection Suppl\u00e9mentaire\u00a0;<\/strong><\/p>\n<p>&#8211; <strong>Structure anatomique<\/strong> en TPU recycl\u00e9\u00a0;<\/p>\n<p>&#8211; <strong>N\u00e9opr\u00e8ne perfor\u00e9<\/strong> ;<\/p>\n<p>&#8211; Nombreuses prises d\u2019air pour une <strong>ventilation optimale<\/strong>\u00a0;<\/p>\n<p>&#8211; Fixation s\u00fbre garantie par une <strong>sangle robuste<\/strong> ;<\/p>\n<p><strong>&#8211; Fabrication 100 % Italienne.<\/strong><\/p>\n","protected":false},"excerpt":{"rendered":"<p>CARBON PROfessional YOUNG EX Fetlock\u00a0: Des performances in\u00e9gal\u00e9es, PAS SEULEMENT POUR LES JEUNES CHEVAUX. Entrer dans une nouvelle \u00e8re en optant pour un niveau de performance<span class=\"excerpt-hellip\"> [\u2026]<\/span><\/p>\n","protected":false},"featured_media":33451,"comment_status":"open","ping_status":"closed","template":"","meta":[],"product_brand":[],"product_cat":[3603,3855,3642,3650,3646,3730],"product_tag":[],"class_list":{"0":"post-33387","1":"product","2":"type-product","3":"status-publish","4":"has-post-thumbnail","6":"product_cat-carbon-pro-ex-fr","7":"product_cat-carbon-professional-fr","8":"product_cat-cheval","9":"product_cat-guetres-pour-le-saut-dobstacles","10":"product_cat-protections-pour-les-chevaux","11":"product_cat-protege-boulets-conformes-fei","12":"pa_codice-intrastat-42010000-fr","13":"pa_disciplina-utilizzo-saut-dobstacles","14":"pa_giro-nodello-da-28-a-30-cm-fr","15":"pa_giro-nodello-da-31-a-32-cm-fr","16":"pa_giro-nodello-da-33-a-34-cm-fr","17":"pa_giro-nodello-da-34-a-37-cm-fr","19":"first","20":"instock","21":"taxable","22":"shipping-taxable","23":"purchasable","24":"product-type-variable"},"_links":{"self":[{"href":"https:\/\/riding.zandona.net\/fr\/wp-json\/wp\/v2\/product\/33387","targetHints":{"allow":["GET"]}}],"collection":[{"href":"https:\/\/riding.zandona.net\/fr\/wp-json\/wp\/v2\/product"}],"about":[{"href":"https:\/\/riding.zandona.net\/fr\/wp-json\/wp\/v2\/types\/product"}],"replies":[{"embeddable":true,"href":"https:\/\/riding.zandona.net\/fr\/wp-json\/wp\/v2\/comments?post=33387"}],"wp:featuredmedia":[{"embeddable":true,"href":"https:\/\/riding.zandona.net\/fr\/wp-json\/wp\/v2\/media\/33451"}],"wp:attachment":[{"href":"https:\/\/riding.zandona.net\/fr\/wp-json\/wp\/v2\/media?parent=33387"}],"wp:term":[{"taxonomy":"product_brand","embeddable":true,"href":"https:\/\/riding.zandona.net\/fr\/wp-json\/wp\/v2\/product_brand?post=33387"},{"taxonomy":"product_cat","embeddable":true,"href":"https:\/\/riding.zandona.net\/fr\/wp-json\/wp\/v2\/product_cat?post=33387"},{"taxonomy":"product_tag","embeddable":true,"href":"https:\/\/riding.zandona.net\/fr\/wp-json\/wp\/v2\/product_tag?post=33387"}],"curies":[{"name":"wp","href":"https:\/\/api.w.org\/{rel}","templated":true}]}}