{"id":35320,"date":"2025-04-15T11:47:11","date_gmt":"2025-04-15T09:47:11","guid":{"rendered":"https:\/\/riding.zandona.net\/?post_type=product&#038;p=35320"},"modified":"2025-05-26T16:42:15","modified_gmt":"2025-05-26T14:42:15","slug":"omnia-spare-inox-grated-pad","status":"publish","type":"product","link":"https:\/\/riding.zandona.net\/fr\/shop\/cavalier\/etrier-de-securite\/omnia-spare-inox-grated-pad\/","title":{"rendered":"OMNIA SPARE INOX GRATED PAD"},"content":{"rendered":"<p>Cales de rechange pour les \u00e9triers Omnia \u2013 The Safety Stirrup.<\/p>\n<p>Kit de cales + vis en acier inoxydable de haute qualit\u00e9, facile \u00e0 installer et tr\u00e8s r\u00e9sistant.<\/p>\n","protected":false},"excerpt":{"rendered":"<p>Cales de rechange pour les \u00e9triers Omnia \u2013 The Safety Stirrup. Kit de cales + vis en acier inoxydable de haute qualit\u00e9, facile \u00e0 installer et<span class=\"excerpt-hellip\"> [\u2026]<\/span><\/p>\n","protected":false},"featured_media":33279,"comment_status":"open","ping_status":"closed","template":"","meta":[],"product_brand":[],"product_cat":[3860,3786,3782],"product_tag":[],"class_list":{"0":"post-35320","1":"product","2":"type-product","3":"status-publish","4":"has-post-thumbnail","6":"product_cat-accessoires-de-etrier-de-securite","7":"product_cat-cavalier","8":"product_cat-etrier-de-securite","9":"pa_codice-intrastat-42010000-fr","10":"pa_disciplina-utilizzo-complet","11":"pa_disciplina-utilizzo-courses","12":"pa_disciplina-utilizzo-saut-dobstacles","13":"pa_disciplina-utilizzo-trekking-fr","15":"first","16":"instock","17":"taxable","18":"shipping-taxable","19":"purchasable","20":"product-type-simple"},"_links":{"self":[{"href":"https:\/\/riding.zandona.net\/fr\/wp-json\/wp\/v2\/product\/35320","targetHints":{"allow":["GET"]}}],"collection":[{"href":"https:\/\/riding.zandona.net\/fr\/wp-json\/wp\/v2\/product"}],"about":[{"href":"https:\/\/riding.zandona.net\/fr\/wp-json\/wp\/v2\/types\/product"}],"replies":[{"embeddable":true,"href":"https:\/\/riding.zandona.net\/fr\/wp-json\/wp\/v2\/comments?post=35320"}],"wp:featuredmedia":[{"embeddable":true,"href":"https:\/\/riding.zandona.net\/fr\/wp-json\/wp\/v2\/media\/33279"}],"wp:attachment":[{"href":"https:\/\/riding.zandona.net\/fr\/wp-json\/wp\/v2\/media?parent=35320"}],"wp:term":[{"taxonomy":"product_brand","embeddable":true,"href":"https:\/\/riding.zandona.net\/fr\/wp-json\/wp\/v2\/product_brand?post=35320"},{"taxonomy":"product_cat","embeddable":true,"href":"https:\/\/riding.zandona.net\/fr\/wp-json\/wp\/v2\/product_cat?post=35320"},{"taxonomy":"product_tag","embeddable":true,"href":"https:\/\/riding.zandona.net\/fr\/wp-json\/wp\/v2\/product_tag?post=35320"}],"curies":[{"name":"wp","href":"https:\/\/api.w.org\/{rel}","templated":true}]}}