{"id":35359,"date":"2025-04-15T11:47:11","date_gmt":"2025-04-15T09:47:11","guid":{"rendered":"https:\/\/riding.zandona.net\/?post_type=product&#038;p=35359"},"modified":"2025-05-27T10:23:23","modified_gmt":"2025-05-27T08:23:23","slug":"omnia-neoprene-cover","status":"publish","type":"product","link":"https:\/\/riding.zandona.net\/fr\/shop\/cavalier\/etrier-de-securite\/omnia-neoprene-cover\/","title":{"rendered":"OMNIA NEOPRENE COVER"},"content":{"rendered":"<p><strong>Protection \u00e9l\u00e9gante et pratique pour votre \u00e9quipement.<\/strong><\/p>\n<p>Fabriqu\u00e9es en n\u00e9opr\u00e8ne souple, les housses OMNIA prot\u00e8gent vos \u00e9triers et votre selle des rayures, de la poussi\u00e8re et de la salet\u00e9 lors du transport ou du stockage.<\/p>\n<p>Faciles \u00e0 enfiler, elles restent bien en place, sont confortables \u00e0 utiliser et s\u2019adaptent parfaitement gr\u00e2ce \u00e0 leur structure \u00e9lastique.<\/p>\n<p>&nbsp;<\/p>\n<p><strong>Entretien du produit<\/strong><\/p>\n<ul>\n<li>Lavage \u00e0 la main \u00e0 30 \u00b0C<br \/>\n\u2022 Ne pas utiliser de machine \u00e0 laver ni de s\u00e8che-linge<br \/>\n\u2022 Ne pas nettoyer \u00e0 sec<br \/>\n\u2022 Ne pas utiliser d\u2019eau de Javel<\/li>\n<\/ul>\n","protected":false},"excerpt":{"rendered":"<p>Protection \u00e9l\u00e9gante et pratique pour votre \u00e9quipement. Fabriqu\u00e9es en n\u00e9opr\u00e8ne souple, les housses OMNIA prot\u00e8gent vos \u00e9triers et votre selle des rayures, de la poussi\u00e8re et<span class=\"excerpt-hellip\"> [\u2026]<\/span><\/p>\n","protected":false},"featured_media":33268,"comment_status":"open","ping_status":"closed","template":"","meta":[],"product_brand":[],"product_cat":[3860,3786,3782],"product_tag":[],"class_list":{"0":"post-35359","1":"product","2":"type-product","3":"status-publish","4":"has-post-thumbnail","6":"product_cat-accessoires-de-etrier-de-securite","7":"product_cat-cavalier","8":"product_cat-etrier-de-securite","9":"pa_codice-intrastat-42010000-fr","10":"pa_disciplina-utilizzo-complet","11":"pa_disciplina-utilizzo-courses","12":"pa_disciplina-utilizzo-saut-dobstacles","13":"pa_disciplina-utilizzo-trekking-fr","15":"first","16":"instock","17":"taxable","18":"shipping-taxable","19":"purchasable","20":"product-type-simple"},"_links":{"self":[{"href":"https:\/\/riding.zandona.net\/fr\/wp-json\/wp\/v2\/product\/35359","targetHints":{"allow":["GET"]}}],"collection":[{"href":"https:\/\/riding.zandona.net\/fr\/wp-json\/wp\/v2\/product"}],"about":[{"href":"https:\/\/riding.zandona.net\/fr\/wp-json\/wp\/v2\/types\/product"}],"replies":[{"embeddable":true,"href":"https:\/\/riding.zandona.net\/fr\/wp-json\/wp\/v2\/comments?post=35359"}],"wp:featuredmedia":[{"embeddable":true,"href":"https:\/\/riding.zandona.net\/fr\/wp-json\/wp\/v2\/media\/33268"}],"wp:attachment":[{"href":"https:\/\/riding.zandona.net\/fr\/wp-json\/wp\/v2\/media?parent=35359"}],"wp:term":[{"taxonomy":"product_brand","embeddable":true,"href":"https:\/\/riding.zandona.net\/fr\/wp-json\/wp\/v2\/product_brand?post=35359"},{"taxonomy":"product_cat","embeddable":true,"href":"https:\/\/riding.zandona.net\/fr\/wp-json\/wp\/v2\/product_cat?post=35359"},{"taxonomy":"product_tag","embeddable":true,"href":"https:\/\/riding.zandona.net\/fr\/wp-json\/wp\/v2\/product_tag?post=35359"}],"curies":[{"name":"wp","href":"https:\/\/api.w.org\/{rel}","templated":true}]}}