{"id":35756,"date":"2025-05-30T15:58:21","date_gmt":"2025-05-30T13:58:21","guid":{"rendered":"https:\/\/riding.zandona.net\/?post_type=product&#038;p=35756"},"modified":"2025-05-30T16:03:22","modified_gmt":"2025-05-30T14:03:22","slug":"summer-cap","status":"publish","type":"product","link":"https:\/\/riding.zandona.net\/fr\/shop\/cavalier\/gadgets-fr\/summer-cap\/","title":{"rendered":"SUMMER CAP"},"content":{"rendered":"<p>Casquette d&#8217;\u00e9t\u00e9 taille unique avec fermeture r\u00e9glable \u00e0 scratch \u00e0 l&#8217;arri\u00e8re.<\/p>\n","protected":false},"excerpt":{"rendered":"<p>Casquette d&#8217;\u00e9t\u00e9 taille unique avec fermeture r\u00e9glable \u00e0 scratch \u00e0 l&#8217;arri\u00e8re.<\/p>\n","protected":false},"featured_media":35703,"comment_status":"open","ping_status":"closed","template":"","meta":[],"product_brand":[],"product_cat":[3786,3538],"product_tag":[],"class_list":{"0":"post-35756","1":"product","2":"type-product","3":"status-publish","4":"has-post-thumbnail","6":"product_cat-cavalier","7":"product_cat-gadgets-fr","8":"pa_codice-intrastat-62171000-fr","10":"first","11":"instock","12":"taxable","13":"shipping-taxable","14":"purchasable","15":"product-type-simple"},"_links":{"self":[{"href":"https:\/\/riding.zandona.net\/fr\/wp-json\/wp\/v2\/product\/35756","targetHints":{"allow":["GET"]}}],"collection":[{"href":"https:\/\/riding.zandona.net\/fr\/wp-json\/wp\/v2\/product"}],"about":[{"href":"https:\/\/riding.zandona.net\/fr\/wp-json\/wp\/v2\/types\/product"}],"replies":[{"embeddable":true,"href":"https:\/\/riding.zandona.net\/fr\/wp-json\/wp\/v2\/comments?post=35756"}],"wp:featuredmedia":[{"embeddable":true,"href":"https:\/\/riding.zandona.net\/fr\/wp-json\/wp\/v2\/media\/35703"}],"wp:attachment":[{"href":"https:\/\/riding.zandona.net\/fr\/wp-json\/wp\/v2\/media?parent=35756"}],"wp:term":[{"taxonomy":"product_brand","embeddable":true,"href":"https:\/\/riding.zandona.net\/fr\/wp-json\/wp\/v2\/product_brand?post=35756"},{"taxonomy":"product_cat","embeddable":true,"href":"https:\/\/riding.zandona.net\/fr\/wp-json\/wp\/v2\/product_cat?post=35756"},{"taxonomy":"product_tag","embeddable":true,"href":"https:\/\/riding.zandona.net\/fr\/wp-json\/wp\/v2\/product_tag?post=35756"}],"curies":[{"name":"wp","href":"https:\/\/api.w.org\/{rel}","templated":true}]}}