{"id":36165,"date":"2025-07-30T17:11:18","date_gmt":"2025-07-30T15:11:18","guid":{"rendered":"https:\/\/riding.zandona.net\/?post_type=product&#038;p=36165"},"modified":"2025-07-31T11:47:29","modified_gmt":"2025-07-31T09:47:29","slug":"carbon-professional-lite-fetlock","status":"publish","type":"product","link":"https:\/\/riding.zandona.net\/fr\/shop\/cheval\/protections-pour-les-chevaux\/guetres-pour-le-saut-dobstacles\/carbon-pro-fr\/carbon-professional-lite-fetlock\/","title":{"rendered":"CARBON PROfessional LITE Fetlock"},"content":{"rendered":"<p><strong>CARBON PROfessional LITE : <\/strong>M\u00eame philosophie. Concept all\u00e9g\u00e9. Performance professionnelle.<\/p>\n<p>D\u00e9velopp\u00e9s par Jan Snellen (JS-Horsetack) en collaboration avec Zandon\u00e0, les CARBON PROfessional LITE ont \u00e9t\u00e9 con\u00e7us sp\u00e9cialement pour les chevaux de sport adultes, en offrant une alternative plus l\u00e9g\u00e8re et plus respectueuse \u2013 sans pour autant compromettre la protection, le confort ou la performance.<\/p>\n<p>Bas\u00e9e sur le concept des prot\u00e8ge-boulets pour jeunes chevaux, la version LITE conserve la m\u00eame fonction, mais avec un design plus \u00e9pur\u00e9 et <em>une construction de qualit\u00e9 professionnelle<\/em>. \u00c0 la place des sangles classiques, ils sont <strong>\u00e9quip\u00e9s d\u2019un \u00e9lastique r\u00e9sistant et d\u2019une fermeture \u00e0 bouton s\u00e9curis\u00e9e<\/strong>.<\/p>\n<p>De forme anatomique et construits sur le m\u00eame ADN haute performance que la ligne CARBON PROfessional, ils garantissent un confort optimal, un soutien d\u00e9licat et une libert\u00e9 de mouvement naturelle \u2013 parfaits pour les chevaux exp\u00e9riment\u00e9s qui n\u00e9cessitent une attention particuli\u00e8re.<\/p>\n<p><strong>&#8211; Soutien doux avec protection en carbone;<\/strong><\/p>\n<p><strong>&#8211; Parfaits pour les chevaux de sport adultes;<\/strong><\/p>\n<p><strong>&#8211; Fermeture \u00e9lastique + bouton (sans sangles);<\/strong><\/p>\n<p><strong>&#8211; Inspir\u00e9s des prot\u00e8ge-boulets pour jeunes chevaux;<\/strong><\/p>\n<p><strong>&#8211; 100% conformes aux r\u00e8gles FEI;<\/strong><\/p>\n<p><strong>&#8211; \u00a0100 % Made in Italy.<\/strong><\/p>\n","protected":false},"excerpt":{"rendered":"<p>CARBON PROfessional LITE : M\u00eame philosophie. Concept all\u00e9g\u00e9. Performance professionnelle. D\u00e9velopp\u00e9s par Jan Snellen (JS-Horsetack) en collaboration avec Zandon\u00e0, les CARBON PROfessional LITE ont \u00e9t\u00e9 con\u00e7us<span class=\"excerpt-hellip\"> [\u2026]<\/span><\/p>\n","protected":false},"featured_media":36176,"comment_status":"open","ping_status":"closed","template":"","meta":[],"product_brand":[],"product_cat":[3598,3855,3642,3650,3542,3730],"product_tag":[],"class_list":{"0":"post-36165","1":"product","2":"type-product","3":"status-publish","4":"has-post-thumbnail","6":"product_cat-carbon-pro-fr","7":"product_cat-carbon-professional-fr","8":"product_cat-cheval","9":"product_cat-guetres-pour-le-saut-dobstacles","10":"product_cat-nouveau","11":"product_cat-protege-boulets-conformes-fei","13":"first","14":"instock","15":"taxable","16":"shipping-taxable","17":"purchasable","18":"product-type-variable"},"_links":{"self":[{"href":"https:\/\/riding.zandona.net\/fr\/wp-json\/wp\/v2\/product\/36165","targetHints":{"allow":["GET"]}}],"collection":[{"href":"https:\/\/riding.zandona.net\/fr\/wp-json\/wp\/v2\/product"}],"about":[{"href":"https:\/\/riding.zandona.net\/fr\/wp-json\/wp\/v2\/types\/product"}],"replies":[{"embeddable":true,"href":"https:\/\/riding.zandona.net\/fr\/wp-json\/wp\/v2\/comments?post=36165"}],"wp:featuredmedia":[{"embeddable":true,"href":"https:\/\/riding.zandona.net\/fr\/wp-json\/wp\/v2\/media\/36176"}],"wp:attachment":[{"href":"https:\/\/riding.zandona.net\/fr\/wp-json\/wp\/v2\/media?parent=36165"}],"wp:term":[{"taxonomy":"product_brand","embeddable":true,"href":"https:\/\/riding.zandona.net\/fr\/wp-json\/wp\/v2\/product_brand?post=36165"},{"taxonomy":"product_cat","embeddable":true,"href":"https:\/\/riding.zandona.net\/fr\/wp-json\/wp\/v2\/product_cat?post=36165"},{"taxonomy":"product_tag","embeddable":true,"href":"https:\/\/riding.zandona.net\/fr\/wp-json\/wp\/v2\/product_tag?post=36165"}],"curies":[{"name":"wp","href":"https:\/\/api.w.org\/{rel}","templated":true}]}}