{"id":36264,"date":"2025-07-31T12:09:45","date_gmt":"2025-07-31T10:09:45","guid":{"rendered":"https:\/\/riding.zandona.net\/?post_type=product&#038;p=36264"},"modified":"2025-09-22T12:13:11","modified_gmt":"2025-09-22T10:13:11","slug":"carbon-professional-lite-ex-fetlock","status":"publish","type":"product","link":"https:\/\/riding.zandona.net\/fr\/shop\/cheval\/protections-pour-les-chevaux\/guetres-pour-le-saut-dobstacles\/carbon-pro-ex-fr\/carbon-professional-lite-ex-fetlock\/","title":{"rendered":"CARBON PROfessional LITE EX Fetlock"},"content":{"rendered":"<p><strong>CARBON PROfessional LITE EX : <\/strong>M\u00eame philosophie. Concept all\u00e9g\u00e9. Performance professionnelle.<\/p>\n<p>D\u00e9velopp\u00e9s par Jan Snellen (JS-Horsetack) en collaboration avec Zandon\u00e0, les CARBON PROfessional LITE EX ont \u00e9t\u00e9 con\u00e7us sp\u00e9cialement pour les chevaux de sport adultes, en offrant une alternative plus l\u00e9g\u00e8re et plus respectueuse \u2013 sans pour autant compromettre la protection, le confort ou la performance et sont <strong>n\u00e9cessaire pour les chevaux qui ont tendance \u00e0 frapper la zone de leur membre oppos\u00e9 en dessous du genou ou pastorale avec leur fer<\/strong>. Cette <strong>Protection Suppl\u00e9mentaire<\/strong> est cr\u00e9\u00e9e gr\u00e2ce \u00e0 une <strong>extension ergonomique du rembourrage en n\u00e9opr\u00e8ne<\/strong> et est recouverte d\u2019un film anti-usure au <strong>look carbone<\/strong>.<\/p>\n<p>Bas\u00e9e sur le concept des prot\u00e8ge-boulets pour jeunes chevaux, la version LITE, sp\u00e9cialement d\u00e9velopp\u00e9e pour les cavaliers professionnels, conserve la m\u00eame fonction, mais avec un design plus \u00e9pur\u00e9. \u00c0 la place des sangles classiques, ils sont <strong>\u00e9quip\u00e9s d\u2019un \u00e9lastique r\u00e9sistant et d\u2019une fermeture \u00e0 bouton s\u00e9curis\u00e9e<\/strong>. Ces prot\u00e8ge-boulets satisferont les cavaliers professionnels.<\/p>\n<p>De forme anatomique et construits sur le m\u00eame ADN haute performance que la ligne CARBON PROfessional, ils garantissent un confort optimal, un soutien d\u00e9licat et une libert\u00e9 de mouvement naturelle \u2013 parfaits pour les chevaux exp\u00e9riment\u00e9s qui n\u00e9cessitent une attention particuli\u00e8re.<\/p>\n<p><strong>&#8211; Confort et protection en carbone;<\/strong><\/p>\n<p><strong>&#8211; Parfaits pour les chevaux de sport adultes;<\/strong><\/p>\n<p><strong>&#8211; Fermeture \u00e9lastique + bouton (sans sangles);<\/strong><\/p>\n<p><strong>&#8211; Inspir\u00e9s des prot\u00e8ge-boulets pour jeunes chevaux;<\/strong><\/p>\n<p><strong>&#8211; 100% conformes aux r\u00e8gles FEI;<\/strong><\/p>\n<p><strong>&#8211; \u00a0100 % Made in Italy.<\/strong><\/p>\n","protected":false},"excerpt":{"rendered":"<p>CARBON PROfessional LITE EX : M\u00eame philosophie. Concept all\u00e9g\u00e9. Performance professionnelle. D\u00e9velopp\u00e9s par Jan Snellen (JS-Horsetack) en collaboration avec Zandon\u00e0, les CARBON PROfessional LITE EX ont<span class=\"excerpt-hellip\"> [\u2026]<\/span><\/p>\n","protected":false},"featured_media":37252,"comment_status":"open","ping_status":"closed","template":"","meta":[],"product_brand":[],"product_cat":[3603,3855,3642,3650,3646,3730],"product_tag":[],"class_list":{"0":"post-36264","1":"product","2":"type-product","3":"status-publish","4":"has-post-thumbnail","6":"product_cat-carbon-pro-ex-fr","7":"product_cat-carbon-professional-fr","8":"product_cat-cheval","9":"product_cat-guetres-pour-le-saut-dobstacles","10":"product_cat-protections-pour-les-chevaux","11":"product_cat-protege-boulets-conformes-fei","12":"pa_codice-intrastat-42010000-fr","13":"pa_disciplina-utilizzo-saut-dobstacles","14":"pa_giro-nodello-da-28-a-30-cm-fr","15":"pa_giro-nodello-da-31-a-32-cm-fr","16":"pa_giro-nodello-da-33-a-34-cm-fr","17":"pa_giro-nodello-da-34-a-37-cm-fr","19":"first","20":"instock","21":"taxable","22":"shipping-taxable","23":"purchasable","24":"product-type-variable"},"_links":{"self":[{"href":"https:\/\/riding.zandona.net\/fr\/wp-json\/wp\/v2\/product\/36264","targetHints":{"allow":["GET"]}}],"collection":[{"href":"https:\/\/riding.zandona.net\/fr\/wp-json\/wp\/v2\/product"}],"about":[{"href":"https:\/\/riding.zandona.net\/fr\/wp-json\/wp\/v2\/types\/product"}],"replies":[{"embeddable":true,"href":"https:\/\/riding.zandona.net\/fr\/wp-json\/wp\/v2\/comments?post=36264"}],"wp:featuredmedia":[{"embeddable":true,"href":"https:\/\/riding.zandona.net\/fr\/wp-json\/wp\/v2\/media\/37252"}],"wp:attachment":[{"href":"https:\/\/riding.zandona.net\/fr\/wp-json\/wp\/v2\/media?parent=36264"}],"wp:term":[{"taxonomy":"product_brand","embeddable":true,"href":"https:\/\/riding.zandona.net\/fr\/wp-json\/wp\/v2\/product_brand?post=36264"},{"taxonomy":"product_cat","embeddable":true,"href":"https:\/\/riding.zandona.net\/fr\/wp-json\/wp\/v2\/product_cat?post=36264"},{"taxonomy":"product_tag","embeddable":true,"href":"https:\/\/riding.zandona.net\/fr\/wp-json\/wp\/v2\/product_tag?post=36264"}],"curies":[{"name":"wp","href":"https:\/\/api.w.org\/{rel}","templated":true}]}}