{"id":38145,"date":"2026-04-08T15:17:24","date_gmt":"2026-04-08T13:17:24","guid":{"rendered":"https:\/\/riding.zandona.net\/?post_type=product&#038;p=38145"},"modified":"2026-04-08T15:52:29","modified_gmt":"2026-04-08T13:52:29","slug":"carbon-pro-strap-tendon","status":"publish","type":"product","link":"https:\/\/riding.zandona.net\/fr\/shop\/cheval\/protections-pour-les-chevaux\/guetres-pour-le-saut-dobstacles\/carbon-pro-fr\/carbon-pro-strap-tendon\/","title":{"rendered":"CARBON PRO STRAP Tendon"},"content":{"rendered":"<p>Les gu\u00eatres <strong>\u00ab\u00a0CARBON PRO STRAP tendon\u00a0\u00bb<\/strong> repr\u00e9sente l\u2019<strong>\u00e9volution<\/strong> de notre gamme la plus \u00e9tendue et la plus vendue d\u00e9di\u00e9e \u00e0 la pratique du saut d\u2019obstacles. Un <strong>design compl\u00e8tement repens\u00e9<\/strong> pour offrir au cheval des <strong>gu\u00eatres encore plus l\u00e9g\u00e8res, plus respirantes et une protection plus compl\u00e8te. <\/strong><\/p>\n<p><strong>\u00a0<\/strong><\/p>\n<p>La <strong>structure innovante, inspir\u00e9e du sport automobile et de l\u2019aviation,<\/strong> dispose de <strong>grandes prises d\u2019air strat\u00e9giquement positionn\u00e9es et, pour la premi\u00e8re fois, dispos\u00e9es \u00e0 l\u2019avant, dans le sens du mouvement du cheval.<\/strong> Gr\u00e2ce \u00e0 cela, l\u2019air canalis\u00e9 \u00e0 travers une doublure en <strong>3D Air-Mesh<\/strong> situ\u00e9e sous la coque, est r\u00e9parti dans la gu\u00eatre, avant d\u2019\u00eatre expuls\u00e9 pour les ouvertures situ\u00e9es \u00e0 l\u2019arri\u00e8re. L\u2019effet produit est comparable \u00e0 la d\u00e9pression typique g\u00e9n\u00e9r\u00e9e \u00e0 l\u2019arri\u00e8re des v\u00e9hicules\/objets en mouvement. <strong>Cette innovation majeure r\u00e9duit les effets n\u00e9fastes li\u00e9s \u00e0 l\u2019exc\u00e8s de chaleur et diminue les risques de blessures.<\/strong><\/p>\n<p><strong>\u00a0<\/strong><\/p>\n<p>Les <strong>\u00e9l\u00e9ments en fibre de carbone<\/strong>, encore <strong>plus r\u00e9sistants et \u00e9tendus<\/strong>, cr\u00e9ent une barri\u00e8re thermique pour prot\u00e9ger les articulations du cheval de la chaleur g\u00e9n\u00e9r\u00e9e par le frottement et augmenter la r\u00e9sistance aux chocs.<\/p>\n<p>&nbsp;<\/p>\n<p>Le <strong>rembourrage<\/strong> se compose d\u2019une couche ext\u00e9rieure en <strong>3D Air-Mesh<\/strong>, d\u2019une couche int\u00e9rieure en <strong>n\u00e9opr\u00e8ne perfor\u00e9<\/strong> et de <strong>Gel-Tech<\/strong> dans les zones les plus expos\u00e9es aux impacts.<\/p>\n<p>&nbsp;<\/p>\n<p>Les <strong>fermetures \u00e0 scratch<\/strong> permettent une <strong>fixation rapide<\/strong>.<\/p>\n<p>&nbsp;<\/p>\n<p>Enfin, la <strong>Flex-Zone <\/strong>continue d\u2019assurer une <strong>libert\u00e9 de mouvements maximale<\/strong> pour le membre.<\/p>\n<p>&nbsp;<\/p>\n<p><strong>Fabrication 100% Italienne <\/strong>et durable car ces gu\u00eatres sont fabriqu\u00e9es avec <strong>95% de TPU recycl\u00e9 (certifi\u00e9 PSV).<\/strong><\/p>\n<p>&nbsp;<\/p>\n<p><em>CARBON PRO, Showjumping Like a Pro.<\/em><\/p>\n<p>&nbsp;<\/p>\n<p>CARACT\u00c9RISTIQUES PRINCIPALES:<\/p>\n<p>&#8211; <strong>Insert en fibre de carbone<\/strong> pour une meilleure protection;<\/p>\n<p>&#8211; <strong>Structure anatomique<\/strong> en TPU recycl\u00e9;<\/p>\n<p>&#8211; <strong>Air-Mesh 3D + N\u00e9opr\u00e8ne perfor\u00e9<\/strong>\u00a0;<\/p>\n<p>&#8211; Rembourrage en <strong>Gel-Tech<\/strong> pour une meilleure absorption des chocs;<\/p>\n<p>&#8211; <strong>Prises d\u2019air augment\u00e9 <\/strong>pour une ventilation sup\u00e9rieure;<\/p>\n<p>&#8211; <strong>Flex-Zone <\/strong>pour une libert\u00e9 de mouvement totale<strong>;<\/strong><\/p>\n<p>&#8211; Fixation garantie par des <strong>fermetures \u00e0 scratch<\/strong>;<\/p>\n<p><strong>&#8211; 100% Made in Italy.<\/strong><\/p>\n<p>&nbsp;<\/p>\n","protected":false},"excerpt":{"rendered":"<p>Prot\u00e8ge-boulets<\/p>\n","protected":false},"featured_media":38312,"comment_status":"open","ping_status":"closed","template":"","meta":[],"product_brand":[],"product_cat":[3598,3642,3650,3542,3646],"product_tag":[],"class_list":{"0":"post-38145","1":"product","2":"type-product","3":"status-publish","4":"has-post-thumbnail","6":"product_cat-carbon-pro-fr","7":"product_cat-cheval","8":"product_cat-guetres-pour-le-saut-dobstacles","9":"product_cat-nouveau","10":"product_cat-protections-pour-les-chevaux","11":"pa_codice-intrastat-42010000-fr","12":"pa_disciplina-utilizzo-courses","13":"pa_disciplina-utilizzo-saut-dobstacles","14":"pa_disciplina-utilizzo-trekking-fr","15":"pa_giro-nodello-da-26-a-28-cm-fr","16":"pa_giro-nodello-da-29-a-30-cm-fr","17":"pa_giro-nodello-da-31-a-32-cm-fr","18":"pa_giro-nodello-da-33-a-35-cm-fr","20":"first","21":"instock","22":"taxable","23":"shipping-taxable","24":"purchasable","25":"product-type-variable"},"_links":{"self":[{"href":"https:\/\/riding.zandona.net\/fr\/wp-json\/wp\/v2\/product\/38145","targetHints":{"allow":["GET"]}}],"collection":[{"href":"https:\/\/riding.zandona.net\/fr\/wp-json\/wp\/v2\/product"}],"about":[{"href":"https:\/\/riding.zandona.net\/fr\/wp-json\/wp\/v2\/types\/product"}],"replies":[{"embeddable":true,"href":"https:\/\/riding.zandona.net\/fr\/wp-json\/wp\/v2\/comments?post=38145"}],"wp:featuredmedia":[{"embeddable":true,"href":"https:\/\/riding.zandona.net\/fr\/wp-json\/wp\/v2\/media\/38312"}],"wp:attachment":[{"href":"https:\/\/riding.zandona.net\/fr\/wp-json\/wp\/v2\/media?parent=38145"}],"wp:term":[{"taxonomy":"product_brand","embeddable":true,"href":"https:\/\/riding.zandona.net\/fr\/wp-json\/wp\/v2\/product_brand?post=38145"},{"taxonomy":"product_cat","embeddable":true,"href":"https:\/\/riding.zandona.net\/fr\/wp-json\/wp\/v2\/product_cat?post=38145"},{"taxonomy":"product_tag","embeddable":true,"href":"https:\/\/riding.zandona.net\/fr\/wp-json\/wp\/v2\/product_tag?post=38145"}],"curies":[{"name":"wp","href":"https:\/\/api.w.org\/{rel}","templated":true}]}}