{"id":38260,"date":"2026-04-08T16:07:40","date_gmt":"2026-04-08T14:07:40","guid":{"rendered":"https:\/\/riding.zandona.net\/?post_type=product&#038;p=38260"},"modified":"2026-04-09T11:10:52","modified_gmt":"2026-04-09T09:10:52","slug":"carbon-pro-young-ex-fetlock","status":"publish","type":"product","link":"https:\/\/riding.zandona.net\/fr\/shop\/cheval\/protections-pour-les-chevaux\/guetres-pour-le-saut-dobstacles\/carbon-pro-ex-fr\/carbon-pro-young-ex-fetlock\/","title":{"rendered":"CARBON PRO YOUNG eX Fetlock"},"content":{"rendered":"<p>Les prot\u00e8ge-boulets \u00ab\u00a0CARBON PRO YOUNG COMPETITION eX\u00a0fetlock \u00bb sont n\u00e9cessaire pour les chevaux qui ont tendance \u00e0 frapper la zone de leur membre oppos\u00e9 en dessous du genou ou pastorale avec leur fer. Cette <strong>Protection Suppl\u00e9mentaire<\/strong> est cr\u00e9\u00e9e gr\u00e2ce \u00e0 une <strong>extension ergonomique du \u00a0rembourrage en n\u00e9opr\u00e8ne<\/strong> et est recouverte d\u2019un film anti-usure au look carbone.<\/p>\n<p>&nbsp;<\/p>\n<p>Ces prot\u00e8ge-boulets sont pour <strong>du jeunes chevaux de sport <\/strong>et sont \u00e9galement <strong>conformes aux r\u00e8gles internationales <\/strong>pour les cat\u00e9gories de saut d&#8217;obstacles<strong> \u00ab\u00a0jeunes chevaux \u00bb<\/strong> et repr\u00e9sentent l\u2019<strong>\u00e9volution<\/strong> de notre gamme la plus \u00e9tendue et la plus vendue d\u00e9di\u00e9e \u00e0 la pratique du saut d\u2019obstacles.<\/p>\n<p>Un <strong>design compl\u00e8tement repens\u00e9<\/strong> pour offrir au cheval des <strong>gu\u00eatres encore plus l\u00e9g\u00e8res, plus respirantes et une protection plus compl\u00e8te. <\/strong><\/p>\n<p><strong>\u00a0<\/strong><\/p>\n<p>Les <strong>\u00e9l\u00e9ments en fibre de carbone<\/strong>, encore <strong>plus r\u00e9sistants et \u00e9tendus<\/strong>, cr\u00e9ent une barri\u00e8re thermique pour prot\u00e9ger les articulations du cheval de la chaleur g\u00e9n\u00e9r\u00e9e par le frottement et augmenter la r\u00e9sistance aux chocs.<\/p>\n<p>&nbsp;<\/p>\n<p>Le <strong>rembourrage<\/strong> se compose d\u2019une couche ext\u00e9rieure en <strong>3D Air-Mesh<\/strong>, d\u2019une couche int\u00e9rieure en <strong>n\u00e9opr\u00e8ne perfor\u00e9<\/strong> et de <strong>Gel-Tech<\/strong> dans les zones les plus expos\u00e9es aux impacts.<\/p>\n<p>&nbsp;<\/p>\n<p>Les <strong>nouvelles fermetures \u00e0 bouton<\/strong> ont \u00e9t\u00e9 redessin\u00e9es dans un style plus moderne et rendues plus confortables et fonctionnelles, pour <strong>une<\/strong> <strong>fixation rapide et une durabilit\u00e9 accrue.<\/strong><\/p>\n<p>&nbsp;<\/p>\n<p>Enfin, la <strong>Flex-Zone <\/strong>continue d\u2019assurer une <strong>libert\u00e9 de mouvements maximale<\/strong> pour le membre.<\/p>\n<p>&nbsp;<\/p>\n<p><strong>Fabrication 100% Italienne <\/strong>et durable car ces gu\u00eatres sont fabriqu\u00e9es avec <strong>95% de TPU recycl\u00e9 (certifi\u00e9 PSV).<\/strong><\/p>\n<p>&nbsp;<\/p>\n<p>CARACT\u00c9RISTIQUES PRINCIPALES:<\/p>\n<p>&#8211; Extension ergonomique en n\u00e9opr\u00e8ne pour<strong> Protection Suppl\u00e9mentaire\u00a0;<\/strong><\/p>\n<p>&#8211; <strong>Insert en fibre de carbone<\/strong> pour une meilleure protection;<\/p>\n<p>&#8211; <strong>Structure anatomique<\/strong> en TPU recycl\u00e9;<\/p>\n<p>&#8211; <strong>Air-Mesh 3D + N\u00e9opr\u00e8ne perfor\u00e9<\/strong>\u00a0;<\/p>\n<p>&#8211; Rembourrage en <strong>Gel-Tech<\/strong> pour une meilleure absorption des chocs;<\/p>\n<p>&#8211; <strong>Prises d\u2019air augment\u00e9 <\/strong>pour une ventilation sup\u00e9rieure;<\/p>\n<p>&#8211; <strong>Flex-Zone <\/strong>pour une libert\u00e9 de mouvement totale<strong>;<\/strong><\/p>\n<p>&#8211; Fixation garantie par des <strong>nouvelles fermetures \u00e0 bouton<\/strong>;<\/p>\n<p><strong>&#8211; 100% Made in Italy.<\/strong><\/p>\n","protected":false},"excerpt":{"rendered":"<p>Prot\u00e8ge-boulets<\/p>\n","protected":false},"featured_media":38334,"comment_status":"open","ping_status":"closed","template":"","meta":[],"product_brand":[],"product_cat":[3603,3642,3650,3646,3730],"product_tag":[],"class_list":{"0":"post-38260","1":"product","2":"type-product","3":"status-publish","4":"has-post-thumbnail","6":"product_cat-carbon-pro-ex-fr","7":"product_cat-cheval","8":"product_cat-guetres-pour-le-saut-dobstacles","9":"product_cat-protections-pour-les-chevaux","10":"product_cat-protege-boulets-conformes-fei","11":"pa_codice-intrastat-42010000-fr","12":"pa_disciplina-utilizzo-courses","13":"pa_disciplina-utilizzo-saut-dobstacles","14":"pa_disciplina-utilizzo-trekking-fr","15":"pa_giro-nodello-da-28-a-30-cm-fr","16":"pa_giro-nodello-da-31-a-32-cm-fr","17":"pa_giro-nodello-da-33-a-34-cm-fr","18":"pa_giro-nodello-da-35-a-37-cm-fr","20":"first","21":"instock","22":"taxable","23":"shipping-taxable","24":"purchasable","25":"product-type-variable"},"_links":{"self":[{"href":"https:\/\/riding.zandona.net\/fr\/wp-json\/wp\/v2\/product\/38260","targetHints":{"allow":["GET"]}}],"collection":[{"href":"https:\/\/riding.zandona.net\/fr\/wp-json\/wp\/v2\/product"}],"about":[{"href":"https:\/\/riding.zandona.net\/fr\/wp-json\/wp\/v2\/types\/product"}],"replies":[{"embeddable":true,"href":"https:\/\/riding.zandona.net\/fr\/wp-json\/wp\/v2\/comments?post=38260"}],"wp:featuredmedia":[{"embeddable":true,"href":"https:\/\/riding.zandona.net\/fr\/wp-json\/wp\/v2\/media\/38334"}],"wp:attachment":[{"href":"https:\/\/riding.zandona.net\/fr\/wp-json\/wp\/v2\/media?parent=38260"}],"wp:term":[{"taxonomy":"product_brand","embeddable":true,"href":"https:\/\/riding.zandona.net\/fr\/wp-json\/wp\/v2\/product_brand?post=38260"},{"taxonomy":"product_cat","embeddable":true,"href":"https:\/\/riding.zandona.net\/fr\/wp-json\/wp\/v2\/product_cat?post=38260"},{"taxonomy":"product_tag","embeddable":true,"href":"https:\/\/riding.zandona.net\/fr\/wp-json\/wp\/v2\/product_tag?post=38260"}],"curies":[{"name":"wp","href":"https:\/\/api.w.org\/{rel}","templated":true}]}}